{"id":8090,"date":"2025-12-18T15:38:51","date_gmt":"2025-12-18T15:38:51","guid":{"rendered":"https:\/\/terapiaativa.com.br\/?post_type=product&#038;p=8090"},"modified":"2025-12-18T15:46:04","modified_gmt":"2025-12-18T15:46:04","slug":"essencia-aromatizante-p-difusor-eletrico-via-aroma-10-ml-aroma-flor-de-cerejeira","status":"publish","type":"product","link":"https:\/\/terapiaativa.com.br\/en\/product\/essencia-aromatizante-p-difusor-eletrico-via-aroma-10-ml-aroma-flor-de-cerejeira\/","title":{"rendered":"Ess\u00eancia Aromatizante P\/ Difusor El\u00e9trico Via Aroma 10 Ml Aroma Flor de Cerejeira"},"content":{"rendered":"<p data-start=\"0\" data-end=\"42\"><strong data-start=\"0\" data-end=\"42\">Ess\u00eancias Aromatizantes Via Aroma 10ml<\/strong><\/p>\n<p data-start=\"44\" data-end=\"281\">Transforme qualquer ambiente com as Ess\u00eancias Aromatizantes Via Aroma. Cada frasco de 10ml cont\u00e9m fragr\u00e2ncias de alta qualidade, desenvolvidas para criar uma atmosfera acolhedora, perfumada e agrad\u00e1vel, promovendo bem-estar no dia a dia.<\/p>\n<p data-start=\"283\" data-end=\"534\"><strong data-start=\"283\" data-end=\"298\">Modo de uso<\/strong><br data-start=\"298\" data-end=\"301\" \/>Conecte o Aromatizador El\u00e9trico Via Aroma \u00e0 tomada e adicione aproximadamente 15 gotas da ess\u00eancia. Essa quantidade \u00e9 suficiente para aromatizar ambientes de at\u00e9 30m\u00b2 por at\u00e9 4 horas. Ajuste a dosagem conforme a intensidade desejada.<\/p>\n<p data-start=\"536\" data-end=\"735\" data-is-last-node=\"\" data-is-only-node=\"\">Ideais para salas, quartos, escrit\u00f3rios ou qualquer espa\u00e7o que mere\u00e7a um toque especial, as Ess\u00eancias Via Aroma ajudam a criar o clima perfeito para relaxar, trabalhar ou receber amigos e familiares.<\/p>\n<div class=\"relative basis-auto flex-col -mb-(--composer-overlap-px) [--composer-overlap-px:28px] grow flex\">\n<div class=\"flex flex-col text-sm pb-25\">\n<article class=\"text-token-text-primary w-full focus:outline-none [--shadow-height:45px] has-data-writing-block:pointer-events-none has-data-writing-block:-mt-(--shadow-height) has-data-writing-block:pt-(--shadow-height) [&amp;:has([data-writing-block])&gt;*]:pointer-events-auto scroll-mt-[calc(var(--header-height)+min(200px,max(70px,20svh)))]\" dir=\"auto\" tabindex=\"-1\" data-turn-id=\"request-WEB:692e4a87-624f-491f-b7fe-0c30c7607c27-6\" data-testid=\"conversation-turn-14\" data-scroll-anchor=\"false\" data-turn=\"assistant\">\n<div class=\"text-base my-auto mx-auto [--thread-content-margin:--spacing(4)] @w-sm\/main:[--thread-content-margin:--spacing(6)] @w-lg\/main:[--thread-content-margin:--spacing(16)] px-(--thread-content-margin)\">\n<div class=\"[--thread-content-max-width:40rem] @w-lg\/main:[--thread-content-max-width:48rem] mx-auto max-w-(--thread-content-max-width) flex-1 group\/turn-messages focus-visible:outline-hidden relative flex w-full min-w-0 flex-col agent-turn\" tabindex=\"-1\">\n<div class=\"flex max-w-full flex-col grow\">\n<div class=\"min-h-8 text-message relative flex w-full flex-col items-end gap-2 text-start break-words whitespace-normal [.text-message+&amp;]:mt-1\" dir=\"auto\" data-message-author-role=\"assistant\" data-message-id=\"062d28a4-223d-40fa-816a-524575e53e26\" data-message-model-slug=\"gpt-5-2\">\n<div class=\"flex w-full flex-col gap-1 empty:hidden first:pt-[1px]\">\n<div class=\"markdown prose dark:prose-invert w-full break-words light markdown-new-styling\">\n<p data-start=\"1185\" data-end=\"1430\"><strong data-start=\"1185\" data-end=\"1197\">Cuidados<\/strong><br data-start=\"1197\" data-end=\"1200\" \/>Uso externo. N\u00e3o ingerir. Evite contato prolongado com a pele.<br data-start=\"1262\" data-end=\"1265\" \/>Manter fora do alcance de crian\u00e7as e animais.<br data-start=\"1310\" data-end=\"1313\" \/>Produto inflam\u00e1vel: mantenha longe do fogo e superf\u00edcies aquecidas.<br data-start=\"1380\" data-end=\"1383\" \/>Armazene em local ventilado e protegido da luz.<\/p>\n<p data-start=\"1432\" data-end=\"1590\"><strong data-start=\"1432\" data-end=\"1446\">Composi\u00e7\u00e3o<\/strong><br data-start=\"1446\" data-end=\"1449\" \/>Fragr\u00e2ncia. Volumetria: 10 ml.<br data-start=\"1479\" data-end=\"1482\" \/>Embalagem: frasco de vidro \u00e2mbar com r\u00f3tulo colorido, gotejador e tampa pl\u00e1stica.<br data-start=\"1563\" data-end=\"1566\" \/>Dimens\u00f5es: 7 x 3 x 3 cm.<\/p>\n<p data-start=\"1432\" data-end=\"1590\"><strong>Escolha a Ess\u00eancia Flor de Cerejeira Via Aroma e transforme seu ambiente com frescor, eleg\u00e2ncia e bem-estar.<\/strong><\/p>\n<\/div>\n<\/div>\n<\/div>\n<\/div>\n<\/div>\n<\/div>\n<\/article>\n<\/div>\n<\/div>\n","protected":false},"excerpt":{"rendered":"<p data-start=\"44\" data-end=\"281\">Transforme qualquer ambiente com a <strong>Ess\u00eancia Aromatizante Flor de Cerejeira Via Aroma<\/strong>. Cada frasco de 10ml cont\u00e9m fragr\u00e2ncias de alta qualidade, desenvolvidas para criar uma atmosfera acolhedora, perfumada e agrad\u00e1vel, promovendo bem-estar no dia a dia. V<strong>enha conhe\u00e7er agora mesmo!<\/strong><\/p>","protected":false},"featured_media":8088,"comment_status":"open","ping_status":"closed","template":"","meta":{"_joinchat":[]},"product_brand":[241],"product_cat":[240,172,176,209],"product_tag":[242,249,248,263,278,247],"class_list":{"0":"post-8090","1":"product","2":"type-product","3":"status-publish","4":"has-post-thumbnail","6":"product_brand-via-aroma","7":"product_cat-aromaterapia","8":"product_cat-lacamentos","9":"product_cat-massagens","10":"product_cat-spa","11":"product_tag-aromaterapia","12":"product_tag-aromatizador","13":"product_tag-difusor-de-ar","14":"product_tag-essencia","15":"product_tag-flor-de-cerejeira","16":"product_tag-via-aroma","18":"first","19":"instock","20":"shipping-taxable","21":"purchasable","22":"product-type-simple"},"jetpack_sharing_enabled":true,"_links":{"self":[{"href":"https:\/\/terapiaativa.com.br\/en\/wp-json\/wp\/v2\/product\/8090","targetHints":{"allow":["GET"]}}],"collection":[{"href":"https:\/\/terapiaativa.com.br\/en\/wp-json\/wp\/v2\/product"}],"about":[{"href":"https:\/\/terapiaativa.com.br\/en\/wp-json\/wp\/v2\/types\/product"}],"replies":[{"embeddable":true,"href":"https:\/\/terapiaativa.com.br\/en\/wp-json\/wp\/v2\/comments?post=8090"}],"wp:featuredmedia":[{"embeddable":true,"href":"https:\/\/terapiaativa.com.br\/en\/wp-json\/wp\/v2\/media\/8088"}],"wp:attachment":[{"href":"https:\/\/terapiaativa.com.br\/en\/wp-json\/wp\/v2\/media?parent=8090"}],"wp:term":[{"taxonomy":"product_brand","embeddable":true,"href":"https:\/\/terapiaativa.com.br\/en\/wp-json\/wp\/v2\/product_brand?post=8090"},{"taxonomy":"product_cat","embeddable":true,"href":"https:\/\/terapiaativa.com.br\/en\/wp-json\/wp\/v2\/product_cat?post=8090"},{"taxonomy":"product_tag","embeddable":true,"href":"https:\/\/terapiaativa.com.br\/en\/wp-json\/wp\/v2\/product_tag?post=8090"}],"curies":[{"name":"wp","href":"https:\/\/api.w.org\/{rel}","templated":true}]}}