{"id":8078,"date":"2025-12-17T22:12:37","date_gmt":"2025-12-17T22:12:37","guid":{"rendered":"https:\/\/terapiaativa.com.br\/?post_type=product&#038;p=8078"},"modified":"2025-12-17T22:12:38","modified_gmt":"2025-12-17T22:12:38","slug":"essencia-aromatizante-p-difusor-eletrico-via-aroma-10-ml-aroma-capim-limao","status":"publish","type":"product","link":"https:\/\/terapiaativa.com.br\/en\/product\/essencia-aromatizante-p-difusor-eletrico-via-aroma-10-ml-aroma-capim-limao\/","title":{"rendered":"Ess\u00eancia Aromatizante P\/ Difusor El\u00e9trico Via Aroma 10 Ml Aroma Capim Lim\u00e3o"},"content":{"rendered":"<p data-start=\"0\" data-end=\"476\">As Ess\u00eancias Via Aroma oferecem uma experi\u00eancia arom\u00e1tica completa, com mais de 50 fragr\u00e2ncias distribu\u00eddas em sete fam\u00edlias olfativas. Cada frasco de 10ml \u00e9 acondicionado em vidro \u00e2mbar, que protege o conte\u00fado e preserva a intensidade do aroma. Os r\u00f3tulos possuem cores e estampas espec\u00edficas para facilitar a identifica\u00e7\u00e3o de cada fragr\u00e2ncia. Desenvolvidas para uso em aromatizadores el\u00e9tricos, s\u00e3o ideais para perfumar ambientes com praticidade e qualidade.<\/p>\n<p data-start=\"478\" data-end=\"494\"><strong data-start=\"478\" data-end=\"492\">Benef\u00edcios<\/strong><\/p>\n<ul data-start=\"495\" data-end=\"816\">\n<li data-start=\"495\" data-end=\"565\">\n<p data-start=\"497\" data-end=\"565\">Ampla variedade de aromas para diferentes prefer\u00eancias e ambientes<\/p>\n<\/li>\n<li data-start=\"566\" data-end=\"628\">\n<p data-start=\"568\" data-end=\"628\">Frasco em vidro \u00e2mbar que mant\u00e9m a qualidade da fragr\u00e2ncia<\/p>\n<\/li>\n<li data-start=\"629\" data-end=\"667\">\n<p data-start=\"631\" data-end=\"667\">Aromatiza\u00e7\u00e3o eficiente e duradoura<\/p>\n<\/li>\n<li data-start=\"668\" data-end=\"740\">\n<p data-start=\"670\" data-end=\"740\">Ideal para criar ambientes mais acolhedores, agrad\u00e1veis e perfumados<\/p>\n<\/li>\n<li data-start=\"741\" data-end=\"816\">\n<p data-start=\"743\" data-end=\"816\">Excelente custo-benef\u00edcio, com qualidade reconhecida da marca Via Aroma<\/p>\n<\/li>\n<\/ul>\n<p data-start=\"818\" data-end=\"1067\"><strong data-start=\"818\" data-end=\"834\">Modo de usar<\/strong><br data-start=\"834\" data-end=\"837\" \/>Pingue aproximadamente 15 gotas da ess\u00eancia no reservat\u00f3rio do aromatizador el\u00e9trico Via Aroma. Essa quantidade proporciona at\u00e9 4 horas de aromatiza\u00e7\u00e3o em ambientes de at\u00e9 30m\u00b2. Ajuste a quantidade conforme a intensidade desejada.<\/p>\n<p data-start=\"1069\" data-end=\"1164\" data-is-last-node=\"\" data-is-only-node=\"\"><br data-start=\"1076\" data-end=\"1079\" \/><strong>Escolha sua fragr\u00e2ncia favorita e transforme seu ambiente com as Ess\u00eancias Via Aroma.<\/strong><\/p>","protected":false},"excerpt":{"rendered":"<p data-start=\"0\" data-end=\"476\">As <strong>Ess\u00eancias Via Aroma<\/strong> oferecem uma experi\u00eancia arom\u00e1tica completa, com mais de 50 fragr\u00e2ncias distribu\u00eddas em sete fam\u00edlias olfativas. Cada frasco de 10ml \u00e9 acondicionado em vidro \u00e2mbar, que protege o conte\u00fado e preserva a intensidade do aroma.\u00a0 <strong>Aproveite agora mesmo!<\/strong><\/p>","protected":false},"featured_media":8079,"comment_status":"open","ping_status":"closed","template":"","meta":{"_joinchat":[]},"product_brand":[241],"product_cat":[240,172,209],"product_tag":[242,249,274,275,263,247],"class_list":{"0":"post-8078","1":"product","2":"type-product","3":"status-publish","4":"has-post-thumbnail","6":"product_brand-via-aroma","7":"product_cat-aromaterapia","8":"product_cat-lacamentos","9":"product_cat-spa","10":"product_tag-aromaterapia","11":"product_tag-aromatizador","12":"product_tag-aromatizante","13":"product_tag-capim-limao","14":"product_tag-essencia","15":"product_tag-via-aroma","17":"first","18":"instock","19":"shipping-taxable","20":"purchasable","21":"product-type-simple"},"jetpack_sharing_enabled":true,"_links":{"self":[{"href":"https:\/\/terapiaativa.com.br\/en\/wp-json\/wp\/v2\/product\/8078","targetHints":{"allow":["GET"]}}],"collection":[{"href":"https:\/\/terapiaativa.com.br\/en\/wp-json\/wp\/v2\/product"}],"about":[{"href":"https:\/\/terapiaativa.com.br\/en\/wp-json\/wp\/v2\/types\/product"}],"replies":[{"embeddable":true,"href":"https:\/\/terapiaativa.com.br\/en\/wp-json\/wp\/v2\/comments?post=8078"}],"wp:featuredmedia":[{"embeddable":true,"href":"https:\/\/terapiaativa.com.br\/en\/wp-json\/wp\/v2\/media\/8079"}],"wp:attachment":[{"href":"https:\/\/terapiaativa.com.br\/en\/wp-json\/wp\/v2\/media?parent=8078"}],"wp:term":[{"taxonomy":"product_brand","embeddable":true,"href":"https:\/\/terapiaativa.com.br\/en\/wp-json\/wp\/v2\/product_brand?post=8078"},{"taxonomy":"product_cat","embeddable":true,"href":"https:\/\/terapiaativa.com.br\/en\/wp-json\/wp\/v2\/product_cat?post=8078"},{"taxonomy":"product_tag","embeddable":true,"href":"https:\/\/terapiaativa.com.br\/en\/wp-json\/wp\/v2\/product_tag?post=8078"}],"curies":[{"name":"wp","href":"https:\/\/api.w.org\/{rel}","templated":true}]}}