{"id":8065,"date":"2025-12-16T23:08:30","date_gmt":"2025-12-16T23:08:30","guid":{"rendered":"https:\/\/terapiaativa.com.br\/?post_type=product&#038;p=8065"},"modified":"2025-12-22T13:07:06","modified_gmt":"2025-12-22T13:07:06","slug":"essencia-10ml-classica-bamboo-via-aroma","status":"publish","type":"product","link":"https:\/\/terapiaativa.com.br\/en\/product\/essencia-10ml-classica-bamboo-via-aroma\/","title":{"rendered":"Ess\u00eancia 10ml Cl\u00e1ssica Bamboo Via Aroma"},"content":{"rendered":"<p data-start=\"0\" data-end=\"46\"><strong data-start=\"0\" data-end=\"46\">Ess\u00eancia Bamboo Via Aroma \u2013 Linha Cl\u00e1ssica<\/strong><\/p>\n<p data-start=\"48\" data-end=\"337\">Inspirada na for\u00e7a e leveza do bambu, essa ess\u00eancia possui um aroma <strong data-start=\"116\" data-end=\"156\">fresco, verde e levemente amadeirado<\/strong>, ideal para criar um ambiente de tranquilidade, equil\u00edbrio e bem-estar. Seu perfume sofisticado auxilia no relaxamento da mente e do corpo, deixando o espa\u00e7o mais leve e acolhedor.<\/p>\n<h3 data-start=\"339\" data-end=\"353\">Benef\u00edcios<\/h3>\n<ul data-start=\"354\" data-end=\"541\">\n<li data-start=\"354\" data-end=\"396\">\n<p data-start=\"356\" data-end=\"396\">Aroma calmante que promove relaxamento<\/p>\n<\/li>\n<li data-start=\"397\" data-end=\"446\">\n<p data-start=\"399\" data-end=\"446\">Sensa\u00e7\u00e3o de equil\u00edbrio e harmonia no ambiente<\/p>\n<\/li>\n<li data-start=\"447\" data-end=\"482\">\n<p data-start=\"449\" data-end=\"482\">Fragr\u00e2ncia fresca e sofisticada<\/p>\n<\/li>\n<li data-start=\"483\" data-end=\"541\">\n<p data-start=\"485\" data-end=\"541\">Ideal para uso em ambientes residenciais e de descanso<\/p>\n<\/li>\n<\/ul>\n<h3 data-start=\"543\" data-end=\"559\">Modo de usar<\/h3>\n<p data-start=\"560\" data-end=\"824\">No <strong data-start=\"563\" data-end=\"598\">Aromatizador El\u00e9trico Via Aroma<\/strong>, adicione <strong data-start=\"609\" data-end=\"633\">15 gotas da ess\u00eancia<\/strong>, ajuste o plug conforme a tomada e aproveite o aroma.<br data-start=\"687\" data-end=\"690\" \/>No <strong data-start=\"693\" data-end=\"732\">Aromatizador El\u00e9trico USB Via Aroma<\/strong>, adicione <strong data-start=\"743\" data-end=\"755\">15 gotas<\/strong>, conecte ao dispositivo desejado e curta o seu momento de bem-estar.<\/p>\n<p data-start=\"826\" data-end=\"907\" data-is-last-node=\"\" data-is-only-node=\"\">Perfeita para quem deseja <strong data-start=\"852\" data-end=\"893\">sofistica\u00e7\u00e3o, frescor e tranquilidade<\/strong> no dia a dia.<\/p>","protected":false},"excerpt":{"rendered":"<div class=\"text-base my-auto mx-auto pb-10 [--thread-content-margin:--spacing(4)] @w-sm\/main:[--thread-content-margin:--spacing(6)] @w-lg\/main:[--thread-content-margin:--spacing(16)] px-(--thread-content-margin)\">\n<div class=\"[--thread-content-max-width:40rem] @w-lg\/main:[--thread-content-max-width:48rem] mx-auto max-w-(--thread-content-max-width) flex-1 group\/turn-messages focus-visible:outline-hidden relative flex w-full min-w-0 flex-col agent-turn\" tabindex=\"-1\">\n<div class=\"flex max-w-full flex-col grow\">\n<div class=\"min-h-8 text-message relative flex w-full flex-col items-end gap-2 text-start break-words whitespace-normal [.text-message+&amp;]:mt-1\" dir=\"auto\" data-message-author-role=\"assistant\" data-message-id=\"47e4a4b7-1db5-4968-9fba-c9a4e8c8691b\" data-message-model-slug=\"gpt-5-2\">\n<div class=\"flex w-full flex-col gap-1 empty:hidden first:pt-[1px]\">\n<div class=\"markdown prose dark:prose-invert w-full break-words light markdown-new-styling\">\n<p data-start=\"0\" data-end=\"46\"><strong data-start=\"0\" data-end=\"46\">Ess\u00eancia Bamboo Via Aroma \u2013 Linha Cl\u00e1ssica<\/strong><\/p>\n<p data-start=\"48\" data-end=\"256\">Aroma fresco e levemente amadeirado, com notas de bergamota, jasmim, cedro e fundo de musk e \u00e2mbar. Proporciona <strong data-start=\"160\" data-end=\"208\">sensa\u00e7\u00e3o de calma, equil\u00edbrio e sofistica\u00e7\u00e3o<\/strong>, ideal para criar um ambiente leve e acolhedor.<\/p>\n<p data-start=\"258\" data-end=\"335\" data-is-last-node=\"\" data-is-only-node=\"\"><strong data-start=\"258\" data-end=\"335\" data-is-last-node=\"\">Transforme seu espa\u00e7o com tranquilidade e eleg\u00e2ncia. Garanta a sua agora!<\/strong><\/p>\n<\/div>\n<\/div>\n<\/div>\n<\/div>\n<\/div>\n<\/div>\n","protected":false},"featured_media":8066,"comment_status":"open","ping_status":"closed","template":"","meta":{"_joinchat":[]},"product_brand":[241],"product_cat":[240,172],"product_tag":[242,264,263,265,247],"class_list":{"0":"post-8065","1":"product","2":"type-product","3":"status-publish","4":"has-post-thumbnail","6":"product_brand-via-aroma","7":"product_cat-aromaterapia","8":"product_cat-lacamentos","9":"product_tag-aromaterapia","10":"product_tag-bamboo","11":"product_tag-essencia","12":"product_tag-linha-classica","13":"product_tag-via-aroma","15":"first","16":"instock","17":"shipping-taxable","18":"purchasable","19":"product-type-simple"},"jetpack_sharing_enabled":true,"_links":{"self":[{"href":"https:\/\/terapiaativa.com.br\/en\/wp-json\/wp\/v2\/product\/8065","targetHints":{"allow":["GET"]}}],"collection":[{"href":"https:\/\/terapiaativa.com.br\/en\/wp-json\/wp\/v2\/product"}],"about":[{"href":"https:\/\/terapiaativa.com.br\/en\/wp-json\/wp\/v2\/types\/product"}],"replies":[{"embeddable":true,"href":"https:\/\/terapiaativa.com.br\/en\/wp-json\/wp\/v2\/comments?post=8065"}],"wp:featuredmedia":[{"embeddable":true,"href":"https:\/\/terapiaativa.com.br\/en\/wp-json\/wp\/v2\/media\/8066"}],"wp:attachment":[{"href":"https:\/\/terapiaativa.com.br\/en\/wp-json\/wp\/v2\/media?parent=8065"}],"wp:term":[{"taxonomy":"product_brand","embeddable":true,"href":"https:\/\/terapiaativa.com.br\/en\/wp-json\/wp\/v2\/product_brand?post=8065"},{"taxonomy":"product_cat","embeddable":true,"href":"https:\/\/terapiaativa.com.br\/en\/wp-json\/wp\/v2\/product_cat?post=8065"},{"taxonomy":"product_tag","embeddable":true,"href":"https:\/\/terapiaativa.com.br\/en\/wp-json\/wp\/v2\/product_tag?post=8065"}],"curies":[{"name":"wp","href":"https:\/\/api.w.org\/{rel}","templated":true}]}}