{"id":8061,"date":"2025-12-16T22:33:27","date_gmt":"2025-12-16T22:33:27","guid":{"rendered":"https:\/\/terapiaativa.com.br\/?post_type=product&#038;p=8061"},"modified":"2025-12-16T22:33:27","modified_gmt":"2025-12-16T22:33:27","slug":"essencia-baby-caszulo-10ml-via-aroma","status":"publish","type":"product","link":"https:\/\/terapiaativa.com.br\/en\/product\/essencia-baby-caszulo-10ml-via-aroma\/","title":{"rendered":"Ess\u00eancia Baby Caszulo &#8211; 10ml via aroma"},"content":{"rendered":"<p data-start=\"0\" data-end=\"35\"><strong data-start=\"0\" data-end=\"35\">Ess\u00eancia Caszulo Baby Via Aroma<\/strong><\/p>\n<p data-start=\"37\" data-end=\"219\">A Ess\u00eancia Caszulo \u00e9 pr\u00e1tica, intensa e de longa dura\u00e7\u00e3o, ideal para uso em difusores el\u00e9tricos. Perfuma o ambiente de forma envolvente, deixando o lar mais aconchegante e acolhedor.<\/p>\n<p data-start=\"221\" data-end=\"486\">A fragr\u00e2ncia <strong data-start=\"234\" data-end=\"242\">Baby<\/strong> \u00e9 delicada e suave, combinando notas de <strong data-start=\"283\" data-end=\"314\">baunilha, s\u00e2ndalo e lavanda<\/strong>, que transmitem sensa\u00e7\u00e3o de conforto, tranquilidade e bem-estar. Perfeita para criar um ambiente leve, sereno e harmonioso, especialmente em quartos e espa\u00e7os de descanso.<\/p>\n<h3 data-start=\"488\" data-end=\"502\">Benef\u00edcios<\/h3>\n<ul data-start=\"503\" data-end=\"698\">\n<li data-start=\"503\" data-end=\"533\">\n<p data-start=\"505\" data-end=\"533\">Aroma delicado e acolhedor<\/p>\n<\/li>\n<li data-start=\"534\" data-end=\"585\">\n<p data-start=\"536\" data-end=\"585\">Perfuma o ambiente de forma intensa e duradoura<\/p>\n<\/li>\n<li data-start=\"586\" data-end=\"634\">\n<p data-start=\"588\" data-end=\"634\">Proporciona sensa\u00e7\u00e3o de conforto e suavidade<\/p>\n<\/li>\n<li data-start=\"635\" data-end=\"698\">\n<p data-start=\"637\" data-end=\"698\">Ideal para ambientes residenciais e momentos de relaxamento<\/p>\n<\/li>\n<\/ul>\n<h3 data-start=\"700\" data-end=\"715\">Modo de Uso<\/h3>\n<p data-start=\"716\" data-end=\"916\">Conecte o <strong data-start=\"726\" data-end=\"761\">Aromatizador El\u00e9trico Via Aroma<\/strong> na tomada e adicione <strong data-start=\"783\" data-end=\"807\">15 gotas da ess\u00eancia<\/strong>. Essa quantidade \u00e9 suficiente para aromatizar um ambiente m\u00e9dio de at\u00e9 <strong data-start=\"879\" data-end=\"915\">30m\u00b2 por aproximadamente 4 horas<\/strong>.<\/p>\n<p data-start=\"918\" data-end=\"1004\" data-is-last-node=\"\" data-is-only-node=\"\">Produto ideal para quem busca <strong data-start=\"948\" data-end=\"1003\">conforto, acolhimento e um aroma suave no dia a dia<\/strong>.<\/p>","protected":false},"excerpt":{"rendered":"<p data-start=\"0\" data-end=\"185\">Ess\u00eancia Caszulo Baby Via Aroma<br data-start=\"31\" data-end=\"34\" \/>Aroma delicado e acolhedor com notas de baunilha, s\u00e2ndalo e lavanda, ideal para deixar o ambiente perfumado, confort\u00e1vel e aconchegante por mais tempo.<\/p>\n<p data-start=\"187\" data-end=\"262\" data-is-last-node=\"\" data-is-only-node=\"\"><strong data-start=\"187\" data-end=\"262\" data-is-last-node=\"\">Crie um clima de suavidade e bem-estar no seu lar. Garanta a sua agora!<\/strong><\/p>","protected":false},"featured_media":8062,"comment_status":"open","ping_status":"closed","template":"","meta":{"_joinchat":[]},"product_brand":[241],"product_cat":[240,172],"product_tag":[242,261,262,260,231,247],"class_list":{"0":"post-8061","1":"product","2":"type-product","3":"status-publish","4":"has-post-thumbnail","6":"product_brand-via-aroma","7":"product_cat-aromaterapia","8":"product_cat-lacamentos","9":"product_tag-aromaterapia","10":"product_tag-caszulo-baby","11":"product_tag-fragancia","12":"product_tag-oferta","13":"product_tag-oleo-essencial","14":"product_tag-via-aroma","16":"first","17":"instock","18":"sale","19":"shipping-taxable","20":"purchasable","21":"product-type-simple"},"jetpack_sharing_enabled":true,"_links":{"self":[{"href":"https:\/\/terapiaativa.com.br\/en\/wp-json\/wp\/v2\/product\/8061","targetHints":{"allow":["GET"]}}],"collection":[{"href":"https:\/\/terapiaativa.com.br\/en\/wp-json\/wp\/v2\/product"}],"about":[{"href":"https:\/\/terapiaativa.com.br\/en\/wp-json\/wp\/v2\/types\/product"}],"replies":[{"embeddable":true,"href":"https:\/\/terapiaativa.com.br\/en\/wp-json\/wp\/v2\/comments?post=8061"}],"wp:featuredmedia":[{"embeddable":true,"href":"https:\/\/terapiaativa.com.br\/en\/wp-json\/wp\/v2\/media\/8062"}],"wp:attachment":[{"href":"https:\/\/terapiaativa.com.br\/en\/wp-json\/wp\/v2\/media?parent=8061"}],"wp:term":[{"taxonomy":"product_brand","embeddable":true,"href":"https:\/\/terapiaativa.com.br\/en\/wp-json\/wp\/v2\/product_brand?post=8061"},{"taxonomy":"product_cat","embeddable":true,"href":"https:\/\/terapiaativa.com.br\/en\/wp-json\/wp\/v2\/product_cat?post=8061"},{"taxonomy":"product_tag","embeddable":true,"href":"https:\/\/terapiaativa.com.br\/en\/wp-json\/wp\/v2\/product_tag?post=8061"}],"curies":[{"name":"wp","href":"https:\/\/api.w.org\/{rel}","templated":true}]}}