{"id":8044,"date":"2025-12-16T19:59:20","date_gmt":"2025-12-16T19:59:20","guid":{"rendered":"https:\/\/terapiaativa.com.br\/?post_type=product&#038;p=8044"},"modified":"2025-12-16T20:00:45","modified_gmt":"2025-12-16T20:00:45","slug":"difusor-aromatizador-eletrico-bivolt-standard-via-aroma","status":"publish","type":"product","link":"https:\/\/terapiaativa.com.br\/en\/product\/difusor-aromatizador-eletrico-bivolt-standard-via-aroma\/","title":{"rendered":"Difusor de ar Aromatizador El\u00e9trico Bivolt Standard &#8211; Via Aroma"},"content":{"rendered":"<h3 class=\"a-spacing-mini\">Aromatizador Standard Via Aroma<\/h3>\n<p>Mais economia e qualidade para aromatizar seus ambientes. O Difusor Aromatizador El\u00e9trico Bivolt Standard Via Aroma \u00e9 a op\u00e7\u00e3o ideal para quem busca praticidade, seguran\u00e7a e efici\u00eancia na difus\u00e3o de ess\u00eancias e \u00f3leos essenciais.<\/p>\n<p>&nbsp;<\/p>\n<ul class=\"a-unordered-list a-vertical\">\n<li><span class=\"a-list-item\">Alta qualidade \u2013 Fabricado em pl\u00e1stico com pol\u00edmeros industriais, o mesmo material utilizado na ind\u00fastria automotiva e m\u00e9dica, garantindo que o \u00f3leo essencial ou ess\u00eancia n\u00e3o seja contaminado.<\/span><\/li>\n<li><span class=\"a-list-item\">F\u00e1cil de usar \u2013 Basta ajustar a rota\u00e7\u00e3o do plug e conectar \u00e0 tomada.<\/span><\/li>\n<li><span class=\"a-list-item\">Ampla cobertura \u2013 Aromatiza ambientes de at\u00e9 30m\u00b2 por at\u00e9 4 horas.<\/span><\/li>\n<\/ul>\n<p>&nbsp;<\/p>\n<p><strong>Modo de uso:<\/strong><\/p>\n<p>&nbsp;<\/p>\n<ul class=\"a-unordered-list a-vertical\">\n<li><span class=\"a-list-item\">Com Ess\u00eancias: adicione 15 gotas da sua ess\u00eancia favorita e aproveite um ambiente perfumado.<\/span><\/li>\n<li><span class=\"a-list-item\">Com \u00d3leos Essenciais: misture 5 gotas do \u00f3leo essencial escolhido com 10 gotas de \u00e1gua (opcional) para uma difus\u00e3o ambiental segura e equilibrada.<\/span><\/li>\n<\/ul>\n<p>&nbsp;<\/p>\n<p>&#8211; Material: pl\u00e1stico<\/p>\n<p>&#8211; Cor: branca<\/p>\n<p>&#8211; Tens\u00e3o: 127-220V<\/p>\n<p>&#8211; Pot\u00eancia: 5W\/h<\/p>\n<p>&#8211; Dimens\u00f5es: 7x5cm<\/p>","protected":false},"excerpt":{"rendered":"<p data-start=\"0\" data-end=\"302\">Aromatizador Via Aroma Standard<br data-start=\"31\" data-end=\"34\" \/>Perfeito para perfumar e harmonizar ambientes, o aromatizador Via Aroma Standard ajuda a criar uma atmosfera mais acolhedora, relaxante e equilibrada. Compat\u00edvel com \u00f3leos essenciais e ess\u00eancias, \u00e9 ideal para momentos de bem-estar, descanso e autocuidado no dia a dia.<\/p>\n<p data-start=\"304\" data-end=\"379\" data-is-last-node=\"\" data-is-only-node=\"\"><strong data-start=\"304\" data-end=\"379\" data-is-last-node=\"\">Transforme seu ambiente com mais conforto e aroma. Garanta o seu agora!<\/strong><\/p>","protected":false},"featured_media":8045,"comment_status":"open","ping_status":"closed","template":"","meta":{"_joinchat":[]},"product_brand":[241],"product_cat":[240,172],"product_tag":[242,249,248,254,253],"class_list":{"0":"post-8044","1":"product","2":"type-product","3":"status-publish","4":"has-post-thumbnail","6":"product_brand-via-aroma","7":"product_cat-aromaterapia","8":"product_cat-lacamentos","9":"product_tag-aromaterapia","10":"product_tag-aromatizador","11":"product_tag-difusor-de-ar","12":"product_tag-stardand","13":"product_tag-vai-aroma","15":"first","16":"instock","17":"shipping-taxable","18":"purchasable","19":"product-type-simple"},"jetpack_sharing_enabled":true,"_links":{"self":[{"href":"https:\/\/terapiaativa.com.br\/en\/wp-json\/wp\/v2\/product\/8044","targetHints":{"allow":["GET"]}}],"collection":[{"href":"https:\/\/terapiaativa.com.br\/en\/wp-json\/wp\/v2\/product"}],"about":[{"href":"https:\/\/terapiaativa.com.br\/en\/wp-json\/wp\/v2\/types\/product"}],"replies":[{"embeddable":true,"href":"https:\/\/terapiaativa.com.br\/en\/wp-json\/wp\/v2\/comments?post=8044"}],"wp:featuredmedia":[{"embeddable":true,"href":"https:\/\/terapiaativa.com.br\/en\/wp-json\/wp\/v2\/media\/8045"}],"wp:attachment":[{"href":"https:\/\/terapiaativa.com.br\/en\/wp-json\/wp\/v2\/media?parent=8044"}],"wp:term":[{"taxonomy":"product_brand","embeddable":true,"href":"https:\/\/terapiaativa.com.br\/en\/wp-json\/wp\/v2\/product_brand?post=8044"},{"taxonomy":"product_cat","embeddable":true,"href":"https:\/\/terapiaativa.com.br\/en\/wp-json\/wp\/v2\/product_cat?post=8044"},{"taxonomy":"product_tag","embeddable":true,"href":"https:\/\/terapiaativa.com.br\/en\/wp-json\/wp\/v2\/product_tag?post=8044"}],"curies":[{"name":"wp","href":"https:\/\/api.w.org\/{rel}","templated":true}]}}