{"id":8038,"date":"2025-12-16T19:08:39","date_gmt":"2025-12-16T19:08:39","guid":{"rendered":"https:\/\/terapiaativa.com.br\/?post_type=product&#038;p=8038"},"modified":"2025-12-22T13:07:38","modified_gmt":"2025-12-22T13:07:38","slug":"difusor-aromatizador-eletrico-de-porcelana-bivolt-original-via-aroma","status":"publish","type":"product","link":"https:\/\/terapiaativa.com.br\/en\/product\/difusor-aromatizador-eletrico-de-porcelana-bivolt-original-via-aroma\/","title":{"rendered":"Difusor Aromatizador El\u00e9trico de Porcelana Bivolt Original &#8211; Via Aroma"},"content":{"rendered":"<h4 class=\"a-spacing-mini\">Aromatizador El\u00e9trico Original Via Aroma<\/h4>\n<p class=\"a-spacing-base\">O Aromatizador El\u00e9trico Original \u00e9 um aparelho feito de porcelana desenvolvido e fabricado pela Via Aroma, que viabiliza o uso de de ess\u00eancias e \u00f3leos essenciais com praticidade, economia e seguran\u00e7a. Certificado pelo Inmetro, o aparelho \u00e9 seguro e n\u00e3o apresenta riscos em sua perman\u00eancia na tomada.<\/p>\n<p class=\"a-spacing-base\"><strong>MODO DE USO:<\/strong> Ao plugar o aparelho na tomada, deve-se adicionar 15 gotas de ess\u00eancia arom\u00e1tica ou \u00f3leo essencial Via Aroma para que o ambiente (m\u00e9dio de 30m\u00b2) mantenha-se aromatizado por at\u00e9 4 horas.<\/p>\n<p class=\"a-spacing-base\"><strong>ORIENTA\u00c7\u00d5ES:<\/strong> Para realizar a higieniza\u00e7\u00e3o do seu Aromatizador El\u00e9trico Via Aroma \u00e9 simples: ap\u00f3s cada uso, retire o aparelho da tomada e utilize papel toalha ou pano \u00famido para limpar o excesso, feito isso estar\u00e1 pronto para o uso de uma nova ess\u00eancia.<\/p>\n<p>&nbsp;<\/p>\n<p>&#8211; Material: pl\u00e1stico<\/p>\n<p>&#8211; Cor: branca<\/p>\n<p>&#8211; Tens\u00e3o: 127-220V<\/p>\n<p>&#8211; Pot\u00eancia: 5W\/h<\/p>\n<p>&#8211; Dimens\u00f5es: 7x5cm<\/p>","protected":false},"excerpt":{"rendered":"<p>Perfume seu ambiente com praticidade e eleg\u00e2ncia! O Aromatizador El\u00e9trico Via Aroma \u00e9 ideal para quem deseja manter a casa, escrit\u00f3rio ou loja sempre cheirosos com seguran\u00e7a e economia. <strong>APROVEITE AGORA MESMO!<\/strong><\/p>","protected":false},"featured_media":8040,"comment_status":"open","ping_status":"closed","template":"","meta":{"_joinchat":[]},"product_brand":[241],"product_cat":[240,172],"product_tag":[242,249,248,251,252,247],"class_list":{"0":"post-8038","1":"product","2":"type-product","3":"status-publish","4":"has-post-thumbnail","6":"product_brand-via-aroma","7":"product_cat-aromaterapia","8":"product_cat-lacamentos","9":"product_tag-aromaterapia","10":"product_tag-aromatizador","11":"product_tag-difusor-de-ar","12":"product_tag-original","13":"product_tag-porcelena","14":"product_tag-via-aroma","16":"first","17":"instock","18":"shipping-taxable","19":"purchasable","20":"product-type-simple"},"jetpack_sharing_enabled":true,"_links":{"self":[{"href":"https:\/\/terapiaativa.com.br\/en\/wp-json\/wp\/v2\/product\/8038","targetHints":{"allow":["GET"]}}],"collection":[{"href":"https:\/\/terapiaativa.com.br\/en\/wp-json\/wp\/v2\/product"}],"about":[{"href":"https:\/\/terapiaativa.com.br\/en\/wp-json\/wp\/v2\/types\/product"}],"replies":[{"embeddable":true,"href":"https:\/\/terapiaativa.com.br\/en\/wp-json\/wp\/v2\/comments?post=8038"}],"wp:featuredmedia":[{"embeddable":true,"href":"https:\/\/terapiaativa.com.br\/en\/wp-json\/wp\/v2\/media\/8040"}],"wp:attachment":[{"href":"https:\/\/terapiaativa.com.br\/en\/wp-json\/wp\/v2\/media?parent=8038"}],"wp:term":[{"taxonomy":"product_brand","embeddable":true,"href":"https:\/\/terapiaativa.com.br\/en\/wp-json\/wp\/v2\/product_brand?post=8038"},{"taxonomy":"product_cat","embeddable":true,"href":"https:\/\/terapiaativa.com.br\/en\/wp-json\/wp\/v2\/product_cat?post=8038"},{"taxonomy":"product_tag","embeddable":true,"href":"https:\/\/terapiaativa.com.br\/en\/wp-json\/wp\/v2\/product_tag?post=8038"}],"curies":[{"name":"wp","href":"https:\/\/api.w.org\/{rel}","templated":true}]}}