{"id":8032,"date":"2025-12-16T18:27:07","date_gmt":"2025-12-16T18:27:07","guid":{"rendered":"https:\/\/terapiaativa.com.br\/?post_type=product&#038;p=8032"},"modified":"2025-12-16T20:04:50","modified_gmt":"2025-12-16T20:04:50","slug":"aromatizador-eletrico-bivolt-original-via-aroma-porcelana","status":"publish","type":"product","link":"https:\/\/terapiaativa.com.br\/en\/product\/aromatizador-eletrico-bivolt-original-via-aroma-porcelana\/","title":{"rendered":"Aromatizador El\u00e9trico Bivolt Matte Black Via Aroma Porcelana"},"content":{"rendered":"<p>Sobre o produto<br \/>\nFeito para encaixar perfeitamente no seu Aromatizador El\u00e9trico Via Aroma, o Suporte para \u00d3leos Essenciais e Ess\u00eancias Black mant\u00e9m suas fragr\u00e2ncias favoritas sempre por perto.<br \/>\nCom dois espa\u00e7os dedicados para \u00f3leos essenciais ou ess\u00eancias, ele traz mais praticidade, facilitando o uso no dia a dia.<\/p>\n<p>Como usar<br \/>\n1: Encaixe as pe\u00e7as no produto conforme indicado na imagem, para garantir que os frascos e aromatizador el\u00e9trico fiquem bem posicionados.<\/p>\n<p>2: Posicione o Aromatizador El\u00e9trico Via Aroma no centro do Suporte para \u00d3leos Essenciais e Ess\u00eancias.<\/p>\n<p>3: Conecte o conjunto \u00e0 tomada, adicione o \u00f3leo essencial ou ess\u00eancia Via Aroma e coloque o frasco no suporte.<\/p>\n<p>Aromatizador El\u00e9trico Bivolt Matte Black Via Aroma Porcelana<\/p>\n<p>&nbsp;<\/p>\n<p><strong>Material: Porcelana<\/strong><\/p>\n<p>O Aromatizador El\u00e9trico Matte Black \u00e9 um aparelho feito de porcelana desenvolvido e fabricado pela Via Aroma. Ele viabiliza o uso de ess\u00eancias e \u00f3leos essenciais com praticidade, economia e seguran\u00e7a. Certificado pelo Inmetro, o aparelho \u00e9 seguro e n\u00e3o apresenta riscos em sua perman\u00eancia na tomada, seu consumo el\u00e9trico equivale a 5W\/h (20 vezes menos que uma l\u00e2mpada convencional), al\u00e9m de possuir sistema que mant\u00e9m a temperatura constante. \u00c9 bivolt e o plug se adapta a orienta\u00e7\u00e3o da tomada. Possui garantia de dois anos*.<\/p>\n<p>Modo de uso: Ao plugar o aparelho na tomada, deve-se adicionar 15 gotas de ess\u00eancia arom\u00e1tica ou 5 gotas de \u00f3leo essencial Via Aroma e 10 gotas de \u00e1gua para que o ambiente (m\u00e9dio de 30m\u00b2) mantenha-se aromatizado por at\u00e9 4 horas.<\/p>\n<p>Dicas: Para realizar a higieniza\u00e7\u00e3o do seu Aromatizador El\u00e9trico Via Aroma \u00e9 simples: ap\u00f3s cada uso, retire o aparelho da tomada e utilize papel toalha ou pano \u00famido para limpar o excesso, feito isso estar\u00e1 pronto para o uso de uma nova ess\u00eancia.<\/p>\n<p>&#8211; Material: pl\u00e1stico<\/p>\n<p>&#8211; Cor: branca<\/p>\n<p>&#8211; Tens\u00e3o: 127-220V<\/p>\n<p>&#8211; Pot\u00eancia: 5W\/h<\/p>\n<p>&#8211; Dimens\u00f5es: 7x5cm<\/p>","protected":false},"excerpt":{"rendered":"<p>O Aromatizador El\u00e9trico Bivolt Original Via Aroma \u00e9 um difusor de ess\u00eancia. Desenvolvido para facilitar a difus\u00e3o de \u00f3leos essenciais e ess\u00eancias, este aparelho \u00e9 uma inven\u00e7\u00e3o original da Via Aroma para trazer mais bem-estar, inspira\u00e7\u00e3o e cuidado ao seu dia a dia. Pr\u00e1tico, seguro e ideal para aromatizar o ambiente, ou aproveitar os benef\u00edcios dos \u00f3leos essenciais via difus\u00e3o ambiental.<\/p>","protected":false},"featured_media":8033,"comment_status":"open","ping_status":"closed","template":"","meta":{"_joinchat":[]},"product_brand":[241],"product_cat":[240,172],"product_tag":[242,249,248,250,247],"class_list":{"0":"post-8032","1":"product","2":"type-product","3":"status-publish","4":"has-post-thumbnail","6":"product_brand-via-aroma","7":"product_cat-aromaterapia","8":"product_cat-lacamentos","9":"product_tag-aromaterapia","10":"product_tag-aromatizador","11":"product_tag-difusor-de-ar","12":"product_tag-matte-black","13":"product_tag-via-aroma","15":"first","16":"instock","17":"shipping-taxable","18":"purchasable","19":"product-type-simple"},"jetpack_sharing_enabled":true,"_links":{"self":[{"href":"https:\/\/terapiaativa.com.br\/en\/wp-json\/wp\/v2\/product\/8032","targetHints":{"allow":["GET"]}}],"collection":[{"href":"https:\/\/terapiaativa.com.br\/en\/wp-json\/wp\/v2\/product"}],"about":[{"href":"https:\/\/terapiaativa.com.br\/en\/wp-json\/wp\/v2\/types\/product"}],"replies":[{"embeddable":true,"href":"https:\/\/terapiaativa.com.br\/en\/wp-json\/wp\/v2\/comments?post=8032"}],"wp:featuredmedia":[{"embeddable":true,"href":"https:\/\/terapiaativa.com.br\/en\/wp-json\/wp\/v2\/media\/8033"}],"wp:attachment":[{"href":"https:\/\/terapiaativa.com.br\/en\/wp-json\/wp\/v2\/media?parent=8032"}],"wp:term":[{"taxonomy":"product_brand","embeddable":true,"href":"https:\/\/terapiaativa.com.br\/en\/wp-json\/wp\/v2\/product_brand?post=8032"},{"taxonomy":"product_cat","embeddable":true,"href":"https:\/\/terapiaativa.com.br\/en\/wp-json\/wp\/v2\/product_cat?post=8032"},{"taxonomy":"product_tag","embeddable":true,"href":"https:\/\/terapiaativa.com.br\/en\/wp-json\/wp\/v2\/product_tag?post=8032"}],"curies":[{"name":"wp","href":"https:\/\/api.w.org\/{rel}","templated":true}]}}