{"id":7939,"date":"2025-12-03T01:02:36","date_gmt":"2025-12-03T01:02:36","guid":{"rendered":"https:\/\/terapiaativa.com.br\/?post_type=product&#038;p=7939"},"modified":"2026-03-24T19:25:15","modified_gmt":"2026-03-24T19:25:15","slug":"hidratante-natural-relaxante-para-bebe-com-calendula-camomila-e-oleos-essencial-de-lavanda","status":"publish","type":"product","link":"https:\/\/terapiaativa.com.br\/en\/product\/hidratante-natural-relaxante-para-bebe-com-calendula-camomila-e-oleos-essencial-de-lavanda\/","title":{"rendered":"Hidratante Natural Relaxante para Bebe com Cal\u00eandula, Camomila e \u00d3leos Essencial de Lavanda"},"content":{"rendered":"<p class=\"p1\"><span class=\"s1\"><strong>Hidratante Natural Relaxante para Beb\u00ea com Cal\u00eandula, Camomila e \u00d3leo Essencial de Lavanda<\/strong>\u00a0\u00e9 desenvolvido com mat\u00e9ria prima natural de alta qualidade.<\/span><\/p>\n<p class=\"p1\"><span class=\"s1\">Com f\u00f3rmula leve e natural, o nosso\u00a0Hidratante Infantil agrega os benef\u00edcios da Cal\u00eandula, da Camomila e do \u00d3leo Essencial de Lavanda, hidratando e nutrindo a pele delicada do beb\u00ea, podendo ser usado desde o primeiro dia de vida.<\/span><\/p>\n<p class=\"p1\"><span class=\"s1\">Por ser livre de fragr\u00e2ncias artificiais, corantes e mat\u00e9rias primas sint\u00e9ticas, o Hidratante para beb\u00ea da Verdi Natural \u00e9 indicado para rec\u00e9m nascidos, crian\u00e7as e adultos.<\/span><\/p>\n<p class=\"p1\"><span class=\"s1\">Ajuda na preven\u00e7\u00e3o e cuidado de\u00a0<u><strong>Dermatites At\u00f3picas<\/strong><\/u>\u00a0e irrita\u00e7\u00f5es da pele.<\/span><\/p>\n<h2 class=\"p1\"><strong><span class=\"s1\">Olha s\u00f3 os benef\u00edcios dos ingredientes que usamos:<\/span><\/strong><\/h2>\n<p>&nbsp;<\/p>\n<p class=\"p1\"><span class=\"s1\">A cal\u00eandula cont\u00e9m propriedades antif\u00fangicas, antibactericidas e anti-inflamat\u00f3rias trazendo verdadeiro cuidado e repara\u00e7\u00e3o para a pele do beb\u00ea e das crian\u00e7as. As propriedades delicadas desta planta tem natureza calmante, reparadora e protetora, sendo muito indicadas para uso de todas as idades. \u00c9 um ingrediente 100% puro, natural e vegano.<\/span><\/p>\n<p class=\"p1\"><span class=\"s1\">J\u00e1 a camomila \u00e9 uma das plantas medicinais mais conhecidas e utilizadas no mundo, e \u00e9 muito conhecida pelo sua a\u00e7\u00e3o calmante. Al\u00e9m de tamb\u00e9m ter propriedades anti-inflamat\u00f3rias e antibacterianas, \u00e9 muito utilizada para auxiliar no sono tranquilo e sereno. Tamb\u00e9m \u00e9 um ingrediente 100% puro, natural e vegano.<\/span><\/p>\n<p class=\"p1\"><span class=\"s1\">O \u00f3leo essencial de lavanda \u00e9 um dos \u00f3leos mais utilizados na aromaterapia , sendo conhecido tamb\u00e9m como \u00f3leo universal por conta de seus in\u00fameros benef\u00edcios:\u00a0<strong><u>auxilia no sono sereno<\/u><\/strong>, relaxamento, equil\u00edbrio, combate da ins\u00f4nia, e no alivio de dores, inclusive de c\u00f3licas. Tamb\u00e9m \u00e9 um ingrediente 100% puro, natural e vegano.<\/span><\/p>\n<p class=\"p1\"><strong><span class=\"s1\">Volumagem: 110g<\/span><\/strong><\/p>\n<p class=\"p1\"><strong><span class=\"s1\">DESENVOLVIDO PARA USO DE TODA A FAM\u00cdLIA<\/span><\/strong><\/p>\n<ul>\n<li class=\"p1\"><span class=\"s1\">Mat\u00e9ria Prima Natural e Org\u00e2nica<\/span><\/li>\n<li class=\"p1\"><span class=\"s1\">Sem parabenos, sulfatos e petrolatos<\/span><\/li>\n<li class=\"p1\"><span class=\"s1\">Proveniente da agricultura familiar<\/span><\/li>\n<li class=\"p1\"><span class=\"s1\">Embalagem recicl\u00e1vel (desenvolvido para minimizar o impacto ambiental)<\/span><\/li>\n<li class=\"p1\"><span class=\"s1\">N\u00e3o testado em animais<\/span><\/li>\n<li class=\"p1\"><span class=\"s1\">Produto vegano<\/span><\/li>\n<\/ul>","protected":false},"excerpt":{"rendered":"<p><strong>Hidratante Natural Relaxante para Beb\u00eas, com Cal\u00eandula, Camomila e Lavanda<\/strong>, feito com mat\u00e9rias-primas naturais de alta qualidade. Sua f\u00f3rmula leve nutre e protege a pele delicada desde o primeiro dia de vida, sem fragr\u00e2ncias artificiais, corantes ou sint\u00e9ticos \u2014 ideal para beb\u00eas, crian\u00e7as e adultos. Auxilia na preven\u00e7\u00e3o de dermatites e irrita\u00e7\u00f5es.<br data-start=\"463\" data-end=\"466\" \/><strong data-start=\"466\" data-end=\"528\" data-is-last-node=\"\">Experimente agora e cuide da pele do seu beb\u00ea com carinho!<\/strong><\/p>","protected":false},"featured_media":7940,"comment_status":"open","ping_status":"closed","template":"","meta":{"_joinchat":[]},"product_brand":[210],"product_cat":[20,165,172],"product_tag":[233,136,232,225,230,214],"class_list":{"0":"post-7939","1":"product","2":"type-product","3":"status-publish","4":"has-post-thumbnail","6":"product_brand-verdi-natural","7":"product_cat-cuidados","8":"product_cat-hidratacao","9":"product_cat-lacamentos","10":"product_tag-creme-infantil","11":"product_tag-hidratante","12":"product_tag-hidratante-infantil","13":"product_tag-infantil","14":"product_tag-lavanda","15":"product_tag-verdi-natural","17":"first","18":"onbackorder","19":"shipping-taxable","20":"purchasable","21":"product-type-simple"},"jetpack_sharing_enabled":true,"_links":{"self":[{"href":"https:\/\/terapiaativa.com.br\/en\/wp-json\/wp\/v2\/product\/7939","targetHints":{"allow":["GET"]}}],"collection":[{"href":"https:\/\/terapiaativa.com.br\/en\/wp-json\/wp\/v2\/product"}],"about":[{"href":"https:\/\/terapiaativa.com.br\/en\/wp-json\/wp\/v2\/types\/product"}],"replies":[{"embeddable":true,"href":"https:\/\/terapiaativa.com.br\/en\/wp-json\/wp\/v2\/comments?post=7939"}],"wp:featuredmedia":[{"embeddable":true,"href":"https:\/\/terapiaativa.com.br\/en\/wp-json\/wp\/v2\/media\/7940"}],"wp:attachment":[{"href":"https:\/\/terapiaativa.com.br\/en\/wp-json\/wp\/v2\/media?parent=7939"}],"wp:term":[{"taxonomy":"product_brand","embeddable":true,"href":"https:\/\/terapiaativa.com.br\/en\/wp-json\/wp\/v2\/product_brand?post=7939"},{"taxonomy":"product_cat","embeddable":true,"href":"https:\/\/terapiaativa.com.br\/en\/wp-json\/wp\/v2\/product_cat?post=7939"},{"taxonomy":"product_tag","embeddable":true,"href":"https:\/\/terapiaativa.com.br\/en\/wp-json\/wp\/v2\/product_tag?post=7939"}],"curies":[{"name":"wp","href":"https:\/\/api.w.org\/{rel}","templated":true}]}}