{"id":7931,"date":"2025-12-03T00:38:32","date_gmt":"2025-12-03T00:38:32","guid":{"rendered":"https:\/\/terapiaativa.com.br\/?post_type=product&#038;p=7931"},"modified":"2026-02-20T13:03:09","modified_gmt":"2026-02-20T13:03:09","slug":"baby-room-mist-spray-relaxante-aromaterapeutico-com-hidrolato-de-melissa-e-oleo-essencial-de-lavanda","status":"publish","type":"product","link":"https:\/\/terapiaativa.com.br\/en\/product\/baby-room-mist-spray-relaxante-aromaterapeutico-com-hidrolato-de-melissa-e-oleo-essencial-de-lavanda\/","title":{"rendered":"Baby Room Mist Spray Relaxante Aromaterap\u00eautico com Hidrolato de Melissa e \u00d3leo Essencial de Lavanda"},"content":{"rendered":"<p>O que s\u00e3o hidrolatos? Tamb\u00e9m chamados de \u00e1gua floral os hidrolatos s\u00e3o a \u00e1gua arom\u00e1tica que resulta do processo de destila\u00e7\u00e3o das plantas arom\u00e1ticas. S\u00e3o substancias bioativas que possuem verdadeiras propriedades terap\u00eauticas e curativas.<\/p>\n<p>Os hidrolatos s\u00e3o completamente naturais, ou seja, n\u00e3o existe uma forma de cri\u00e1-los sinteticamente, pois isso comprometeria totalmente a sua ess\u00eancia.<\/p>\n<p>Os hidrolatos s\u00e3o muito suaves e podem ser usados por todas as idades, em v\u00e1rias configura\u00e7\u00f5es, como por exemplo em um spray de ambientes natural e com benef\u00edcios verdadeiros para o organismo.<\/p>\n<p>&nbsp;<\/p>\n<p><em><strong>Volumagem: 120ml<\/strong><\/em><\/p>\n<p>&nbsp;<\/p>\n<h2>DESENVOLVIDO PARA USO DE TODA A FAM\u00cdLIA<\/h2>\n<ul>\n<li>Mat\u00e9ria Prima Natural e Org\u00e2nica<\/li>\n<li>Sem parabenos, sulfatos e petrolatos<\/li>\n<li>Proveniente da agricultura familiar<\/li>\n<li>Embalagem recicl\u00e1vel (desenvolvido para minimizar o impacto ambiental)<\/li>\n<\/ul>\n<h2>N\u00e3o testado em animais<\/h2>\n<ul>\n<li>Produto vegano<\/li>\n<li>Produzido artesanalmente &#8211; feito \u00e0 m\u00e3o<\/li>\n<\/ul>","protected":false},"excerpt":{"rendered":"<p><strong>Baby Room Mist Spray Relaxante Aromaterap\u00eautico com Hidrolato de Melissa e \u00d3leo Essencial de Lavanda<\/strong> \u00e9 desenvolvido com<strong>\u00a0hidrolato de melissa e \u00f3leo essencial de lavanda<\/strong>, traz todos os benef\u00edcios terap\u00eauticos destes compostos para atrair uma noite de sono tranquila e relaxante. O hidrolato de melissa auxilia no relaxamento e tranquilidade, e o \u00f3leo essencial de lavanda auxilia no sono sereno, al\u00e9m de relaxar e tranquilizar.<\/p>","protected":false},"featured_media":7936,"comment_status":"open","ping_status":"closed","template":"","meta":{"_joinchat":[]},"product_brand":[210],"product_cat":[20,172,209],"product_tag":[229,225,230,231,73,214],"class_list":{"0":"post-7931","1":"product","2":"type-product","3":"status-publish","4":"has-post-thumbnail","6":"product_brand-verdi-natural","7":"product_cat-cuidados","8":"product_cat-lacamentos","9":"product_cat-spa","10":"product_tag-baby-room","11":"product_tag-infantil","12":"product_tag-lavanda","13":"product_tag-oleo-essencial","14":"product_tag-spray","15":"product_tag-verdi-natural","17":"first","18":"instock","19":"sale","20":"shipping-taxable","21":"purchasable","22":"product-type-simple"},"jetpack_sharing_enabled":true,"_links":{"self":[{"href":"https:\/\/terapiaativa.com.br\/en\/wp-json\/wp\/v2\/product\/7931","targetHints":{"allow":["GET"]}}],"collection":[{"href":"https:\/\/terapiaativa.com.br\/en\/wp-json\/wp\/v2\/product"}],"about":[{"href":"https:\/\/terapiaativa.com.br\/en\/wp-json\/wp\/v2\/types\/product"}],"replies":[{"embeddable":true,"href":"https:\/\/terapiaativa.com.br\/en\/wp-json\/wp\/v2\/comments?post=7931"}],"wp:featuredmedia":[{"embeddable":true,"href":"https:\/\/terapiaativa.com.br\/en\/wp-json\/wp\/v2\/media\/7936"}],"wp:attachment":[{"href":"https:\/\/terapiaativa.com.br\/en\/wp-json\/wp\/v2\/media?parent=7931"}],"wp:term":[{"taxonomy":"product_brand","embeddable":true,"href":"https:\/\/terapiaativa.com.br\/en\/wp-json\/wp\/v2\/product_brand?post=7931"},{"taxonomy":"product_cat","embeddable":true,"href":"https:\/\/terapiaativa.com.br\/en\/wp-json\/wp\/v2\/product_cat?post=7931"},{"taxonomy":"product_tag","embeddable":true,"href":"https:\/\/terapiaativa.com.br\/en\/wp-json\/wp\/v2\/product_tag?post=7931"}],"curies":[{"name":"wp","href":"https:\/\/api.w.org\/{rel}","templated":true}]}}