{"id":7916,"date":"2025-11-28T03:47:16","date_gmt":"2025-11-28T03:47:16","guid":{"rendered":"https:\/\/terapiaativa.com.br\/?post_type=product&#038;p=7916"},"modified":"2026-03-24T20:21:02","modified_gmt":"2026-03-24T20:21:02","slug":"locao-hidratante-probiotico-para-pele-sensivel-infantil","status":"publish","type":"product","link":"https:\/\/terapiaativa.com.br\/en\/product\/locao-hidratante-probiotico-para-pele-sensivel-infantil\/","title":{"rendered":"Lo\u00e7\u00e3o Hidratante Probi\u00f3tico para pele sens\u00edvel Infantil"},"content":{"rendered":"<h2 dir=\"ltr\">Como funciona o hidratante probi\u00f3tico?<\/h2>\n<div>\n<p dir=\"ltr\">Nossa pele \u00e9 um escudo protetor essencial e, para os pequenos, ela \u00e9 ainda mais fina e sens\u00edvel. Por isso, \u00e9 fundamental oferecer cuidados especiais e garantir que agentes externos n\u00e3o causem alergias e inflama\u00e7\u00f5es. O Hidratante Probi\u00f3tico da Verdi Natural foi formulado para a pele dos beb\u00eas, auxiliando na regula\u00e7\u00e3o da microbiota e proporcionando melhoras em casos de\u00a0<strong>dermatite e alergias.<\/strong><\/p>\n<p dir=\"ltr\">A Lo\u00e7\u00e3o Hidratante probi\u00f3tico da Verdi Natural para pele delicada do beb\u00ea e crian\u00e7a \u00e9 formulada\u00a0com uma cuidadosa sele\u00e7\u00e3o de ingredientes naturais, que proporcionam benef\u00edcios essenciais para a sa\u00fade e prote\u00e7\u00e3o da pele sens\u00edvel.<\/p>\n<h2 dir=\"ltr\">Conhe\u00e7a os benef\u00edcios de cada um deles:<\/h2>\n<div>\n<p dir=\"ltr\"><strong>\u00d3leo de Coco:<\/strong>\u00a0Rico em \u00e1cidos graxos,\u00a0 nutre profundamente a pele, deixando-a suave e hidratada.<\/p>\n<p dir=\"ltr\"><strong>Manteiga da Semente de Murumuru:<\/strong>\u00a0\u00e9 altamente emoliente e ajuda a restaurar a barreira protetora da pele, evitando a perda de umidade.<\/p>\n<p dir=\"ltr\"><strong>Olivato de Cetearila e Olivato de Sorbitano:<\/strong>\u00a0Estes ingredientes derivados do azeite de oliva fornecem hidrata\u00e7\u00e3o intensa e ajudam a manter a pele macia e protegida.<\/p>\n<p dir=\"ltr\"><strong>Esqualano:<\/strong>\u00a0Obtido a partir de fontes vegetais, o esqualano \u00e9 um emoliente natural que ajuda a suavizar a pele e prevenir a perda de umidade.<\/p>\n<p dir=\"ltr\"><strong>\u00d3leo da Semente de Simmondsia Chinensis:<\/strong>\u00a0Conhecido como \u00f3leo de jojoba, esse ingrediente possui propriedades hidratantes e calmantes, ajudando a acalmar a pele irritada.<\/p>\n<p dir=\"ltr\"><strong>Pantenol:<\/strong>\u00a0tamb\u00e9m conhecido como pr\u00f3-vitamina B5, promove a hidrata\u00e7\u00e3o e regenera\u00e7\u00e3o da pele, auxiliando na manuten\u00e7\u00e3o da sa\u00fade cut\u00e2nea.<\/p>\n<p dir=\"ltr\"><strong>Folha de Aloe Barbadensis e Semente de Avena Sativa:<\/strong>\u00a0Esses ingredientes possuem propriedades calmantes e suavizantes, ajudando a acalmar a pele sens\u00edvel e reduzir irrita\u00e7\u00f5es.<\/p>\n<p dir=\"ltr\"><strong>Flor de Calendula Officinalis e Flor de Chamomilla Recutita:<\/strong>\u00a0As flores de cal\u00eandula e camomila possuem propriedades anti-inflamat\u00f3rias e cicatrizantes, ajudando a acalmar a pele irritada e reduzir vermelhid\u00f5es.<\/p>\n<p dir=\"ltr\"><strong>Lisado de Streptococcus Thermophilus:<\/strong>\u00a0Esse probi\u00f3tico beneficia a sa\u00fade da pele, equilibrando a microbiota cut\u00e2nea e fortalecendo as defesas naturais.<\/p>\n<p dir=\"ltr\">Com essa poderosa combina\u00e7\u00e3o de ingredientes naturais, a nossa Lo\u00e7\u00e3o Hidratante com Probi\u00f3tico oferece uma hidrata\u00e7\u00e3o profunda, nutri\u00e7\u00e3o e prote\u00e7\u00e3o para a pele delicada do seu beb\u00ea e crian\u00e7a. Proporcione o melhor cuidado para a pele sens\u00edvel, mantendo-a macia, saud\u00e1vel e radiante.<\/p>\n<p>&nbsp;<\/p>\n<p dir=\"ltr\">\u2705\u00a0<strong>SEGURO PARA TODAS AS IDADES<\/strong>\u00a0&#8211; Pode ser usado diariamente por beb\u00eas, crian\u00e7as e adultos.<\/p>\n<p dir=\"ltr\"><strong>Hipoalerg\u00eanico<\/strong><\/p>\n<p dir=\"ltr\"><strong>Dermatologicamente testado<\/strong><\/p>\n<p dir=\"ltr\"><strong>Sem fragr\u00e2ncias<\/strong><\/p>\n<p dir=\"ltr\"><strong>Sem corantes<\/strong><\/p>\n<p dir=\"ltr\"><strong>Sem parabenos<\/strong><\/p>\n<p dir=\"ltr\"><strong>Sem sulfatos<\/strong><\/p>\n<p dir=\"ltr\"><strong>Embalagem Recicl\u00e1vel (desenvolvido para minimizar o impacto ambiental)<\/strong><\/p>\n<p dir=\"ltr\"><strong>N\u00e3o testado em animais<\/strong><\/p>\n<p dir=\"ltr\"><strong>Produto vegano<\/strong><\/p>\n<\/div>\n<h2 dir=\"ltr\">O que tem dentro da embalagem:<\/h2>\n<p dir=\"ltr\">\u00c1gua, Glicerina, \u00c1lcool Cet\u00edlico, Triglicer\u00eddio Capr\u00edlico \/ C\u00e1prico, Propanodiol, \u00d3leo de Cocos Nucifera, Manteiga da Semente de Astrocaryum Murumuru, Olivato de Cetearila, Olivato de Sorbitano, Esqualano, \u00d3leo da Semente de Simmondsia Chinensis, \u00c1lcool, Caprilato de Sorbitana, Pantenol, \u00c1cido Benzoico, Folha de Aloe Barbadensis em P\u00f3, Folha de Aloe Barbadensis, Semente de Avena Sativa, Flor de Calendula Officinalis, Flor de Chamomilla Recutita, Goma-Xantana, Maltodextrina, Glicose Monohidratada, Acetato de Tocoferila, Hidr\u00f3xido de S\u00f3dio, \u00c1lcool Benz\u00edlico, Lisado de Streptococcus Thermophilus, \u00c1cido Desidroac\u00e9tico, S\u00edlica, Isomalte.<\/p>\n<p dir=\"ltr\">Aprovado na Anvisa: Processo n\u00famero 25351.383300\/2023-69.<em>\u00a0<\/em><\/p>\n<\/div>","protected":false},"excerpt":{"rendered":"<p>Lo\u00e7\u00e3o Hidratante Probi\u00f3tico para Pele Sens\u00edvel da Verdi Natural<\/p>\n<p>Desenvolvida especialmente para a pele delicada do rec\u00e9m-nascido, beb\u00ea e crian\u00e7a, essa lo\u00e7\u00e3o \u00e9 a escolha ideal para hidratar profundamente e proteger a pele sens\u00edvel, mantendo o equil\u00edbrio da microbiota cut\u00e2nea e prevenindo o ressecamento.<\/p>","protected":false},"featured_media":7921,"comment_status":"open","ping_status":"closed","template":"","meta":{"_joinchat":[]},"product_brand":[210],"product_cat":[20,172,216],"product_tag":[221,225,222,224,223,214],"class_list":{"0":"post-7916","1":"product","2":"type-product","3":"status-publish","4":"has-post-thumbnail","6":"product_brand-verdi-natural","7":"product_cat-cuidados","8":"product_cat-lacamentos","9":"product_cat-limpeza","10":"product_tag-bebe","11":"product_tag-infantil","12":"product_tag-infatil","13":"product_tag-linha-infantil","14":"product_tag-locao-de-banho","15":"product_tag-verdi-natural","17":"first","18":"instock","19":"sale","20":"shipping-taxable","21":"purchasable","22":"product-type-simple"},"jetpack_sharing_enabled":true,"_links":{"self":[{"href":"https:\/\/terapiaativa.com.br\/en\/wp-json\/wp\/v2\/product\/7916","targetHints":{"allow":["GET"]}}],"collection":[{"href":"https:\/\/terapiaativa.com.br\/en\/wp-json\/wp\/v2\/product"}],"about":[{"href":"https:\/\/terapiaativa.com.br\/en\/wp-json\/wp\/v2\/types\/product"}],"replies":[{"embeddable":true,"href":"https:\/\/terapiaativa.com.br\/en\/wp-json\/wp\/v2\/comments?post=7916"}],"wp:featuredmedia":[{"embeddable":true,"href":"https:\/\/terapiaativa.com.br\/en\/wp-json\/wp\/v2\/media\/7921"}],"wp:attachment":[{"href":"https:\/\/terapiaativa.com.br\/en\/wp-json\/wp\/v2\/media?parent=7916"}],"wp:term":[{"taxonomy":"product_brand","embeddable":true,"href":"https:\/\/terapiaativa.com.br\/en\/wp-json\/wp\/v2\/product_brand?post=7916"},{"taxonomy":"product_cat","embeddable":true,"href":"https:\/\/terapiaativa.com.br\/en\/wp-json\/wp\/v2\/product_cat?post=7916"},{"taxonomy":"product_tag","embeddable":true,"href":"https:\/\/terapiaativa.com.br\/en\/wp-json\/wp\/v2\/product_tag?post=7916"}],"curies":[{"name":"wp","href":"https:\/\/api.w.org\/{rel}","templated":true}]}}