{"id":7290,"date":"2024-10-14T14:10:02","date_gmt":"2024-10-14T14:10:02","guid":{"rendered":"https:\/\/terapiaativa.com.br\/?post_type=product&#038;p=7290"},"modified":"2024-11-25T13:12:19","modified_gmt":"2024-11-25T13:12:19","slug":"vitamina-a-z-senior","status":"publish","type":"product","link":"https:\/\/terapiaativa.com.br\/en\/product\/vitamina-a-z-senior\/","title":{"rendered":"Vitamina A-Z senior"},"content":{"rendered":"<p data-sourcepos=\"5:1-5:292\">O Suplemento alimentar Vitamina A-Z S\u00eanior 60 c\u00e1psulas \u00e9 formulado especialmente para atender \u00e0s necessidades nutricionais espec\u00edficas dos adultos mais maduros. Ele cont\u00e9m um blend completo de vitaminas e minerais essenciais para manter a vitalidade e a sa\u00fade em dia. Ele pode ser usado para:<\/p>\n<ul data-sourcepos=\"7:1-12:0\">\n<li data-sourcepos=\"7:1-7:34\">Fortalecer o sistema imunol\u00f3gico<\/li>\n<li data-sourcepos=\"8:1-8:35\">Aumentar a energia e a disposi\u00e7\u00e3o<\/li>\n<li data-sourcepos=\"9:1-9:24\">Melhorar a sa\u00fade \u00f3ssea<\/li>\n<li data-sourcepos=\"10:1-10:32\">Contribuir para a sa\u00fade ocular<\/li>\n<li data-sourcepos=\"11:1-12:0\">Promover o bem-estar geral<\/li>\n<\/ul>\n<p data-sourcepos=\"13:1-13:100\">Para usar o Suplemento alimentar Vitamina A-Z S\u00eanior 60 c\u00e1psulas, basta seguir as instru\u00e7\u00f5es abaixo:<\/p>\n<ul data-sourcepos=\"15:1-20:0\">\n<li data-sourcepos=\"15:1-15:61\">Tome uma c\u00e1psula ao dia, preferencialmente com as refei\u00e7\u00f5es<\/li>\n<li data-sourcepos=\"16:1-16:54\">N\u00e3o exceda a dose recomendada de uma c\u00e1psula por dia<\/li>\n<li data-sourcepos=\"17:1-17:61\">Conserve o produto em local seco e fresco, ao abrigo da luz<\/li>\n<li data-sourcepos=\"18:1-18:304\">O Suplemento alimentar Vitamina A-Z S\u00eanior 60 c\u00e1psulas \u00e9 um produto natural e livre de gl\u00faten. \u00c9 indicado para adultos acima de 50 anos, <span class=\"citation-0 citation-end-0 interactive-span-selected-v2\">mas \u00e9 recomendado consultar um m\u00e9dico antes de usar em caso de gravidez, amamenta\u00e7\u00e3o, uso de medicamentos ou alergia a algum dos componentes da f\u00f3rmula.<\/span>\n<div class=\"container ng-tns-c2268620513-72\">\n<div class=\"carousel-container ng-tns-c2268620513-72\">\n<div class=\"carousel-content ng-tns-c2268620513-72\">\n<div class=\"sources-carousel-source ng-tns-c2268620513-72 ng-star-inserted\" data-test-id=\"sources-carousel-source\">\n<div class=\"source-card-container\">\n<div class=\"source-card-content\">\n<div class=\"source-card-body\">\n<div class=\"source-card-header\"><\/div>\n<\/div>\n<div class=\"source-card-footer\">\n<div class=\"source-card-attribution\"><\/div>\n<\/div>\n<\/div>\n<\/div>\n<\/div>\n<\/div>\n<\/div>\n<\/div>\n<\/li>\n<\/ul>\n<p>Viva uma vida mais ativa e saud\u00e1vel com o Suplemento alimentar Vitamina A-Z S\u00eanior 60 c\u00e1psulas. Adquira j\u00e1 o seu e sinta-se mais forte e disposto!<\/p>","protected":false},"excerpt":{"rendered":"<p>O Suplemento alimentar Vitamina A-Z S\u00eanior 60 c\u00e1psulas \u00e9 formulado especialmente para atender \u00e0s necessidades nutricionais espec\u00edficas dos adultos mais maduros. Ele cont\u00e9m um blend completo de vitaminas e minerais essenciais para manter a vitalidade e a sa\u00fade em dia. Ele pode ser usado para: Fortalecer o sistema imunol\u00f3gico Aumentar a energia e a disposi\u00e7\u00e3o [&hellip;]<\/p>\n","protected":false},"featured_media":7299,"comment_status":"open","ping_status":"closed","template":"","meta":{"_joinchat":[]},"product_brand":[],"product_cat":[172,19,16],"product_tag":[187,49,186],"class_list":{"0":"post-7290","1":"product","2":"type-product","3":"status-publish","4":"has-post-thumbnail","6":"product_cat-lacamentos","7":"product_cat-saude","8":"product_cat-suplementos","9":"product_tag-melhor-idade","10":"product_tag-vitaminas","11":"product_tag-vitaminas-a-z","13":"first","14":"instock","15":"shipping-taxable","16":"purchasable","17":"product-type-simple"},"jetpack_sharing_enabled":true,"_links":{"self":[{"href":"https:\/\/terapiaativa.com.br\/en\/wp-json\/wp\/v2\/product\/7290","targetHints":{"allow":["GET"]}}],"collection":[{"href":"https:\/\/terapiaativa.com.br\/en\/wp-json\/wp\/v2\/product"}],"about":[{"href":"https:\/\/terapiaativa.com.br\/en\/wp-json\/wp\/v2\/types\/product"}],"replies":[{"embeddable":true,"href":"https:\/\/terapiaativa.com.br\/en\/wp-json\/wp\/v2\/comments?post=7290"}],"wp:featuredmedia":[{"embeddable":true,"href":"https:\/\/terapiaativa.com.br\/en\/wp-json\/wp\/v2\/media\/7299"}],"wp:attachment":[{"href":"https:\/\/terapiaativa.com.br\/en\/wp-json\/wp\/v2\/media?parent=7290"}],"wp:term":[{"taxonomy":"product_brand","embeddable":true,"href":"https:\/\/terapiaativa.com.br\/en\/wp-json\/wp\/v2\/product_brand?post=7290"},{"taxonomy":"product_cat","embeddable":true,"href":"https:\/\/terapiaativa.com.br\/en\/wp-json\/wp\/v2\/product_cat?post=7290"},{"taxonomy":"product_tag","embeddable":true,"href":"https:\/\/terapiaativa.com.br\/en\/wp-json\/wp\/v2\/product_tag?post=7290"}],"curies":[{"name":"wp","href":"https:\/\/api.w.org\/{rel}","templated":true}]}}