{"id":6901,"date":"2023-05-19T14:56:24","date_gmt":"2023-05-19T14:56:24","guid":{"rendered":"https:\/\/terapiaativa.com.br\/?post_type=product&#038;p=6901"},"modified":"2026-03-25T06:56:42","modified_gmt":"2026-03-25T06:56:42","slug":"ansiedade-como-encontrar-a-calma-em-meio-ao-caos","status":"publish","type":"product","link":"https:\/\/terapiaativa.com.br\/en\/product\/ansiedade-como-encontrar-a-calma-em-meio-ao-caos\/","title":{"rendered":"ANSIEDADE, como encontrar a calma em meio ao caos"},"content":{"rendered":"<p>Voc\u00ea se sente nervoso, preocupado ou angustiado com frequ\u00eancia? Voc\u00ea tem dificuldade para dormir, se concentrar ou relaxar? Voc\u00ea sofre de ataques de p\u00e2nico, fobias ou medos irracionais?<\/p>\n<p>Se voc\u00ea respondeu sim a alguma dessas perguntas, voc\u00ea pode estar sofrendo de ansiedade. A ansiedade \u00e9 um transtorno que afeta milh\u00f5es de pessoas no mundo todo e que pode prejudicar a sua sa\u00fade f\u00edsica, mental e emocional.<\/p>\n<p>Mas n\u00e3o se desespere. Existe uma forma de vencer a ansiedade e recuperar a sua qualidade de vida. E essa forma est\u00e1 ao seu alcance, em um ebook que vai mudar a sua forma de lidar com esse problema.<\/p>\n<p>O ebook \u201cAnsiedade: como encontrar a calma em meio ao caos\u201d \u00e9 um guia pr\u00e1tico que vai te ensinar tudo o que voc\u00ea precisa saber sobre a ansiedade e como super\u00e1-la.<\/p>\n<p>Neste ebook, voc\u00ea vai aprender:<\/p>\n<ul>\n<li>O que \u00e9 a ansiedade, quais s\u00e3o as suas causas e os seus sintomas<\/li>\n<li>Como identificar os gatilhos que disparam a sua ansiedade e como evit\u00e1-los<\/li>\n<li>Como usar t\u00e9cnicas simples e eficazes de respira\u00e7\u00e3o, medita\u00e7\u00e3o, mindfulness e outras ferramentas para acalmar a sua mente e o seu corpo<\/li>\n<li>Como criar uma rotina mais equilibrada e saud\u00e1vel que previna o estresse e a ansiedade<\/li>\n<li>Como buscar ajuda profissional quando necess\u00e1rio e quais s\u00e3o as op\u00e7\u00f5es de tratamento dispon\u00edveis<\/li>\n<\/ul>\n<p>Este ebook foi escrito por uma especialista em Farm\u00e1cia com o m\u00e9todo simples e eficaz que voc\u00ea pode aplicar no dia a dia.<\/p>\n<p>Ela compartilha com voc\u00ea a sua experi\u00eancia pessoal e profissional, mostrando que \u00e9 poss\u00edvel vencer a ansiedade e ter uma vida mais feliz e tranquila.<\/p>\n<p>Mas aten\u00e7\u00e3o: este ebook n\u00e3o \u00e9 um substituto para o acompanhamento m\u00e9dico ou psicol\u00f3gico. Ele \u00e9 um complemento que vai te ajudar a entender melhor o seu problema e a lidar com ele de forma mais eficiente.<\/p>\n<p>Se voc\u00ea quer se livrar da ansiedade de uma vez por todas, n\u00e3o perca essa oportunidade. Adquira j\u00e1 o seu ebook \u201cAnsiedade: como encontrar a calma em meio ao caos\u201d e comece hoje mesmo a transformar a sua vida.<\/p>\n<p>Voc\u00ea merece ter uma vida mais calma e feliz. E esse ebook vai te mostrar como. \ud83d\ude0a<\/p>","protected":false},"excerpt":{"rendered":"<p>Este ebook foi escrito por uma especialista em Farm\u00e1cia com o m\u00e9todo simples e eficaz que voc\u00ea pode aplicar no dia a dia.<\/p>","protected":false},"featured_media":6903,"comment_status":"open","ping_status":"closed","template":"","meta":{"_joinchat":[]},"product_brand":[],"product_cat":[169,20,19],"product_tag":[178,83,177,179],"class_list":{"0":"post-6901","1":"product","2":"type-product","3":"status-publish","4":"has-post-thumbnail","6":"product_cat-ansiedade","7":"product_cat-cuidados","8":"product_cat-saude","9":"product_tag-ansiedade","10":"product_tag-cuidado-com-a-saude","11":"product_tag-ebook","12":"product_tag-saude","14":"first","15":"instock","16":"sale","17":"downloadable","18":"virtual","19":"purchasable","20":"product-type-simple"},"jetpack_sharing_enabled":true,"_links":{"self":[{"href":"https:\/\/terapiaativa.com.br\/en\/wp-json\/wp\/v2\/product\/6901","targetHints":{"allow":["GET"]}}],"collection":[{"href":"https:\/\/terapiaativa.com.br\/en\/wp-json\/wp\/v2\/product"}],"about":[{"href":"https:\/\/terapiaativa.com.br\/en\/wp-json\/wp\/v2\/types\/product"}],"replies":[{"embeddable":true,"href":"https:\/\/terapiaativa.com.br\/en\/wp-json\/wp\/v2\/comments?post=6901"}],"wp:featuredmedia":[{"embeddable":true,"href":"https:\/\/terapiaativa.com.br\/en\/wp-json\/wp\/v2\/media\/6903"}],"wp:attachment":[{"href":"https:\/\/terapiaativa.com.br\/en\/wp-json\/wp\/v2\/media?parent=6901"}],"wp:term":[{"taxonomy":"product_brand","embeddable":true,"href":"https:\/\/terapiaativa.com.br\/en\/wp-json\/wp\/v2\/product_brand?post=6901"},{"taxonomy":"product_cat","embeddable":true,"href":"https:\/\/terapiaativa.com.br\/en\/wp-json\/wp\/v2\/product_cat?post=6901"},{"taxonomy":"product_tag","embeddable":true,"href":"https:\/\/terapiaativa.com.br\/en\/wp-json\/wp\/v2\/product_tag?post=6901"}],"curies":[{"name":"wp","href":"https:\/\/api.w.org\/{rel}","templated":true}]}}