{"id":5246,"date":"2022-11-30T16:57:17","date_gmt":"2022-11-30T16:57:17","guid":{"rendered":"https:\/\/terapiaativa.com.br\/?post_type=product&#038;p=5246"},"modified":"2025-12-27T01:05:45","modified_gmt":"2025-12-27T01:05:45","slug":"elixir-de-inhame-500ml","status":"publish","type":"product","link":"https:\/\/terapiaativa.com.br\/en\/product\/elixir-de-inhame-500ml\/","title":{"rendered":"Elixir de inhame 500ml &#8211; Pedacinho do nordeste"},"content":{"rendered":"<p><strong>O elixir de inhame 500ml<\/strong> \u00e9 um produto natural feito com o extrato do inhame, um tub\u00e9rculo rico em vitaminas, minerais e antioxidantes. Ele pode ser usado para:<\/p>\n<ul>\n<li>Desintoxicar o organismo e limpar o sangue<\/li>\n<li>Diminuir o colesterol ruim e prevenir doen\u00e7as cardiovasculares<\/li>\n<li>Reduzir a inflama\u00e7\u00e3o e a dor causadas por problemas digestivos ou articulares<\/li>\n<li>Regular os horm\u00f4nios femininos e aliviar os sintomas da menopausa<\/li>\n<li>Estimular a ovula\u00e7\u00e3o e aumentar as chances de gravidez<\/li>\n<li>Melhorar a qualidade da pele e combater a acne<\/li>\n<\/ul>\n<p><strong>Para tomar o elixir de inhame 500ml, basta seguir as instru\u00e7\u00f5es abaixo:<\/strong><\/p>\n<ul>\n<li>Agite bem o frasco antes de usar<\/li>\n<li>Tome uma colher de sopa no caf\u00e9 da manh\u00e3 e outra no jantar<\/li>\n<li>N\u00e3o exceda a dose m\u00e1xima de tr\u00eas colheres de sopa por dia<\/li>\n<li>Conserve o produto em local fresco e seco<\/li>\n<\/ul>\n<div><b>Sugest\u00e3o de uso:\u00a0<\/b>\u00c9 recomendado ingerir 2 colheres de sopa do elixir em 1\/2 copo d&#8217;\u00e1gua 3\u00a0 vezes ao dia.<\/div>\n<div><\/div>\n<p>O elixir de inhame 500ml \u00e9 um produto seguro e sem contraindica\u00e7\u00f5es, mas \u00e9 recomendado consultar um m\u00e9dico antes de usar em caso de gravidez, amamenta\u00e7\u00e3o ou uso de medicamentos. Ele tamb\u00e9m n\u00e3o substitui uma alimenta\u00e7\u00e3o equilibrada e um estilo de vida saud\u00e1vel.<\/p>\n<p><strong>N\u00e3o perca tempo e adquira j\u00e1 o seu elixir de inhame 500m<\/strong>l, um produto que vai trazer muitos benef\u00edcios para a sua sa\u00fade e bem-estar. Aproveite as ofertas especiais e garanta o seu!<\/p>","protected":false},"excerpt":{"rendered":"<p>Elixir de inhame 500ml: fortalece a imunidade, regula os horm\u00f4nios e desintoxica o corpo. Rico em vitaminas, minerais e antioxidantes. Saboroso e f\u00e1cil de tomar. Pre\u00e7o especial por tempo limitado!<\/p>","protected":false},"featured_media":5313,"comment_status":"open","ping_status":"closed","template":"","meta":{"_joinchat":[]},"product_brand":[],"product_cat":[20,18,163,19,174,16],"product_tag":[46,139,140,48],"class_list":{"0":"post-5246","1":"product","2":"type-product","3":"status-publish","4":"has-post-thumbnail","6":"product_cat-cuidados","7":"product_cat-fitoterapicos","8":"product_cat-intimo","9":"product_cat-saude","10":"product_cat-saude-da-mulher","11":"product_cat-suplementos","12":"product_tag-capsulas","13":"product_tag-elixir-de-inhame-485ml","14":"product_tag-pedacinho-do-nordeste","15":"product_tag-suplemento-alimentar","17":"first","18":"outofstock","19":"shipping-taxable","20":"purchasable","21":"product-type-simple"},"jetpack_sharing_enabled":true,"_links":{"self":[{"href":"https:\/\/terapiaativa.com.br\/en\/wp-json\/wp\/v2\/product\/5246","targetHints":{"allow":["GET"]}}],"collection":[{"href":"https:\/\/terapiaativa.com.br\/en\/wp-json\/wp\/v2\/product"}],"about":[{"href":"https:\/\/terapiaativa.com.br\/en\/wp-json\/wp\/v2\/types\/product"}],"replies":[{"embeddable":true,"href":"https:\/\/terapiaativa.com.br\/en\/wp-json\/wp\/v2\/comments?post=5246"}],"wp:featuredmedia":[{"embeddable":true,"href":"https:\/\/terapiaativa.com.br\/en\/wp-json\/wp\/v2\/media\/5313"}],"wp:attachment":[{"href":"https:\/\/terapiaativa.com.br\/en\/wp-json\/wp\/v2\/media?parent=5246"}],"wp:term":[{"taxonomy":"product_brand","embeddable":true,"href":"https:\/\/terapiaativa.com.br\/en\/wp-json\/wp\/v2\/product_brand?post=5246"},{"taxonomy":"product_cat","embeddable":true,"href":"https:\/\/terapiaativa.com.br\/en\/wp-json\/wp\/v2\/product_cat?post=5246"},{"taxonomy":"product_tag","embeddable":true,"href":"https:\/\/terapiaativa.com.br\/en\/wp-json\/wp\/v2\/product_tag?post=5246"}],"curies":[{"name":"wp","href":"https:\/\/api.w.org\/{rel}","templated":true}]}}