{"id":5234,"date":"2022-11-30T16:56:54","date_gmt":"2022-11-30T16:56:54","guid":{"rendered":"https:\/\/terapiaativa.com.br\/?post_type=product&#038;p=5234"},"modified":"2023-05-22T16:52:34","modified_gmt":"2023-05-22T16:52:34","slug":"sabonete-intimo-aroeira-200ml-bio-instinto","status":"publish","type":"product","link":"https:\/\/terapiaativa.com.br\/en\/product\/sabonete-intimo-aroeira-200ml-bio-instinto\/","title":{"rendered":"Sabonete \u00cdntimo Aroeira 200ml &#8211; Bio Instinto"},"content":{"rendered":"<p><strong>O Sabonete \u00cdntimo Aroeira 200ml &#8211; Bio Instinto<\/strong> \u00e9 um produto que cont\u00e9m extrato natural de aroeira, uma planta medicinal com propriedades adstringentes, cicatrizantes e anti-inflamat\u00f3rias. Ele pode ser usado para:<\/p>\n<ul>\n<li>Higienizar a regi\u00e3o \u00edntima feminina com suavidade e seguran\u00e7a<\/li>\n<li>Manter o pH \u00edntimo equilibrado por 24 horas<\/li>\n<li>Prevenir infec\u00e7\u00f5es, irrita\u00e7\u00f5es e odores indesejados<\/li>\n<li>Aliviar o desconforto causado pelo per\u00edodo menstrual ou pela depila\u00e7\u00e3o<\/li>\n<li>Deixar uma sensa\u00e7\u00e3o de limpeza e frescor<\/li>\n<\/ul>\n<p><strong>Para usar o Sabonete \u00cdntimo Aroeira 200ml &#8211; Bio Instinto, basta seguir as instru\u00e7\u00f5es abaixo:<\/strong><\/p>\n<ul>\n<li>Aplique uma pequena quantidade do produto na regi\u00e3o genital externa e massageie delicadamente<\/li>\n<li>Enx\u00e1gue bem com \u00e1gua em abund\u00e2ncia<\/li>\n<li>Use diariamente ou sempre que necess\u00e1rio<\/li>\n<\/ul>\n<p><strong>O Sabonete \u00cdntimo Aroeira 200ml &#8211; Bio Instinto<\/strong> \u00e9 um produto dermatologicamente e ginecologicamente testado e aprovado, sem parabenos, alerg\u00eanicos ou sal. Ele \u00e9 indicado para todos os tipos de pele, mas \u00e9 recomendado consultar um m\u00e9dico antes de usar em caso de gravidez, amamenta\u00e7\u00e3o ou alergia a algum dos componentes da f\u00f3rmula.<\/p>\n<p><strong>N\u00e3o perca tempo e adquira j\u00e1 o seu Sabonete \u00cdntimo Aroeira 200ml &#8211; Bio Instinto,<\/strong> um produto que vai cuidar da sua sa\u00fade \u00edntima com naturalidade e efic\u00e1cia. Aproveite as ofertas especiais e garanta o seu!<\/p>","protected":false},"excerpt":{"rendered":"<p>Sabonete \u00cdntimo Aroeira 200ml &#8211; Bio Instinto: higieniza, refresca e suaviza a pele da regi\u00e3o \u00edntima. Com aroeira, que tem a\u00e7\u00e3o antiss\u00e9ptica, bactericida e fungicida. Combate o mau odor e a coceira. Use diariamente e sinta-se mais segura!<\/p>","protected":false},"featured_media":5306,"comment_status":"open","ping_status":"closed","template":"","meta":{"_joinchat":[]},"product_brand":[],"product_cat":[20,163,19,174],"product_tag":[80,102,103],"class_list":{"0":"post-5234","1":"product","2":"type-product","3":"status-publish","4":"has-post-thumbnail","6":"product_cat-cuidados","7":"product_cat-intimo","8":"product_cat-saude","9":"product_cat-saude-da-mulher","10":"product_tag-cuidado-feminino","11":"product_tag-sabonete","12":"product_tag-sabonete-intimo","14":"first","15":"instock","16":"shipping-taxable","17":"purchasable","18":"product-type-simple"},"jetpack_sharing_enabled":true,"_links":{"self":[{"href":"https:\/\/terapiaativa.com.br\/en\/wp-json\/wp\/v2\/product\/5234","targetHints":{"allow":["GET"]}}],"collection":[{"href":"https:\/\/terapiaativa.com.br\/en\/wp-json\/wp\/v2\/product"}],"about":[{"href":"https:\/\/terapiaativa.com.br\/en\/wp-json\/wp\/v2\/types\/product"}],"replies":[{"embeddable":true,"href":"https:\/\/terapiaativa.com.br\/en\/wp-json\/wp\/v2\/comments?post=5234"}],"wp:featuredmedia":[{"embeddable":true,"href":"https:\/\/terapiaativa.com.br\/en\/wp-json\/wp\/v2\/media\/5306"}],"wp:attachment":[{"href":"https:\/\/terapiaativa.com.br\/en\/wp-json\/wp\/v2\/media?parent=5234"}],"wp:term":[{"taxonomy":"product_brand","embeddable":true,"href":"https:\/\/terapiaativa.com.br\/en\/wp-json\/wp\/v2\/product_brand?post=5234"},{"taxonomy":"product_cat","embeddable":true,"href":"https:\/\/terapiaativa.com.br\/en\/wp-json\/wp\/v2\/product_cat?post=5234"},{"taxonomy":"product_tag","embeddable":true,"href":"https:\/\/terapiaativa.com.br\/en\/wp-json\/wp\/v2\/product_tag?post=5234"}],"curies":[{"name":"wp","href":"https:\/\/api.w.org\/{rel}","templated":true}]}}