{"id":5219,"date":"2022-11-30T16:56:25","date_gmt":"2022-11-30T16:56:25","guid":{"rendered":"https:\/\/terapiaativa.com.br\/?post_type=product&#038;p=5219"},"modified":"2025-12-26T13:06:33","modified_gmt":"2025-12-26T13:06:33","slug":"gota-milagrosa-para-pes","status":"publish","type":"product","link":"https:\/\/terapiaativa.com.br\/en\/product\/gota-milagrosa-para-pes\/","title":{"rendered":"Gota Milagrosa Para P\u00e9s &#8211; Combate Rachadura &#038; Ressecamento"},"content":{"rendered":"<p><strong>A Gota Milagrosa para P\u00e9s<\/strong> \u00e9 um produto que cont\u00e9m uma lo\u00e7\u00e3o que hidrata, amacia e suaviza os p\u00e9s \u00e1speros. Ele pode ser usado para:<\/p>\n<ul>\n<li>Eliminar calos, rachaduras, cravos e asperezas dos p\u00e9s e m\u00e3os<\/li>\n<li>Remover impurezas e c\u00e9lulas mortas<\/li>\n<li>Prevenir o ressecamento e a descama\u00e7\u00e3o da pele<\/li>\n<li>Deixar os p\u00e9s macios, lisos e perfumados<\/li>\n<\/ul>\n<p><strong>Para usar a Gota Milagrosa para P\u00e9s, basta seguir as instru\u00e7\u00f5es abaixo:<\/strong><\/p>\n<ul>\n<li>Aplique uma pequena quantidade do produto nos p\u00e9s limpos e secos, massageando suavemente<\/li>\n<li>Use todas as noites ou sempre que sentir necessidade<\/li>\n<li>Conserve o produto em local fresco e seco, ao abrigo da luz<\/li>\n<\/ul>\n<p><strong>A Gota Milagrosa para P\u00e9s<\/strong> \u00e9 um produto natural e seguro, sem aditivos qu\u00edmicos ou conservantes. Ele \u00e9 indicado para todos os tipos de pele, mas \u00e9 recomendado consultar um m\u00e9dico antes de usar em caso de gravidez, amamenta\u00e7\u00e3o ou alergia a algum dos componentes da f\u00f3rmula.<\/p>\n<p><strong>N\u00e3o perca tempo e adquira j\u00e1 a sua Gota Milagrosa para P\u00e9s,<\/strong> um produto que vai cuidar dos seus p\u00e9s com naturalidade e efic\u00e1cia. Aproveite as ofertas especiais e garanta a sua!<\/p>","protected":false},"excerpt":{"rendered":"<p>Gota Milagrosa Para P\u00e9s: alivia o cansa\u00e7o, o incha\u00e7o e o odor dos p\u00e9s. Com extratos naturais de menta, alecrim e arnica, que t\u00eam a\u00e7\u00e3o refrescante, relaxante e anti-inflamat\u00f3ria. Basta aplicar algumas gotas nos p\u00e9s e massagear suavemente. Use diariamente e sinta o al\u00edvio!<\/p>","protected":false},"featured_media":5295,"comment_status":"open","ping_status":"closed","template":"","meta":{"_joinchat":[]},"product_brand":[],"product_cat":[20,165],"product_tag":[79,135,68,136,137],"class_list":{"0":"post-5219","1":"product","2":"type-product","3":"status-publish","4":"has-post-thumbnail","6":"product_cat-cuidados","7":"product_cat-hidratacao","8":"product_tag-beleza","9":"product_tag-gota-milagrosa","10":"product_tag-hidratacao-profunda","11":"product_tag-hidratante","12":"product_tag-pes-resecados","14":"first","15":"instock","16":"shipping-taxable","17":"purchasable","18":"product-type-simple"},"jetpack_sharing_enabled":true,"_links":{"self":[{"href":"https:\/\/terapiaativa.com.br\/en\/wp-json\/wp\/v2\/product\/5219","targetHints":{"allow":["GET"]}}],"collection":[{"href":"https:\/\/terapiaativa.com.br\/en\/wp-json\/wp\/v2\/product"}],"about":[{"href":"https:\/\/terapiaativa.com.br\/en\/wp-json\/wp\/v2\/types\/product"}],"replies":[{"embeddable":true,"href":"https:\/\/terapiaativa.com.br\/en\/wp-json\/wp\/v2\/comments?post=5219"}],"wp:featuredmedia":[{"embeddable":true,"href":"https:\/\/terapiaativa.com.br\/en\/wp-json\/wp\/v2\/media\/5295"}],"wp:attachment":[{"href":"https:\/\/terapiaativa.com.br\/en\/wp-json\/wp\/v2\/media?parent=5219"}],"wp:term":[{"taxonomy":"product_brand","embeddable":true,"href":"https:\/\/terapiaativa.com.br\/en\/wp-json\/wp\/v2\/product_brand?post=5219"},{"taxonomy":"product_cat","embeddable":true,"href":"https:\/\/terapiaativa.com.br\/en\/wp-json\/wp\/v2\/product_cat?post=5219"},{"taxonomy":"product_tag","embeddable":true,"href":"https:\/\/terapiaativa.com.br\/en\/wp-json\/wp\/v2\/product_tag?post=5219"}],"curies":[{"name":"wp","href":"https:\/\/api.w.org\/{rel}","templated":true}]}}