{"id":5218,"date":"2022-11-30T16:56:25","date_gmt":"2022-11-30T16:56:25","guid":{"rendered":"https:\/\/terapiaativa.com.br\/?post_type=product&#038;p=5218"},"modified":"2025-12-03T03:25:41","modified_gmt":"2025-12-03T03:25:41","slug":"oleo-de-menta-puro-original-san-jully-10ml","status":"publish","type":"product","link":"https:\/\/terapiaativa.com.br\/en\/product\/oleo-de-menta-puro-original-san-jully-10ml\/","title":{"rendered":"\u00d3leo de Menta Puro Original San Jully 10ml"},"content":{"rendered":"<p><strong>Caracter\u00edsticas:<\/strong><\/p>\n<ul>\n<li>Produto Natural e Vegano<\/li>\n<li>Possui propriedades analg\u00e9sicas e anti-inflamat\u00f3rias<\/li>\n<li>Age positivamente sobre o esgotamento f\u00edsico e mental<\/li>\n<li>Possui aroma refrescante e relaxante<\/li>\n<\/ul>\n<p class=\"new-pdp-c-h2\"><strong>Por que usar?<\/strong><\/p>\n<div class=\"product-information-new-pdp-c-content new-pdp-content-why-use\">\n<ul>\n<li>Estimulante do sistema nervoso, n\u00e1useas, dores de cabe\u00e7a e enxaqueca. Tamb\u00e9m ajuda na concentra\u00e7\u00e3o;<\/li>\n<li>Descongestionante, \u00e9 muito \u00fatil para o tratamento de alguns tipos de dores de cabe\u00e7a. Ajuda a combater a m\u00e1 respira\u00e7\u00e3o;<\/li>\n<li>Antiss\u00e9ptico e antiespasm\u00f3dico ajudam a reduzir o muco e aliviar tosses, sinusites, infec\u00e7\u00e3o na garganta, gripes, resfriado, asma e bronquite. Em luxa\u00e7\u00f5es auxilia na diminui\u00e7\u00e3o da dor e para alivio de tens\u00f5es musculares;<\/li>\n<li>Digestivo e hep\u00e1tico \u00e9 indicada para enjoos, indigest\u00e3o, flatul\u00eancia, mal h\u00e1lito;<\/li>\n<li>Muito \u00fatil no combate da fadiga mental, depress\u00e3o, estresse, dores de cabe\u00e7a, enxaquecas, tonturas, fraqueza e estados de choque, melhorando significativamente a agilidade mental e os n\u00edveis de concentra\u00e7\u00e3o.<\/li>\n<\/ul>\n<p><strong>Indica\u00e7\u00e3o<\/strong><\/p>\n<p class=\"new-pdp-p\">O\u00a0<strong>\u00d3leo Essencial de Menta Puro Original San Jully 10ml<\/strong>\u00a0\u00e9 uma subst\u00e2ncia concentrada e deve ser usado sempre dilu\u00eddo. Deve ser utilizado sob a orienta\u00e7\u00e3o de um m\u00e9dico ou profissional qualificado.<\/p>\n<\/div>\n<p>&nbsp;<\/p>\n<p class=\"new-pdp-c-h2\"><strong>Como usar?<\/strong><\/p>\n<div class=\"product-information-new-pdp-c-content new-pdp-content-how-use\">\n<ul>\n<li class=\"new-pdp-p\"><strong>Aromatiza\u00e7\u00e3o:<\/strong> para aromatizar o ambiente, adicione algumas gotas de \u00f3leo essencial de menta piperita em um borrifador com \u00e1gua. Agite sempre antes de usar. Em aromatizadores com velas ou resist\u00eancia, coloque uma colher de sopa de \u00e1gua morna com algumas gotas de \u00f3leo essencial de menta piperita. Para manter o n\u00edvel de \u00e1gua, complete sempre com \u00e1gua morna.<\/li>\n<li class=\"new-pdp-p\"><strong style=\"font-size: 16px;\">Massagem:<\/strong><span style=\"font-size: 16px;\"> misture o \u00f3leo essencial de menta piperita em uma base vegetal, na m\u00e9dia de 20 a 60 gotas para cada 100 ml de base vegetal. Para preparar uma por\u00e7\u00e3o suficiente para uma \u00fanica massagem, adicione 2 a 3 gotas de \u00f3leo essencial de menta piperita para cada colher de sopa de base vegetal, que poder\u00e1 ser o \u00f3leo de girassol, semente de uva, am\u00eandoas, entre outros.<\/span><\/li>\n<li class=\"new-pdp-p\"><strong style=\"font-size: 16px;\">Banhos:<\/strong><span style=\"font-size: 16px;\"> adicione de 5 a 10 gotas de \u00f3leo essencial de menta piperita em uma banheira de \u00e1gua morna. Em caso de peles sens\u00edveis, dilua em uma colher de ch\u00e1 de base vegetal.<\/span><\/li>\n<li class=\"new-pdp-p\"><strong style=\"font-size: 16px;\">Escalda-p\u00e9s e banho de assento:<\/strong><span style=\"font-size: 16px;\">\u00a0adicione de 3 a 5 gotas de \u00f3leo essencial de menta piperita dentro do recipiente com \u00e1gua morna.<\/span><\/li>\n<\/ul>\n<p><strong>Precau\u00e7\u00f5es<\/strong><\/p>\n<p class=\"new-pdp-p\">Havendo irrita\u00e7\u00e3o suspenda o uso, n\u00e3o usar sob a pele ferida. Em caso de contato acidental com os olhos, lavar com \u00e1gua abundantemente. MANTER FORA DO ALCANCE DE CRIAN\u00c7AS. Conservar em local fresco. Uso externo. N\u00e3o ingerir.<\/p>\n<\/div>","protected":false},"excerpt":{"rendered":"<p>O \u00d3leo Essencial de Menta Piperita \u00e9 100% natural. Possui propriedades, analg\u00e9sicas, anti-inflamat\u00f3rias, relaxantes e bactericidas. Sua aplica\u00e7\u00e3o olfativa \u00e9 energizante, agindo positivamente sobre esgotamento f\u00edsico e mental. Seu aroma \u00e9 fresco favorecendo o vigor do corpo e da mente. Use sempre que precisar e sinta o frescor!<\/p>","protected":false},"featured_media":5293,"comment_status":"open","ping_status":"closed","template":"","meta":{"_joinchat":[]},"product_brand":[],"product_cat":[169,18,167,168,19],"product_tag":[132,133],"class_list":{"0":"post-5218","1":"product","2":"type-product","3":"status-publish","4":"has-post-thumbnail","6":"product_cat-ansiedade","7":"product_cat-fitoterapicos","8":"product_cat-imunidade","9":"product_cat-insonia","10":"product_cat-saude","11":"product_tag-oleo-de-menta","12":"product_tag-oleo-para-massagem","14":"first","15":"outofstock","16":"shipping-taxable","17":"purchasable","18":"product-type-simple"},"jetpack_sharing_enabled":true,"_links":{"self":[{"href":"https:\/\/terapiaativa.com.br\/en\/wp-json\/wp\/v2\/product\/5218","targetHints":{"allow":["GET"]}}],"collection":[{"href":"https:\/\/terapiaativa.com.br\/en\/wp-json\/wp\/v2\/product"}],"about":[{"href":"https:\/\/terapiaativa.com.br\/en\/wp-json\/wp\/v2\/types\/product"}],"replies":[{"embeddable":true,"href":"https:\/\/terapiaativa.com.br\/en\/wp-json\/wp\/v2\/comments?post=5218"}],"wp:featuredmedia":[{"embeddable":true,"href":"https:\/\/terapiaativa.com.br\/en\/wp-json\/wp\/v2\/media\/5293"}],"wp:attachment":[{"href":"https:\/\/terapiaativa.com.br\/en\/wp-json\/wp\/v2\/media?parent=5218"}],"wp:term":[{"taxonomy":"product_brand","embeddable":true,"href":"https:\/\/terapiaativa.com.br\/en\/wp-json\/wp\/v2\/product_brand?post=5218"},{"taxonomy":"product_cat","embeddable":true,"href":"https:\/\/terapiaativa.com.br\/en\/wp-json\/wp\/v2\/product_cat?post=5218"},{"taxonomy":"product_tag","embeddable":true,"href":"https:\/\/terapiaativa.com.br\/en\/wp-json\/wp\/v2\/product_tag?post=5218"}],"curies":[{"name":"wp","href":"https:\/\/api.w.org\/{rel}","templated":true}]}}