{"id":5215,"date":"2022-11-30T16:56:25","date_gmt":"2022-11-30T16:56:25","guid":{"rendered":"https:\/\/terapiaativa.com.br\/?post_type=product&#038;p=5215"},"modified":"2025-12-03T03:27:18","modified_gmt":"2025-12-03T03:27:18","slug":"serum-vitamina-c-booster-anti-aging-phallebeauty","status":"publish","type":"product","link":"https:\/\/terapiaativa.com.br\/en\/product\/serum-vitamina-c-booster-anti-aging-phallebeauty\/","title":{"rendered":"S\u00e9rum Vitamina C Booster Anti-Aging Ph\u00e1lleBeauty"},"content":{"rendered":"<div class=\"product-detail page-product__detail\">\n<div class=\"_04MILK\">\n<div class=\"EZi7D0\">\n<div class=\"sJarux\">\n<p><strong>O S\u00e9rum Vitamina C Booster Anti-Aging Ph\u00e1lleBeauty<\/strong> \u00e9 um produto que cont\u00e9m vitamina C nanocapsulada, amino\u00e1cido de beterraba, \u00e1cido hialur\u00f4nico e vitamina E, que s\u00e3o ingredientes que atuam na preven\u00e7\u00e3o e no tratamento dos sinais de envelhecimento da pele. Ele pode ser usado para:<\/p>\n<ul>\n<li>Estimular a produ\u00e7\u00e3o de col\u00e1geno, que \u00e9 a prote\u00edna respons\u00e1vel pela firmeza e elasticidade da pele<\/li>\n<li>Clarear manchas e uniformizar o tom da pele<\/li>\n<li>Reduzir linhas finas, rugas e flacidez<\/li>\n<li>Combater os radicais livres, que s\u00e3o mol\u00e9culas que causam danos \u00e0s c\u00e9lulas da pele<\/li>\n<li>Hidratar e iluminar a pele<\/li>\n<\/ul>\n<p><strong>Para usar o S\u00e9rum Vitamina C Booster Anti-Aging Ph\u00e1lleBeauty, basta seguir as instru\u00e7\u00f5es abaixo:<\/strong><\/p>\n<ul>\n<li>Aplique algumas gotas do produto sobre o rosto limpo e seco, pela manh\u00e3 e \u00e0 noite<\/li>\n<li>Espalhe suavemente com movimentos ascendentes at\u00e9 a completa absor\u00e7\u00e3o<\/li>\n<li>Use protetor solar durante o dia para potencializar os resultados<\/li>\n<\/ul>\n<p><strong>O S\u00e9rum Vitamina C Booster Anti-Aging Ph\u00e1lleBeauty<\/strong> \u00e9 um produto oil free, ou seja, livre de \u00f3leo, que tem uma textura leve e aquosa de r\u00e1pida absor\u00e7\u00e3o e uma leve fragr\u00e2ncia. Ele \u00e9 indicado para todos os tipos de pele, mas \u00e9 recomendado consultar um m\u00e9dico antes de usar em caso de gravidez, amamenta\u00e7\u00e3o ou alergia a algum dos componentes da f\u00f3rmula.<\/p>\n<p><strong>N\u00e3o perca tempo e adquira j\u00e1 o seu S\u00e9rum Vitamina C Booster Anti-Aging Ph\u00e1lleBeauty,<\/strong> um produto que vai cuidar da sua pele com naturalidade e efic\u00e1cia. Aproveite as ofertas especiais e garanta o seu!<\/p>\n<\/div>\n<\/div>\n<\/div>\n<\/div>","protected":false},"excerpt":{"rendered":"<p>S\u00e9rum Vitamina C Booster Anti-Aging Ph\u00e1lleBeauty: previne e reduz os sinais de envelhecimento da pele. Com vitamina C, que tem a\u00e7\u00e3o antioxidante, clareadora e estimulante de col\u00e1geno. Deixa a pele mais firme, uniforme e luminosa. Aplique diariamente no rosto e pesco\u00e7o e sinta a juventude!<\/p>","protected":false},"featured_media":5286,"comment_status":"open","ping_status":"closed","template":"","meta":{"_joinchat":[]},"product_brand":[],"product_cat":[20,164],"product_tag":[128,129,130],"class_list":{"0":"post-5215","1":"product","2":"type-product","3":"status-publish","4":"has-post-thumbnail","6":"product_cat-cuidados","7":"product_cat-facial","8":"product_tag-cuidado-facial","9":"product_tag-serum","10":"product_tag-vitamina-c-30ml","12":"first","13":"outofstock","14":"shipping-taxable","15":"purchasable","16":"product-type-simple"},"jetpack_sharing_enabled":true,"_links":{"self":[{"href":"https:\/\/terapiaativa.com.br\/en\/wp-json\/wp\/v2\/product\/5215","targetHints":{"allow":["GET"]}}],"collection":[{"href":"https:\/\/terapiaativa.com.br\/en\/wp-json\/wp\/v2\/product"}],"about":[{"href":"https:\/\/terapiaativa.com.br\/en\/wp-json\/wp\/v2\/types\/product"}],"replies":[{"embeddable":true,"href":"https:\/\/terapiaativa.com.br\/en\/wp-json\/wp\/v2\/comments?post=5215"}],"wp:featuredmedia":[{"embeddable":true,"href":"https:\/\/terapiaativa.com.br\/en\/wp-json\/wp\/v2\/media\/5286"}],"wp:attachment":[{"href":"https:\/\/terapiaativa.com.br\/en\/wp-json\/wp\/v2\/media?parent=5215"}],"wp:term":[{"taxonomy":"product_brand","embeddable":true,"href":"https:\/\/terapiaativa.com.br\/en\/wp-json\/wp\/v2\/product_brand?post=5215"},{"taxonomy":"product_cat","embeddable":true,"href":"https:\/\/terapiaativa.com.br\/en\/wp-json\/wp\/v2\/product_cat?post=5215"},{"taxonomy":"product_tag","embeddable":true,"href":"https:\/\/terapiaativa.com.br\/en\/wp-json\/wp\/v2\/product_tag?post=5215"}],"curies":[{"name":"wp","href":"https:\/\/api.w.org\/{rel}","templated":true}]}}