{"id":5203,"date":"2022-11-30T16:55:59","date_gmt":"2022-11-30T16:55:59","guid":{"rendered":"https:\/\/terapiaativa.com.br\/?post_type=product&#038;p=5203"},"modified":"2025-12-26T13:06:49","modified_gmt":"2025-12-26T13:06:49","slug":"sabonete-micosan-90g-para-micoses-em-geral","status":"publish","type":"product","link":"https:\/\/terapiaativa.com.br\/en\/product\/sabonete-micosan-90g-para-micoses-em-geral\/","title":{"rendered":"Sabonete MICOSAN 90g para micoses em geral"},"content":{"rendered":"<p><strong>O Sabonete MICOSAN 90g para micoses em geral<\/strong> \u00e9 um produto que cont\u00e9m extratos vegetais que possuem propriedades anti-f\u00fangicas, anti-inflamat\u00f3rias e clareadoras. Ele pode ser usado para:<\/p>\n<ul>\n<li>Limpar a pele e combater as micoses causadas por fungos, como pano branco, impinge, frieira e coceira<\/li>\n<li>Clarear as manchas na pele causadas por micoses, espinhas, picadas de insetos ou m\u00e1 circula\u00e7\u00e3o sangu\u00ednea<\/li>\n<li>Prevenir o ressecamento e a descama\u00e7\u00e3o da pele<\/li>\n<li>Deixar a pele macia, fresca e perfumada<\/li>\n<\/ul>\n<p><strong>Para usar o Sabonete MICOSAN 90g para micoses em geral, basta seguir as instru\u00e7\u00f5es abaixo:<\/strong><\/p>\n<ul>\n<li>Aplique o produto sobre a pele \u00famida, fazendo movimentos circulares suaves<\/li>\n<li>Enx\u00e1gue bem com \u00e1gua em abund\u00e2ncia<\/li>\n<li>Use diariamente ou sempre que sentir necessidade<\/li>\n<\/ul>\n<p><strong>O Sabonete MICOSAN 90g para micoses em geral<\/strong> \u00e9 um produto natural e seguro, sem aditivos qu\u00edmicos ou conservantes. Ele \u00e9 indicado para todos os tipos de pele, mas \u00e9 recomendado consultar um m\u00e9dico antes de usar em caso de gravidez, amamenta\u00e7\u00e3o ou alergia a algum dos componentes da f\u00f3rmula.<\/p>\n<p><strong>N\u00e3o perca tempo e adquira j\u00e1 o seu Sabonete MICOSAN 90g para micoses em geral<\/strong>, um produto que vai limpar e cuidar da sua pele com naturalidade e efic\u00e1cia. Aproveite as ofertas especiais e garanta o seu!<\/p>","protected":false},"excerpt":{"rendered":"<p>Sabonete MICOSAN 90g para micoses em geral: combate os fungos que causam micoses na pele, nas unhas e no couro cabeludo. Com \u00f3leo de melaleuca, que tem a\u00e7\u00e3o antif\u00fangica, antibacteriana e cicatrizante. Ajuda a eliminar a coceira, a descama\u00e7\u00e3o e o mau cheiro. Use diariamente na \u00e1rea afetada e sinta o al\u00edvio!<\/p>","protected":false},"featured_media":5276,"comment_status":"open","ping_status":"closed","template":"","meta":{"_joinchat":[]},"product_brand":[],"product_cat":[18],"product_tag":[79,120,118,110,125],"class_list":{"0":"post-5203","1":"product","2":"type-product","3":"status-publish","4":"has-post-thumbnail","6":"product_cat-fitoterapicos","7":"product_tag-beleza","8":"product_tag-cuidado-com-a-pele","9":"product_tag-sabao-facial","10":"product_tag-sabonete-facial","11":"product_tag-sabonete-micosan","13":"first","14":"instock","15":"shipping-taxable","16":"purchasable","17":"product-type-simple"},"jetpack_sharing_enabled":true,"_links":{"self":[{"href":"https:\/\/terapiaativa.com.br\/en\/wp-json\/wp\/v2\/product\/5203","targetHints":{"allow":["GET"]}}],"collection":[{"href":"https:\/\/terapiaativa.com.br\/en\/wp-json\/wp\/v2\/product"}],"about":[{"href":"https:\/\/terapiaativa.com.br\/en\/wp-json\/wp\/v2\/types\/product"}],"replies":[{"embeddable":true,"href":"https:\/\/terapiaativa.com.br\/en\/wp-json\/wp\/v2\/comments?post=5203"}],"wp:featuredmedia":[{"embeddable":true,"href":"https:\/\/terapiaativa.com.br\/en\/wp-json\/wp\/v2\/media\/5276"}],"wp:attachment":[{"href":"https:\/\/terapiaativa.com.br\/en\/wp-json\/wp\/v2\/media?parent=5203"}],"wp:term":[{"taxonomy":"product_brand","embeddable":true,"href":"https:\/\/terapiaativa.com.br\/en\/wp-json\/wp\/v2\/product_brand?post=5203"},{"taxonomy":"product_cat","embeddable":true,"href":"https:\/\/terapiaativa.com.br\/en\/wp-json\/wp\/v2\/product_cat?post=5203"},{"taxonomy":"product_tag","embeddable":true,"href":"https:\/\/terapiaativa.com.br\/en\/wp-json\/wp\/v2\/product_tag?post=5203"}],"curies":[{"name":"wp","href":"https:\/\/api.w.org\/{rel}","templated":true}]}}