{"id":5191,"date":"2022-11-30T16:55:30","date_gmt":"2022-11-30T16:55:30","guid":{"rendered":"https:\/\/terapiaativa.com.br\/?post_type=product&#038;p=5191"},"modified":"2025-12-26T13:06:54","modified_gmt":"2025-12-26T13:06:54","slug":"sabonete-cremoso-rosa-mosqueta-90g","status":"publish","type":"product","link":"https:\/\/terapiaativa.com.br\/en\/product\/sabonete-cremoso-rosa-mosqueta-90g\/","title":{"rendered":"Sabonete Cremoso ROSA MOSQUETA 90g"},"content":{"rendered":"<p><strong>O Sabonete Cremoso ROSA MOSQUETA 90g<\/strong> \u00e9 um produto que cont\u00e9m \u00f3leo de rosa mosqueta, um \u00f3leo vegetal que possui propriedades regeneradoras, hidratantes e clareadoras da pele. Ele pode ser usado para:<\/p>\n<ul>\n<li>Limpar a pele e combater as manchas causadas por micoses, espinhas, picadas de insetos ou m\u00e1 circula\u00e7\u00e3o sangu\u00ednea<\/li>\n<li>Prevenir e tratar as estrias, os queloides e as cicatrizes na pele, estimulando a produ\u00e7\u00e3o de col\u00e1geno e a renova\u00e7\u00e3o celular<\/li>\n<li>Prevenir o envelhecimento precoce da pele, melhorando a elasticidade e a firmeza da pele<\/li>\n<li>Hidratar a pele seca e extra seca, mantendo a umidade natural da pele<\/li>\n<li>Deixar a pele macia, fresca e perfumada<\/li>\n<\/ul>\n<p><strong>Para usar o Sabonete Cremoso ROSA MOSQUETA 90g, basta seguir as instru\u00e7\u00f5es abaixo:<\/strong><\/p>\n<ul>\n<li>Aplique o produto sobre a pele \u00famida, fazendo movimentos circulares suaves<\/li>\n<li>Enx\u00e1gue bem com \u00e1gua em abund\u00e2ncia<\/li>\n<li>Use diariamente ou sempre que sentir necessidade<\/li>\n<\/ul>\n<p><strong>O Sabonete Cremoso ROSA MOSQUETA 90g \u00e9 um produto natural e seguro,<\/strong> sem aditivos qu\u00edmicos ou conservantes. Ele \u00e9 indicado para todos os tipos de pele, mas \u00e9 recomendado consultar um m\u00e9dico antes de usar em caso de gravidez, amamenta\u00e7\u00e3o ou alergia a algum dos componentes da f\u00f3rmula.<\/p>\n<p><strong>N\u00e3o perca tempo e adquira j\u00e1 o seu Sabonete Cremoso ROSA MOSQUETA 90g,<\/strong> um produto que vai limpar e cuidar da sua pele com naturalidade e efic\u00e1cia. Aproveite as ofertas especiais e garanta o seu!<\/p>","protected":false},"excerpt":{"rendered":"<p>Sabonete Cremoso ROSA MOSQUETA 90g: limpa, hidrata e clareia a pele. Com rosa mosqueta, que tem a\u00e7\u00e3o regeneradora, antioxidante e anti-inflamat\u00f3ria. Ajuda a reduzir manchas, cicatrizes e rugas. Use diariamente na pele \u00famida e sinta a suavidade!<\/p>","protected":false},"featured_media":5273,"comment_status":"open","ping_status":"closed","template":"","meta":{"_joinchat":[]},"product_brand":[],"product_cat":[20,164,18,165],"product_tag":[79,120,118,124,110],"class_list":{"0":"post-5191","1":"product","2":"type-product","3":"status-publish","4":"has-post-thumbnail","6":"product_cat-cuidados","7":"product_cat-facial","8":"product_cat-fitoterapicos","9":"product_cat-hidratacao","10":"product_tag-beleza","11":"product_tag-cuidado-com-a-pele","12":"product_tag-sabao-facial","13":"product_tag-sabonete-cremoso-rosa-mosqueta","14":"product_tag-sabonete-facial","16":"first","17":"instock","18":"shipping-taxable","19":"purchasable","20":"product-type-simple"},"jetpack_sharing_enabled":true,"_links":{"self":[{"href":"https:\/\/terapiaativa.com.br\/en\/wp-json\/wp\/v2\/product\/5191","targetHints":{"allow":["GET"]}}],"collection":[{"href":"https:\/\/terapiaativa.com.br\/en\/wp-json\/wp\/v2\/product"}],"about":[{"href":"https:\/\/terapiaativa.com.br\/en\/wp-json\/wp\/v2\/types\/product"}],"replies":[{"embeddable":true,"href":"https:\/\/terapiaativa.com.br\/en\/wp-json\/wp\/v2\/comments?post=5191"}],"wp:featuredmedia":[{"embeddable":true,"href":"https:\/\/terapiaativa.com.br\/en\/wp-json\/wp\/v2\/media\/5273"}],"wp:attachment":[{"href":"https:\/\/terapiaativa.com.br\/en\/wp-json\/wp\/v2\/media?parent=5191"}],"wp:term":[{"taxonomy":"product_brand","embeddable":true,"href":"https:\/\/terapiaativa.com.br\/en\/wp-json\/wp\/v2\/product_brand?post=5191"},{"taxonomy":"product_cat","embeddable":true,"href":"https:\/\/terapiaativa.com.br\/en\/wp-json\/wp\/v2\/product_cat?post=5191"},{"taxonomy":"product_tag","embeddable":true,"href":"https:\/\/terapiaativa.com.br\/en\/wp-json\/wp\/v2\/product_tag?post=5191"}],"curies":[{"name":"wp","href":"https:\/\/api.w.org\/{rel}","templated":true}]}}