{"id":5182,"date":"2022-11-30T16:55:05","date_gmt":"2022-11-30T16:55:05","guid":{"rendered":"https:\/\/terapiaativa.com.br\/?post_type=product&#038;p=5182"},"modified":"2025-12-26T13:07:12","modified_gmt":"2025-12-26T13:07:12","slug":"sabonete-cremoso-aroeira-90g","status":"publish","type":"product","link":"https:\/\/terapiaativa.com.br\/en\/product\/sabonete-cremoso-aroeira-90g\/","title":{"rendered":"Sabonete Cremoso AROEIRA 90g"},"content":{"rendered":"<p><strong>O Sabonete Cremoso AROEIRA 90g<\/strong> \u00e9 um produto natural e eficiente que cont\u00e9m extrato de aroeira, uma planta da flora brasileira que possui propriedades adstringentes, regeneradoras e cicatrizantes da pele. Ele \u00e9 indicado para limpar e hidratar a pele, proporcionando um toque suave e agrad\u00e1vel.<\/p>\n<p><strong>Benef\u00edcios:<\/strong><\/p>\n<p>&#8211; Limpa suavemente a pele, sem agredir ou ressecar<br \/>\n&#8211; Previne e trata as inflama\u00e7\u00f5es e ferimentos da pele, como psor\u00edase, escaras e queimaduras<br \/>\n&#8211; Regenera e contrai a pele, melhorando a apar\u00eancia de manchas, espinhas e cravos<br \/>\n&#8211; Hidrata e suaviza a pele, mantendo a umidade natural da pele<br \/>\n&#8211; Possui formula\u00e7\u00e3o cremosa, super perfumada e 100% vegetal<\/p>\n<p><strong>Modo de usar:<\/strong><\/p>\n<p>&#8211; Aplique o sabonete sobre a pele \u00famida, fazendo movimentos circulares suaves<br \/>\n&#8211; Enx\u00e1gue bem com \u00e1gua em abund\u00e2ncia<br \/>\n&#8211; Use diariamente pela manh\u00e3 e \u00e0 noite<\/p>\n<p><strong>Recomenda\u00e7\u00f5es:<\/strong><\/p>\n<p>&#8211; Evite o contato com os olhos e mucosas<br \/>\n&#8211; Em caso de irrita\u00e7\u00e3o, suspenda o uso e procure um m\u00e9dico<br \/>\n&#8211; Mantenha fora do alcance das crian\u00e7as<br \/>\n&#8211; Conserve em local fresco e seco<\/p>\n<p><strong>N\u00e3o perca tempo e adquira j\u00e1 o seu Sabonete Cremoso AROEIRA 90g<\/strong> pelo nosso site e receba em casa com toda a comodidade e seguran\u00e7a. Aproveite as ofertas especiais e garanta o seu!<\/p>","protected":false},"excerpt":{"rendered":"<p>O Sabonete Cremoso <strong>AROEIRA<\/strong> 90g \u00e9 um produto natural que limpa, regenera e acalma a pele. Ele cont\u00e9m aroeira, que \u00e9 um extrato vegetal com propriedades adstringentes, anti-inflamat\u00f3rias e cicatrizantes. Aplique o sabonete sobre a pele \u00famida e massageie at\u00e9 formar espuma. Enx\u00e1gue e sinta a pele macia, hidratada e livre de manchas, espinhas e cravos. Experimente e comprove os benef\u00edcios do sabonete de aroeira!<\/p>","protected":false},"featured_media":5265,"comment_status":"open","ping_status":"closed","template":"","meta":{"_joinchat":[]},"product_brand":[],"product_cat":[20,164,18,165,19,174],"product_tag":[79,120,121,118,110],"class_list":{"0":"post-5182","1":"product","2":"type-product","3":"status-publish","4":"has-post-thumbnail","6":"product_cat-cuidados","7":"product_cat-facial","8":"product_cat-fitoterapicos","9":"product_cat-hidratacao","10":"product_cat-saude","11":"product_cat-saude-da-mulher","12":"product_tag-beleza","13":"product_tag-cuidado-com-a-pele","14":"product_tag-sabao-cremoso-de-aroeira","15":"product_tag-sabao-facial","16":"product_tag-sabonete-facial","18":"first","19":"instock","20":"shipping-taxable","21":"purchasable","22":"product-type-simple"},"jetpack_sharing_enabled":true,"_links":{"self":[{"href":"https:\/\/terapiaativa.com.br\/en\/wp-json\/wp\/v2\/product\/5182","targetHints":{"allow":["GET"]}}],"collection":[{"href":"https:\/\/terapiaativa.com.br\/en\/wp-json\/wp\/v2\/product"}],"about":[{"href":"https:\/\/terapiaativa.com.br\/en\/wp-json\/wp\/v2\/types\/product"}],"replies":[{"embeddable":true,"href":"https:\/\/terapiaativa.com.br\/en\/wp-json\/wp\/v2\/comments?post=5182"}],"wp:featuredmedia":[{"embeddable":true,"href":"https:\/\/terapiaativa.com.br\/en\/wp-json\/wp\/v2\/media\/5265"}],"wp:attachment":[{"href":"https:\/\/terapiaativa.com.br\/en\/wp-json\/wp\/v2\/media?parent=5182"}],"wp:term":[{"taxonomy":"product_brand","embeddable":true,"href":"https:\/\/terapiaativa.com.br\/en\/wp-json\/wp\/v2\/product_brand?post=5182"},{"taxonomy":"product_cat","embeddable":true,"href":"https:\/\/terapiaativa.com.br\/en\/wp-json\/wp\/v2\/product_cat?post=5182"},{"taxonomy":"product_tag","embeddable":true,"href":"https:\/\/terapiaativa.com.br\/en\/wp-json\/wp\/v2\/product_tag?post=5182"}],"curies":[{"name":"wp","href":"https:\/\/api.w.org\/{rel}","templated":true}]}}