{"id":5174,"date":"2022-11-30T16:54:45","date_gmt":"2022-11-30T16:54:45","guid":{"rendered":"https:\/\/terapiaativa.com.br\/?post_type=product&#038;p=5174"},"modified":"2025-12-26T13:07:15","modified_gmt":"2025-12-26T13:07:15","slug":"sabonete-cremoso-copaiba-90g","status":"publish","type":"product","link":"https:\/\/terapiaativa.com.br\/en\/product\/sabonete-cremoso-copaiba-90g\/","title":{"rendered":"Sabonete Cremoso COPA\u00cdBA 90g"},"content":{"rendered":"<p><strong>O Sabonete Cremoso COPA\u00cdBA 90g<\/strong> \u00e9 um produto natural e eficiente que cont\u00e9m extrato de copa\u00edba, um \u00f3leo vegetal que possui propriedades regeneradoras, desintoxicantes e calmantes da pele. Ele \u00e9 indicado para limpar e hidratar a pele, proporcionando um toque suave e agrad\u00e1vel.<\/p>\n<p><strong>Benef\u00edcios:<\/strong><\/p>\n<p>&#8211; Limpa suavemente a pele, sem agredir ou ressecar<br \/>\n&#8211; Regenera e acalma a pele, prevenindo irrita\u00e7\u00f5es e inflama\u00e7\u00f5es<br \/>\n&#8211; Desintoxica e purifica a pele, eliminando as impurezas e as toxinas<br \/>\n&#8211; Hidrata e suaviza a pele, mantendo a umidade natural da pele<br \/>\n&#8211; Possui formula\u00e7\u00e3o cremosa, super perfumada e 100% vegetal<\/p>\n<p><strong>Modo de usar:<\/strong><\/p>\n<p>&#8211; Aplique o sabonete sobre a pele \u00famida, fazendo movimentos circulares suaves<br \/>\n&#8211; Enx\u00e1gue bem com \u00e1gua em abund\u00e2ncia<br \/>\n&#8211; Use diariamente pela manh\u00e3 e \u00e0 noite<\/p>\n<p><strong>Recomenda\u00e7\u00f5es:<\/strong><\/p>\n<p>&#8211; Evite o contato com os olhos e mucosas<br \/>\n&#8211; Em caso de irrita\u00e7\u00e3o, suspenda o uso e procure um m\u00e9dico<br \/>\n&#8211; Mantenha fora do alcance das crian\u00e7as<br \/>\n&#8211; Conserve em local fresco e seco<\/p>\n<p><strong>N\u00e3o perca tempo e adquira j\u00e1 o seu Sabonete Cremoso COPA\u00cdBA 90g pelo nosso site<\/strong> e receba em casa com toda a comodidade e seguran\u00e7a. Aproveite as ofertas especiais e garanta o seu!<\/p>","protected":false},"excerpt":{"rendered":"<p>O Sabonete Cremoso COPA\u00cdBA 90g \u00e9 um produto natural que limpa, regenera e acalma a pele. Ele cont\u00e9m copa\u00edba, que \u00e9 um extrato vegetal com propriedades antibacterianas, anti-inflamat\u00f3rias e cicatrizantes. Aplique o sabonete sobre a pele \u00famida e massageie at\u00e9 formar espuma. Enx\u00e1gue e sinta a pele suave, hidratada e perfumada. Experimente e comprove os benef\u00edcios do sabonete de copa\u00edba!<\/p>","protected":false},"featured_media":5262,"comment_status":"open","ping_status":"closed","template":"","meta":{"_joinchat":[]},"product_brand":[],"product_cat":[20,164,18,165],"product_tag":[79,118,119,110],"class_list":{"0":"post-5174","1":"product","2":"type-product","3":"status-publish","4":"has-post-thumbnail","6":"product_cat-cuidados","7":"product_cat-facial","8":"product_cat-fitoterapicos","9":"product_cat-hidratacao","10":"product_tag-beleza","11":"product_tag-sabao-facial","12":"product_tag-sabonete-de-copaiba","13":"product_tag-sabonete-facial","15":"first","16":"instock","17":"shipping-taxable","18":"purchasable","19":"product-type-simple"},"jetpack_sharing_enabled":true,"_links":{"self":[{"href":"https:\/\/terapiaativa.com.br\/en\/wp-json\/wp\/v2\/product\/5174","targetHints":{"allow":["GET"]}}],"collection":[{"href":"https:\/\/terapiaativa.com.br\/en\/wp-json\/wp\/v2\/product"}],"about":[{"href":"https:\/\/terapiaativa.com.br\/en\/wp-json\/wp\/v2\/types\/product"}],"replies":[{"embeddable":true,"href":"https:\/\/terapiaativa.com.br\/en\/wp-json\/wp\/v2\/comments?post=5174"}],"wp:featuredmedia":[{"embeddable":true,"href":"https:\/\/terapiaativa.com.br\/en\/wp-json\/wp\/v2\/media\/5262"}],"wp:attachment":[{"href":"https:\/\/terapiaativa.com.br\/en\/wp-json\/wp\/v2\/media?parent=5174"}],"wp:term":[{"taxonomy":"product_brand","embeddable":true,"href":"https:\/\/terapiaativa.com.br\/en\/wp-json\/wp\/v2\/product_brand?post=5174"},{"taxonomy":"product_cat","embeddable":true,"href":"https:\/\/terapiaativa.com.br\/en\/wp-json\/wp\/v2\/product_cat?post=5174"},{"taxonomy":"product_tag","embeddable":true,"href":"https:\/\/terapiaativa.com.br\/en\/wp-json\/wp\/v2\/product_tag?post=5174"}],"curies":[{"name":"wp","href":"https:\/\/api.w.org\/{rel}","templated":true}]}}