{"id":5173,"date":"2022-11-30T16:54:44","date_gmt":"2022-11-30T16:54:44","guid":{"rendered":"https:\/\/terapiaativa.com.br\/?post_type=product&#038;p=5173"},"modified":"2025-12-26T13:07:19","modified_gmt":"2025-12-26T13:07:19","slug":"bio-instinto-canela-de-velho-oleo-p-massagem-130ml","status":"publish","type":"product","link":"https:\/\/terapiaativa.com.br\/en\/product\/bio-instinto-canela-de-velho-oleo-p-massagem-130ml\/","title":{"rendered":"\u00d3leo P\/ Massagem Canela de Velho Bio Instinto 130ml"},"content":{"rendered":"<p><strong>INDICA\u00c7\u00d5ES:\u00a0<\/strong>O \u00d3leo Massageador para Canela de Velho Bio Instinto possui extratos naturais que auxiliam no al\u00edvio dos sintomas de rigidez ou fadiga muscular.<\/p>\n<p><strong>INFORMA\u00c7\u00d5ES:\u00a0<\/strong><\/p>\n<ul>\n<li>Agite antes de usar!<\/li>\n<li>Unha de gato<\/li>\n<li>Copa\u00edba<\/li>\n<li>Mil folhas<\/li>\n<li>Mentol<\/li>\n<li>C\u00e2nfora<\/li>\n<li>Mastruz<\/li>\n<li>A\u00e7\u00e3o hidratante<\/li>\n<li>N\u00e3o cont\u00e9m Extrato de Canela de Velho * Atributos obtidos apenas quando associados \u00e0 massagens.<\/li>\n<li>Produto Cosm\u00e9tico<\/li>\n<li>Este Kit Cont\u00e9m: 01 Unidade de Bio Instinto Canela de Velho \u00d3leo P\/ Massagem 130ml<\/li>\n<\/ul>\n<p><strong>MODO DE USAR: <\/strong><span style=\"font-size: 16px;\">Aplique sobre as pernas com aux\u00edlio de massagens constantes de baixo para cima, at\u00e9 completa absor\u00e7\u00e3o. N\u00e3o enx\u00e1gue.<\/span><\/p>\n<section class=\"elementor-section elementor-top-section elementor-element elementor-element-83c9aaa elementor-section-boxed elementor-section-height-default elementor-section-height-default wd-section-disabled\" data-id=\"83c9aaa\" data-element_type=\"section\" data-settings=\"{&quot;enabled_visibility&quot;:&quot;yes&quot;,&quot;_ha_eqh_enable&quot;:false}\">\n<div class=\"elementor-container elementor-column-gap-default\">\n<div class=\"elementor-column elementor-col-50 elementor-top-column elementor-element elementor-element-9ac9d3a\" data-id=\"9ac9d3a\" data-element_type=\"column\">\n<div class=\"elementor-widget-wrap elementor-element-populated\">\n<div class=\"elementor-element elementor-element-9b87b55 color-scheme-inherit text-left elementor-widget elementor-widget-text-editor\" data-id=\"9b87b55\" data-element_type=\"widget\" data-widget_type=\"text-editor.default\"><\/div>\n<\/div>\n<\/div>\n<\/div>\n<\/section>\n<p><strong>FINALIDADE:\u00a0<\/strong>O \u00d3leo Desodorante Massageador Para Canela de Velho Bio Instinto possui extratos naturais que auxiliam no al\u00edvio dos sintomas de rigidez ou fadiga muscular al\u00e9m de proporcionar efeito desodorante prolongado.<\/p>\n<p><strong>ADIVERT\u00caNCIAS:<\/strong> Somente para uso externo. N\u00e3o aplicar pr\u00f3ximo a mucosas, olhos e\/ou em locais onde a pele estiver lesionada ou irritada. N\u00e3o inalar. Nunca ingerir. Se houver irrita\u00e7\u00e3o, descontinuar o uso e procurar orienta\u00e7\u00e3o m\u00e9dica. O produto \u00e9 seguro, n\u00e3o sendo recomendado para pessoas que tenham sensibilidade a algum componente da formula\u00e7\u00e3o, crian\u00e7as, gestantes e lactantes. Conservar em temperatura ambiente inferior a 40\u00b0C, em local fresco e longe da luz solar. Manter fora do alcance de crian\u00e7as e animais dom\u00e9sticos.<\/p>\n<p>&nbsp;<\/p>","protected":false},"excerpt":{"rendered":"<p>O \u00d3leo Massageador Canela de Velho Possui Extratos Naturais Que Auxiliam no Al\u00edvio dos Sintomas da Rigidez ou Fadiga Muscular. Cosm\u00e9tica Desenvolvida com Ervas Naturais para Promover em Poucos Minutos, Relaxamento e Conforto Corporal. Voc\u00ea vai sentir uma sensa\u00e7\u00e3o de conforto e bem-estar. Experimente e comprove a efic\u00e1cia!<\/p>","protected":false},"featured_media":5259,"comment_status":"open","ping_status":"closed","template":"","meta":{"_joinchat":[]},"product_brand":[],"product_cat":[176],"product_tag":[79,116,117,105,101,94],"class_list":{"0":"post-5173","1":"product","2":"type-product","3":"status-publish","4":"has-post-thumbnail","6":"product_cat-massagens","7":"product_tag-beleza","8":"product_tag-desodorante","9":"product_tag-desodorante-massageador","10":"product_tag-gel","11":"product_tag-gel-massageador","12":"product_tag-pomada-massageadora","14":"first","15":"instock","16":"shipping-taxable","17":"purchasable","18":"product-type-simple"},"jetpack_sharing_enabled":true,"_links":{"self":[{"href":"https:\/\/terapiaativa.com.br\/en\/wp-json\/wp\/v2\/product\/5173","targetHints":{"allow":["GET"]}}],"collection":[{"href":"https:\/\/terapiaativa.com.br\/en\/wp-json\/wp\/v2\/product"}],"about":[{"href":"https:\/\/terapiaativa.com.br\/en\/wp-json\/wp\/v2\/types\/product"}],"replies":[{"embeddable":true,"href":"https:\/\/terapiaativa.com.br\/en\/wp-json\/wp\/v2\/comments?post=5173"}],"wp:featuredmedia":[{"embeddable":true,"href":"https:\/\/terapiaativa.com.br\/en\/wp-json\/wp\/v2\/media\/5259"}],"wp:attachment":[{"href":"https:\/\/terapiaativa.com.br\/en\/wp-json\/wp\/v2\/media?parent=5173"}],"wp:term":[{"taxonomy":"product_brand","embeddable":true,"href":"https:\/\/terapiaativa.com.br\/en\/wp-json\/wp\/v2\/product_brand?post=5173"},{"taxonomy":"product_cat","embeddable":true,"href":"https:\/\/terapiaativa.com.br\/en\/wp-json\/wp\/v2\/product_cat?post=5173"},{"taxonomy":"product_tag","embeddable":true,"href":"https:\/\/terapiaativa.com.br\/en\/wp-json\/wp\/v2\/product_tag?post=5173"}],"curies":[{"name":"wp","href":"https:\/\/api.w.org\/{rel}","templated":true}]}}