{"id":5162,"date":"2022-11-30T16:54:21","date_gmt":"2022-11-30T16:54:21","guid":{"rendered":"https:\/\/terapiaativa.com.br\/?post_type=product&#038;p=5162"},"modified":"2025-12-03T03:04:05","modified_gmt":"2025-12-03T03:04:05","slug":"mascara-facial-50g-pepino-phallebeauty","status":"publish","type":"product","link":"https:\/\/terapiaativa.com.br\/en\/product\/mascara-facial-50g-pepino-phallebeauty\/","title":{"rendered":"M\u00e1scara Facial 50g Pepino Phallebeauty"},"content":{"rendered":"<p>&nbsp;<\/p>\n<p><strong>A M\u00e1scara Facial 50g Pepino Phallebeauty<\/strong> \u00e9 um produto que cont\u00e9m extrato de pepino, um ingrediente natural que possui propriedades calmantes, refrescantes e hidratantes da pele. Ela pode ser usada para:<\/p>\n<ul>\n<li>Relaxar a pele e aliviar o estresse e o cansa\u00e7o<\/li>\n<li>Reduzir a oleosidade e os poros dilatados da pele<\/li>\n<li>Prevenir e tratar as espinhas e os cravos na pele<\/li>\n<li>Hidratar e suavizar a pele seca e sens\u00edvel<\/li>\n<li>Prevenir o envelhecimento precoce da pele, melhorando a elasticidade e a luminosidade da pele<\/li>\n<\/ul>\n<p><strong>Para usar a M\u00e1scara Facial 50g Pepino Phallebeauty, basta seguir as instru\u00e7\u00f5es abaixo:<\/strong><\/p>\n<ul>\n<li>Lave o rosto com \u00e1gua e sabonete<\/li>\n<li>Aplique uma camada uniforme da m\u00e1scara sobre o rosto, evitando a \u00e1rea dos olhos e da boca<\/li>\n<li>Deixe agir por 15 a 20 minutos<\/li>\n<li>Remova a m\u00e1scara com \u00e1gua morna ou fria<\/li>\n<li>Use uma ou duas vezes por semana<\/li>\n<\/ul>\n<p><strong>A M\u00e1scara Facial 50g Pepino Phallebeauty<\/strong> \u00e9 um produto natural e seguro, sem parabenos, sulfatos ou corantes. Ela \u00e9 indicada para todos os tipos de pele, mas \u00e9 recomendado consultar um m\u00e9dico antes de usar em caso de gravidez, amamenta\u00e7\u00e3o ou alergia a algum dos componentes da f\u00f3rmula.<\/p>\n<p><strong>N\u00e3o perca tempo e adquira j\u00e1 a sua M\u00e1scara Facial 50g Pepino Phallebeauty,<\/strong> um produto que vai relaxar e cuidar da sua pele com naturalidade e efic\u00e1cia. Aproveite as ofertas especiais e garanta a sua!<\/p>","protected":false},"excerpt":{"rendered":"<p>M\u00e1scara Facial 50g Pepino Phallebeauty: revitaliza, refresca e hidrata a pele do rosto. Com pepino, que tem a\u00e7\u00e3o calmante, adstringente e antioxidante. Ajuda a reduzir a oleosidade, os poros e as olheiras. Aplique semanalmente no rosto limpo e seco e sinta a renova\u00e7\u00e3o!<\/p>","protected":false},"featured_media":5255,"comment_status":"open","ping_status":"closed","template":"","meta":{"_joinchat":[]},"product_brand":[],"product_cat":[20,164,165],"product_tag":[114,63,80,115],"class_list":{"0":"post-5162","1":"product","2":"type-product","3":"status-publish","4":"has-post-thumbnail","6":"product_cat-cuidados","7":"product_cat-facial","8":"product_cat-hidratacao","9":"product_tag-carvao-ativado","10":"product_tag-cuidado-facil","11":"product_tag-cuidado-feminino","12":"product_tag-mascara-facial","14":"first","15":"outofstock","16":"shipping-taxable","17":"purchasable","18":"product-type-simple"},"jetpack_sharing_enabled":true,"_links":{"self":[{"href":"https:\/\/terapiaativa.com.br\/en\/wp-json\/wp\/v2\/product\/5162","targetHints":{"allow":["GET"]}}],"collection":[{"href":"https:\/\/terapiaativa.com.br\/en\/wp-json\/wp\/v2\/product"}],"about":[{"href":"https:\/\/terapiaativa.com.br\/en\/wp-json\/wp\/v2\/types\/product"}],"replies":[{"embeddable":true,"href":"https:\/\/terapiaativa.com.br\/en\/wp-json\/wp\/v2\/comments?post=5162"}],"wp:featuredmedia":[{"embeddable":true,"href":"https:\/\/terapiaativa.com.br\/en\/wp-json\/wp\/v2\/media\/5255"}],"wp:attachment":[{"href":"https:\/\/terapiaativa.com.br\/en\/wp-json\/wp\/v2\/media?parent=5162"}],"wp:term":[{"taxonomy":"product_brand","embeddable":true,"href":"https:\/\/terapiaativa.com.br\/en\/wp-json\/wp\/v2\/product_brand?post=5162"},{"taxonomy":"product_cat","embeddable":true,"href":"https:\/\/terapiaativa.com.br\/en\/wp-json\/wp\/v2\/product_cat?post=5162"},{"taxonomy":"product_tag","embeddable":true,"href":"https:\/\/terapiaativa.com.br\/en\/wp-json\/wp\/v2\/product_tag?post=5162"}],"curies":[{"name":"wp","href":"https:\/\/api.w.org\/{rel}","templated":true}]}}