{"id":5160,"date":"2022-11-30T16:54:21","date_gmt":"2022-11-30T16:54:21","guid":{"rendered":"https:\/\/terapiaativa.com.br\/?post_type=product&#038;p=5160"},"modified":"2025-12-27T01:06:33","modified_gmt":"2025-12-27T01:06:33","slug":"a-saude-da-mulher-concentrado-plantas-medicinais-500-ml","status":"publish","type":"product","link":"https:\/\/terapiaativa.com.br\/en\/product\/a-saude-da-mulher-concentrado-plantas-medicinais-500-ml\/","title":{"rendered":"A Saude da Mulher Concentrado Plantas Medicinais 500 ml"},"content":{"rendered":"<p><strong>O A Sa\u00fade da Mulher Concentrado Plantas Medicinais 500 ml<\/strong> \u00e9 um produto natural e seguro que cont\u00e9m ingredientes naturais com propriedades reguladoras, antiespasm\u00f3dicas e anti-inflamat\u00f3rias da pele. Ele \u00e9 indicado para mulheres adultas que querem regular e cuidar da sua sa\u00fade feminina com efic\u00e1cia.<\/p>\n<p><strong>Benef\u00edcios:<\/strong><\/p>\n<ul>\n<li>Regula o ciclo menstrual e alivia as c\u00f3licas menstruais<\/li>\n<li>Atenua as perturba\u00e7\u00f5es da menopausa e as dismenorreias (c\u00f3licas menstruais) agudas ou cr\u00f4nicas<\/li>\n<li>Corrige as irregularidades do fluxo menstrual<\/li>\n<li>Previne e trata as inflama\u00e7\u00f5es e hemorragias uterinas<\/li>\n<li>Relaxa o sistema nervoso e combate o estresse<\/li>\n<\/ul>\n<p><strong>Modo de usar:<\/strong><\/p>\n<ul>\n<li>Tomar 2 colheres de sopa em meio copo de \u00e1gua 3 vezes ao dia<\/li>\n<li>Nas irregularidades do fluxo menstrual, iniciar o tratamento 15 dias ap\u00f3s o t\u00e9rmino da menstrua\u00e7\u00e3o e tomar por 7 dias<\/li>\n<li>Nos casos de c\u00f3licas menstruais, tomar durante a menstrua\u00e7\u00e3o<\/li>\n<li>Nos casos de inflama\u00e7\u00f5es e hemorragias uterinas, tomar at\u00e9 o al\u00edvio dos sintomas<\/li>\n<\/ul>\n<p><strong>Recomenda\u00e7\u00f5es:<\/strong><\/p>\n<ul>\n<li>Consultar um m\u00e9dico antes de usar em caso de gravidez, amamenta\u00e7\u00e3o ou alergia a algum dos componentes da f\u00f3rmula<\/li>\n<li>N\u00e3o exceder a dose recomendada<\/li>\n<li>Manter fora do alcance das crian\u00e7as<\/li>\n<\/ul>\n<p><strong>ESPECIFICA\u00c7\u00d5ES:<\/strong><\/p>\n<ul>\n<li>Cont\u00e9m 500ml.<\/li>\n<li><span style=\"font-size: 16px;\">Suplemento Alimentar. <\/span><\/li>\n<li><span style=\"font-size: 16px;\">Produto 100% Natural. <\/span><\/li>\n<li><span style=\"font-size: 16px;\">N\u00e3o cont\u00e9m gl\u00fatem.<\/span><\/li>\n<\/ul>\n<p><strong>COMPOSI\u00c7\u00c3O:<\/strong> Aroeira, Barbartim\u00e3o, Sangra D\u00b4Agua, Algod\u00e3ozinho, Mama-cadela, Carobinha, Amaruleite, Suma Roxa, Agoniada, P\u00e9 de Perdiz, Unha de Gato, Feno Grego, Uxi Amarelo, Marapuama, Catuaba, Vergateza, Ip\u00ea Roxo, Cansan\u00e7\u00e3o.<\/p>\n<p><strong>N\u00e3o perca tempo e adquira j\u00e1 o seu A Sa\u00fade da Mulher Concentrado Plantas Medicinais 500 ml<\/strong> pelo nosso site e receba em casa com toda a comodidade e seguran\u00e7a. Aproveite as ofertas especiais e garanta o seu!<\/p>","protected":false},"excerpt":{"rendered":"<p>A Sa\u00fade da Mulher Concentrado Plantas Medicinais 500 ml \u00e9 um produto natural que ajuda a regular o ciclo menstrual, aliviar as c\u00f3licas e os sintomas da menopausa. Ele \u00e9 composto por diversas plantas medicinais, como aroeira, barbatim\u00e3o, algod\u00e3ozinho, unha de gato, uxi amarelo e ip\u00ea roxo, que possuem propriedades antiespasm\u00f3dicas, anti-inflamat\u00f3rias e antioxidantes. Basta tomar duas colheres de sopa em meio copo de \u00e1gua tr\u00eas vezes ao dia para sentir os benef\u00edcios.<\/p>","protected":false},"featured_media":5252,"comment_status":"open","ping_status":"closed","template":"","meta":{"_joinchat":[]},"product_brand":[],"product_cat":[18,163,19,174],"product_tag":[83,113,112,48],"class_list":{"0":"post-5160","1":"product","2":"type-product","3":"status-publish","4":"has-post-thumbnail","6":"product_cat-fitoterapicos","7":"product_cat-intimo","8":"product_cat-saude","9":"product_cat-saude-da-mulher","10":"product_tag-cuidado-com-a-saude","11":"product_tag-cuidado-femino","12":"product_tag-saude-da-mulher","13":"product_tag-suplemento-alimentar","15":"first","16":"outofstock","17":"shipping-taxable","18":"purchasable","19":"product-type-simple"},"jetpack_sharing_enabled":true,"_links":{"self":[{"href":"https:\/\/terapiaativa.com.br\/en\/wp-json\/wp\/v2\/product\/5160","targetHints":{"allow":["GET"]}}],"collection":[{"href":"https:\/\/terapiaativa.com.br\/en\/wp-json\/wp\/v2\/product"}],"about":[{"href":"https:\/\/terapiaativa.com.br\/en\/wp-json\/wp\/v2\/types\/product"}],"replies":[{"embeddable":true,"href":"https:\/\/terapiaativa.com.br\/en\/wp-json\/wp\/v2\/comments?post=5160"}],"wp:featuredmedia":[{"embeddable":true,"href":"https:\/\/terapiaativa.com.br\/en\/wp-json\/wp\/v2\/media\/5252"}],"wp:attachment":[{"href":"https:\/\/terapiaativa.com.br\/en\/wp-json\/wp\/v2\/media?parent=5160"}],"wp:term":[{"taxonomy":"product_brand","embeddable":true,"href":"https:\/\/terapiaativa.com.br\/en\/wp-json\/wp\/v2\/product_brand?post=5160"},{"taxonomy":"product_cat","embeddable":true,"href":"https:\/\/terapiaativa.com.br\/en\/wp-json\/wp\/v2\/product_cat?post=5160"},{"taxonomy":"product_tag","embeddable":true,"href":"https:\/\/terapiaativa.com.br\/en\/wp-json\/wp\/v2\/product_tag?post=5160"}],"curies":[{"name":"wp","href":"https:\/\/api.w.org\/{rel}","templated":true}]}}