{"id":5158,"date":"2022-11-30T16:54:21","date_gmt":"2022-11-30T16:54:21","guid":{"rendered":"https:\/\/terapiaativa.com.br\/?post_type=product&#038;p=5158"},"modified":"2025-12-03T03:05:59","modified_gmt":"2025-12-03T03:05:59","slug":"gel-balsamo-pimenta-negra-massageador-150g-belkit","status":"publish","type":"product","link":"https:\/\/terapiaativa.com.br\/en\/product\/gel-balsamo-pimenta-negra-massageador-150g-belkit\/","title":{"rendered":"Gel B\u00e1lsamo Pimenta Negra Massageador 150g &#8211; Belkit"},"content":{"rendered":"<p><strong>O Gel B\u00e1lsamo Pimenta Negra Massageador 150g &#8211; Belkit<\/strong> \u00e9 um produto natural e eficiente que cont\u00e9m extrato de pimenta negra, um termoativo que auxilia na circula\u00e7\u00e3o e no al\u00edvio das dores musculares. Ele \u00e9 indicado para massagens corporais que visam o relaxamento e o conforto.<\/p>\n<p><strong>Benef\u00edcios:<\/strong><\/p>\n<ul>\n<li>Provoca uma sensa\u00e7\u00e3o t\u00e9rmica quente-frio na pele<\/li>\n<li>Auxilia no al\u00edvio das dores musculares, articulares e inflamat\u00f3rias<\/li>\n<li>Estimula a circula\u00e7\u00e3o sangu\u00ednea e melhora os resultados das massagens<\/li>\n<li>Hidrata e suaviza a pele<\/li>\n<li>Formulado sem parabenos e sem petrolatum<\/li>\n<\/ul>\n<p><strong>Modo de usar:<\/strong><\/p>\n<ul>\n<li>Aplique uma quantidade suficiente do gel sobre a pele<\/li>\n<li>Massageie suavemente at\u00e9 a completa absor\u00e7\u00e3o do produto<\/li>\n<li>Use sempre que sentir necessidade ou conforme orienta\u00e7\u00e3o profissional<\/li>\n<\/ul>\n<p><strong>Recomenda\u00e7\u00f5es:<\/strong><\/p>\n<ul>\n<li>Evite o contato com os olhos e mucosas<\/li>\n<li>Em caso de irrita\u00e7\u00e3o, suspenda o uso e procure um m\u00e9dico<\/li>\n<li>Mantenha fora do alcance das crian\u00e7as<\/li>\n<li>Conserve em local fresco e seco<\/li>\n<\/ul>\n<p><strong>N\u00e3o perca tempo e adquira j\u00e1 o seu Gel B\u00e1lsamo Pimenta Negra Massageador 150g &#8211; Belkit<\/strong> pelo nosso site e receba em casa com toda a comodidade e seguran\u00e7a. Aproveite as ofertas especiais e garanta o seu!<\/p>","protected":false},"excerpt":{"rendered":"<p>O Gel B\u00e1lsamo Pimenta Negra Belkit alivia dores musculares e reum\u00e1ticas. Com pimenta negra e outros ativos, ele estimula a circula\u00e7\u00e3o e relaxa o corpo. Aplique, massageie e sinta a diferen\u00e7a! Compre j\u00e1!<\/p>","protected":false},"featured_media":5240,"comment_status":"open","ping_status":"closed","template":"","meta":{"_joinchat":[]},"product_brand":[],"product_cat":[176,19],"product_tag":[105,101,108,94],"class_list":{"0":"post-5158","1":"product","2":"type-product","3":"status-publish","4":"has-post-thumbnail","6":"product_cat-massagens","7":"product_cat-saude","8":"product_tag-gel","9":"product_tag-gel-massageador","10":"product_tag-massagem-das-pernas","11":"product_tag-pomada-massageadora","13":"first","14":"outofstock","15":"shipping-taxable","16":"purchasable","17":"product-type-simple"},"jetpack_sharing_enabled":true,"_links":{"self":[{"href":"https:\/\/terapiaativa.com.br\/en\/wp-json\/wp\/v2\/product\/5158","targetHints":{"allow":["GET"]}}],"collection":[{"href":"https:\/\/terapiaativa.com.br\/en\/wp-json\/wp\/v2\/product"}],"about":[{"href":"https:\/\/terapiaativa.com.br\/en\/wp-json\/wp\/v2\/types\/product"}],"replies":[{"embeddable":true,"href":"https:\/\/terapiaativa.com.br\/en\/wp-json\/wp\/v2\/comments?post=5158"}],"wp:featuredmedia":[{"embeddable":true,"href":"https:\/\/terapiaativa.com.br\/en\/wp-json\/wp\/v2\/media\/5240"}],"wp:attachment":[{"href":"https:\/\/terapiaativa.com.br\/en\/wp-json\/wp\/v2\/media?parent=5158"}],"wp:term":[{"taxonomy":"product_brand","embeddable":true,"href":"https:\/\/terapiaativa.com.br\/en\/wp-json\/wp\/v2\/product_brand?post=5158"},{"taxonomy":"product_cat","embeddable":true,"href":"https:\/\/terapiaativa.com.br\/en\/wp-json\/wp\/v2\/product_cat?post=5158"},{"taxonomy":"product_tag","embeddable":true,"href":"https:\/\/terapiaativa.com.br\/en\/wp-json\/wp\/v2\/product_tag?post=5158"}],"curies":[{"name":"wp","href":"https:\/\/api.w.org\/{rel}","templated":true}]}}