{"id":5157,"date":"2022-11-30T16:54:21","date_gmt":"2022-11-30T16:54:21","guid":{"rendered":"https:\/\/terapiaativa.com.br\/?post_type=product&#038;p=5157"},"modified":"2025-12-03T03:19:46","modified_gmt":"2025-12-03T03:19:46","slug":"sabonete-facial-antioleosidade-100ml-phallebeauty","status":"publish","type":"product","link":"https:\/\/terapiaativa.com.br\/en\/product\/sabonete-facial-antioleosidade-100ml-phallebeauty\/","title":{"rendered":"Sabonete Facial AntiOleosidade 100ml Ph\u00e1lleBeauty"},"content":{"rendered":"<p><strong>O Sabonete Facial AntiOleosidade 100ml Ph\u00e1lleBeauty<\/strong> \u00e9 um produto natural e eficiente que cont\u00e9m extrato de ch\u00e1 verde, alfa bisabolol, \u00e1cido salic\u00edlico e agentes de limpeza suaves e delicados. Ele \u00e9 indicado para limpar e purificar a pele oleosa, sem agredir ou ressecar.<\/p>\n<p><strong>Benef\u00edcios:<\/strong><\/p>\n<ul>\n<li>Limpa e remove as impurezas e o excesso de oleosidade da pele<\/li>\n<li>Previne e trata as acnes e os cravos na pele<\/li>\n<li>Suaviza e hidrata a pele<\/li>\n<li>Possui formula\u00e7\u00e3o vegana, equilibrada e finamente balanceada<\/li>\n<li>Indicado para todos os tipos de pele<\/li>\n<\/ul>\n<p><strong>Modo de usar:<\/strong><\/p>\n<ul>\n<li>Aplique uma pequena quantidade do produto nas m\u00e3os ou sobre uma esponja facial<\/li>\n<li>Espalhe massageando suavemente sobre a pele do rosto at\u00e9 formar espuma<\/li>\n<li>Enx\u00e1gue bem e repita o procedimento se necess\u00e1rio<\/li>\n<li>Use diariamente pela manh\u00e3 e \u00e0 noite<\/li>\n<\/ul>\n<p><strong>Recomenda\u00e7\u00f5es:<\/strong><\/p>\n<ul>\n<li>Evite o contato com os olhos e mucosas<\/li>\n<li>Em caso de irrita\u00e7\u00e3o, suspenda o uso e procure um m\u00e9dico<\/li>\n<li>Mantenha fora do alcance das crian\u00e7as<\/li>\n<li>Conserve em local fresco e seco<\/li>\n<\/ul>\n<p><strong>N\u00e3o perca tempo e adquira j\u00e1 o seu Sabonete Facial AntiOleosidade 100ml Ph\u00e1lleBeauty<\/strong> pelo nosso site e receba em casa com toda a comodidade e seguran\u00e7a. Aproveite as ofertas especiais e garanta o seu!<\/p>","protected":false},"excerpt":{"rendered":"<p>O Sabonete Facial AntiOleosidade 100ml Ph\u00e1lleBeauty \u00e9 um produto vegano que limpa a pele oleosa sem agredir. Ele cont\u00e9m extrato de ch\u00e1 verde, alfa bisabolol e \u00e1cido salic\u00edlico, que purificam, suavizam e controlam a acne. Aplique sobre o rosto molhado e massageie at\u00e9 formar espuma. Enx\u00e1gue e sinta a pele limpa e macia. Experimente e comprove os benef\u00edcios!<\/p>","protected":false},"featured_media":5238,"comment_status":"open","ping_status":"closed","template":"","meta":{"_joinchat":[]},"product_brand":[],"product_cat":[20,164],"product_tag":[111,80,110,112],"class_list":{"0":"post-5157","1":"product","2":"type-product","3":"status-publish","4":"has-post-thumbnail","6":"product_cat-cuidados","7":"product_cat-facial","8":"product_tag-antioleosidade","9":"product_tag-cuidado-feminino","10":"product_tag-sabonete-facial","11":"product_tag-saude-da-mulher","13":"first","14":"onbackorder","15":"shipping-taxable","16":"purchasable","17":"product-type-simple"},"jetpack_sharing_enabled":true,"_links":{"self":[{"href":"https:\/\/terapiaativa.com.br\/en\/wp-json\/wp\/v2\/product\/5157","targetHints":{"allow":["GET"]}}],"collection":[{"href":"https:\/\/terapiaativa.com.br\/en\/wp-json\/wp\/v2\/product"}],"about":[{"href":"https:\/\/terapiaativa.com.br\/en\/wp-json\/wp\/v2\/types\/product"}],"replies":[{"embeddable":true,"href":"https:\/\/terapiaativa.com.br\/en\/wp-json\/wp\/v2\/comments?post=5157"}],"wp:featuredmedia":[{"embeddable":true,"href":"https:\/\/terapiaativa.com.br\/en\/wp-json\/wp\/v2\/media\/5238"}],"wp:attachment":[{"href":"https:\/\/terapiaativa.com.br\/en\/wp-json\/wp\/v2\/media?parent=5157"}],"wp:term":[{"taxonomy":"product_brand","embeddable":true,"href":"https:\/\/terapiaativa.com.br\/en\/wp-json\/wp\/v2\/product_brand?post=5157"},{"taxonomy":"product_cat","embeddable":true,"href":"https:\/\/terapiaativa.com.br\/en\/wp-json\/wp\/v2\/product_cat?post=5157"},{"taxonomy":"product_tag","embeddable":true,"href":"https:\/\/terapiaativa.com.br\/en\/wp-json\/wp\/v2\/product_tag?post=5157"}],"curies":[{"name":"wp","href":"https:\/\/api.w.org\/{rel}","templated":true}]}}