{"id":5146,"date":"2022-11-30T16:53:48","date_gmt":"2022-11-30T16:53:48","guid":{"rendered":"https:\/\/terapiaativa.com.br\/?post_type=product&#038;p=5146"},"modified":"2025-12-03T03:19:55","modified_gmt":"2025-12-03T03:19:55","slug":"sabonete-facial-rosa-mosqueta-100ml","status":"publish","type":"product","link":"https:\/\/terapiaativa.com.br\/en\/product\/sabonete-facial-rosa-mosqueta-100ml\/","title":{"rendered":"Sabonete Facial Rosa Mosqueta 100ml"},"content":{"rendered":"<div class=\"product-view element-product-description\">\n<div class=\"product-view-content\">\n<p><strong>O Sabonete Facial Rosa Mosqueta 100ml<\/strong> \u00e9 um produto que cont\u00e9m \u00f3leo de rosa mosqueta, um \u00f3leo vegetal que possui propriedades regeneradoras, hidratantes e clareadoras da pele. Ele pode ser usado para:<\/p>\n<ul>\n<li>Limpar a pele e remover a maquiagem de forma suave e eficaz<\/li>\n<li>Prevenir e tratar as manchas na pele causadas por micoses, espinhas, picadas de insetos ou m\u00e1 circula\u00e7\u00e3o sangu\u00ednea<\/li>\n<li>Prevenir e tratar as estrias, os queloides e as cicatrizes na pele, estimulando a produ\u00e7\u00e3o de col\u00e1geno e a renova\u00e7\u00e3o celular<\/li>\n<li>Prevenir o envelhecimento precoce da pele, melhorando a elasticidade e a firmeza da pele<\/li>\n<li>Hidratar a pele seca e extra seca, mantendo a umidade natural da pele<\/li>\n<\/ul>\n<p><strong>Para usar o Sabonete Facial Rosa Mosqueta 100ml, basta seguir as instru\u00e7\u00f5es abaixo:<\/strong><\/p>\n<ul>\n<li>Aplique o produto sobre o rosto \u00famido, fazendo movimentos circulares suaves<\/li>\n<li>Enx\u00e1gue bem com \u00e1gua em abund\u00e2ncia<\/li>\n<li>Use diariamente pela manh\u00e3 e \u00e0 noite<\/li>\n<\/ul>\n<p><strong>O Sabonete Facial Rosa Mosqueta 100ml<\/strong> \u00e9 um produto natural e seguro, sem aditivos qu\u00edmicos ou conservantes. Ele \u00e9 indicado para todos os tipos de pele, mas \u00e9 recomendado consultar um m\u00e9dico antes de usar em caso de gravidez, amamenta\u00e7\u00e3o ou alergia a algum dos componentes da f\u00f3rmula.<\/p>\n<p><strong>N\u00e3o perca tempo e adquira j\u00e1 o seu Sabonete Facial Rosa Mosqueta 100ml,<\/strong> um produto que vai limpar e cuidar da sua pele com naturalidade e efic\u00e1cia. Aproveite as ofertas especiais e garanta o seu!<\/p>\n<\/div>\n<\/div>","protected":false},"excerpt":{"rendered":"<p>Sabonete Facial Rosa Mosqueta 100ml: limpa, hidrata e clareia a pele do rosto. Com rosa mosqueta, que tem a\u00e7\u00e3o regeneradora, antioxidante e anti-inflamat\u00f3ria. Ajuda a reduzir manchas, cicatrizes e rugas. Use diariamente no rosto \u00famido e sinta a suavidade!<\/p>","protected":false},"featured_media":5235,"comment_status":"open","ping_status":"closed","template":"","meta":{"_joinchat":[]},"product_brand":[],"product_cat":[20,164,165],"product_tag":[63,80,102,110],"class_list":{"0":"post-5146","1":"product","2":"type-product","3":"status-publish","4":"has-post-thumbnail","6":"product_cat-cuidados","7":"product_cat-facial","8":"product_cat-hidratacao","9":"product_tag-cuidado-facil","10":"product_tag-cuidado-feminino","11":"product_tag-sabonete","12":"product_tag-sabonete-facial","14":"first","15":"outofstock","16":"shipping-taxable","17":"purchasable","18":"product-type-simple"},"jetpack_sharing_enabled":true,"_links":{"self":[{"href":"https:\/\/terapiaativa.com.br\/en\/wp-json\/wp\/v2\/product\/5146","targetHints":{"allow":["GET"]}}],"collection":[{"href":"https:\/\/terapiaativa.com.br\/en\/wp-json\/wp\/v2\/product"}],"about":[{"href":"https:\/\/terapiaativa.com.br\/en\/wp-json\/wp\/v2\/types\/product"}],"replies":[{"embeddable":true,"href":"https:\/\/terapiaativa.com.br\/en\/wp-json\/wp\/v2\/comments?post=5146"}],"wp:featuredmedia":[{"embeddable":true,"href":"https:\/\/terapiaativa.com.br\/en\/wp-json\/wp\/v2\/media\/5235"}],"wp:attachment":[{"href":"https:\/\/terapiaativa.com.br\/en\/wp-json\/wp\/v2\/media?parent=5146"}],"wp:term":[{"taxonomy":"product_brand","embeddable":true,"href":"https:\/\/terapiaativa.com.br\/en\/wp-json\/wp\/v2\/product_brand?post=5146"},{"taxonomy":"product_cat","embeddable":true,"href":"https:\/\/terapiaativa.com.br\/en\/wp-json\/wp\/v2\/product_cat?post=5146"},{"taxonomy":"product_tag","embeddable":true,"href":"https:\/\/terapiaativa.com.br\/en\/wp-json\/wp\/v2\/product_tag?post=5146"}],"curies":[{"name":"wp","href":"https:\/\/api.w.org\/{rel}","templated":true}]}}