{"id":5074,"date":"2022-11-30T16:51:27","date_gmt":"2022-11-30T16:51:27","guid":{"rendered":"https:\/\/terapiaativa.com.br\/?post_type=product&#038;p=5074"},"modified":"2025-12-27T01:07:46","modified_gmt":"2025-12-27T01:07:46","slug":"argila-preta-verde-e-rosa-100g","status":"publish","type":"product","link":"https:\/\/terapiaativa.com.br\/en\/product\/argila-preta-verde-e-rosa-100g\/","title":{"rendered":"Argila Preta, Verde e Rosa 100g"},"content":{"rendered":"<p>Acreditamos que todos podemos compartilhar nossa pot\u00eancia \u00e0 servi\u00e7o uns dos outros, com empatia, transpar\u00eancia e liberdade. Nossa miss\u00e3o \u00e9 fazer a diferen\u00e7a na sua jornada de compra, levando a voc\u00ea qualidade e bem-estar, transformando assim, o mundo ao nosso redor.<\/p>\n<p>As Argilas <span data-sheets-value=\"{&quot;1&quot;:2,&quot;2&quot;:&quot;Phallebeauty&quot;}\" data-sheets-userformat=\"{&quot;2&quot;:577,&quot;3&quot;:{&quot;1&quot;:0},&quot;9&quot;:1,&quot;12&quot;:0}\">Phallebeauty para cuidado<\/span> Facial e Corporal Labotrat s\u00e3o 100% natural e ricas em oligoelementos que auxilia no tratamento ANTIENVELHECIMENTO e ACNEICO.<\/p>\n<p>Ela \u00e9 Vers\u00e1til serve para o rosto, a pele e para o cabelo, auxiliando nos processos ANTI-INFLAMAT\u00d3RIOS, DESINTOXICANTES, al\u00e9m de MELHORAR a ELASTICIDADE, REPOR os SAIS MINERAIS, A\u00c7\u00c3O REJUVENESCEDOR, ATIVA a MICROCIRCULA\u00c7\u00c3O e RENOVA\u00c7\u00c3O CELULAR.<\/p>\n<p><strong>ESPECIFICA\u00c7\u00d5ES DO PRODUTO:<\/strong><br \/>\n&#8211; Marca: <span data-sheets-value=\"{&quot;1&quot;:2,&quot;2&quot;:&quot;Phallebeauty&quot;}\" data-sheets-userformat=\"{&quot;2&quot;:577,&quot;3&quot;:{&quot;1&quot;:0},&quot;9&quot;:1,&quot;12&quot;:0}\">Phallebeauty<\/span>.<br \/>\n&#8211; Cont\u00e9m: 1 Argila <span data-sheets-value=\"{&quot;1&quot;:2,&quot;2&quot;:&quot;Phallebeauty&quot;}\" data-sheets-userformat=\"{&quot;2&quot;:577,&quot;3&quot;:{&quot;1&quot;:0},&quot;9&quot;:1,&quot;12&quot;:0}\">Phallebeauty<\/span> 100g.<br \/>\n&#8211; Facial, corporal e capilar.<br \/>\n&#8211; Dermatologicamente Testado.<br \/>\n&#8211; N\u00e3o testado em animais.<br \/>\n&#8211; Produto Vegano.<\/p>\n<p><strong>SUGEST\u00c3O DE USO:<\/strong><br \/>\n&#8211; Coloque a argila em um recipiente n\u00e3o met\u00e1lico.<br \/>\n&#8211; Acrescente \u00e1gua mineral ou soro fisiol\u00f3gico, na propor\u00e7\u00e3o de 1 colher de sopa de argila, para 2 colheres de \u00e1gua.<br \/>\n&#8211; Misture at\u00e9 a massa ficar homog\u00eanea.<br \/>\n&#8211; Aplique uma fina camada na pele limpa, com ajuda de um pincel ou esp\u00e1tula n\u00e3o met\u00e1lica.<br \/>\n&#8211; Deixe agir na pele entre 15 e 20 minutos.<br \/>\n&#8211; Retire a argila da pele com \u00e1gua corrente, realizando movimentos circulares.<\/p>","protected":false},"excerpt":{"rendered":"<p>A Argila Preta, Verde e Rosa 100g \u00e9 um produto vegano que revitaliza a pele com suas propriedades naturais. Ela cont\u00e9m minerais como ferro, magn\u00e9sio e sil\u00edcio, que estimulam a circula\u00e7\u00e3o, desintoxicam e regeneram a pele. Aplique sobre o rosto limpo e seco uma camada fina da argila misturada com \u00e1gua. Deixe agir por 15 minutos e retire com \u00e1gua morna. Sinta a pele mais firme, iluminada e saud\u00e1vel. Experimente e comprove os benef\u00edcios!<\/p>","protected":false},"featured_media":5137,"comment_status":"open","ping_status":"closed","template":"","meta":{"_joinchat":[]},"product_brand":[],"product_cat":[20,164],"product_tag":[59,60,61,62,79,63,64,65],"class_list":{"0":"post-5074","1":"product","2":"type-product","3":"status-publish","4":"has-post-thumbnail","6":"product_cat-cuidados","7":"product_cat-facial","8":"product_tag-argila","9":"product_tag-argila-prea","10":"product_tag-argila-rosa","11":"product_tag-argila-verde","12":"product_tag-beleza","13":"product_tag-cuidado-facil","14":"product_tag-envelhecimento","15":"product_tag-estetica","17":"first","18":"instock","19":"shipping-taxable","20":"purchasable","21":"product-type-variable"},"jetpack_sharing_enabled":true,"_links":{"self":[{"href":"https:\/\/terapiaativa.com.br\/en\/wp-json\/wp\/v2\/product\/5074","targetHints":{"allow":["GET"]}}],"collection":[{"href":"https:\/\/terapiaativa.com.br\/en\/wp-json\/wp\/v2\/product"}],"about":[{"href":"https:\/\/terapiaativa.com.br\/en\/wp-json\/wp\/v2\/types\/product"}],"replies":[{"embeddable":true,"href":"https:\/\/terapiaativa.com.br\/en\/wp-json\/wp\/v2\/comments?post=5074"}],"wp:featuredmedia":[{"embeddable":true,"href":"https:\/\/terapiaativa.com.br\/en\/wp-json\/wp\/v2\/media\/5137"}],"wp:attachment":[{"href":"https:\/\/terapiaativa.com.br\/en\/wp-json\/wp\/v2\/media?parent=5074"}],"wp:term":[{"taxonomy":"product_brand","embeddable":true,"href":"https:\/\/terapiaativa.com.br\/en\/wp-json\/wp\/v2\/product_brand?post=5074"},{"taxonomy":"product_cat","embeddable":true,"href":"https:\/\/terapiaativa.com.br\/en\/wp-json\/wp\/v2\/product_cat?post=5074"},{"taxonomy":"product_tag","embeddable":true,"href":"https:\/\/terapiaativa.com.br\/en\/wp-json\/wp\/v2\/product_tag?post=5074"}],"curies":[{"name":"wp","href":"https:\/\/api.w.org\/{rel}","templated":true}]}}