{"id":5072,"date":"2022-11-30T16:51:27","date_gmt":"2022-11-30T16:51:27","guid":{"rendered":"https:\/\/terapiaativa.com.br\/?post_type=product&#038;p=5072"},"modified":"2022-12-20T01:49:58","modified_gmt":"2022-12-20T01:49:58","slug":"mel-100-puro-de-abelhas-mel-flor-do-cerrado","status":"publish","type":"product","link":"https:\/\/terapiaativa.com.br\/en\/product\/mel-100-puro-de-abelhas-mel-flor-do-cerrado\/","title":{"rendered":"Mel 100% puro de abelhas &#8211; Mel flor do cerrado"},"content":{"rendered":"<p><strong>MEL FLOR DO CERRADO<\/strong><\/p>\n<p><strong>FLORADAS:<\/strong><br \/>\nLaranjeira &#8211; Cor Clara, Densidade Alta e Sabor Suave.<br \/>\nSilvestre &#8211; Cor \u00c2mbar M\u00e9dio &#8211; Densidade M\u00e9dia e Sabor de Suave a Encorpado<br \/>\nEucalipto &#8211; Cor \u00c2mbar M\u00e9dio\/Escuro &#8211; Densidade M\u00e9dia\/Baixa e Sabor Encorpado<br \/>\nCip\u00f3 Uva &#8211; Cor Clara, Densidade Alta, Sabor Suave<\/p>\n<p><strong>BENEF\u00cdCIOS DO MEL:<\/strong><br \/>\nCont\u00e9m antioxidantes;<br \/>\nPode reduzir a press\u00e3o arterial;<br \/>\nMelhora os n\u00edveis do colesterol<br \/>\nAuxilia nas defesas imunol\u00f3gicas<br \/>\nFaz bem para a sa\u00fade gastrointestinal<br \/>\nAlivia sintomas de resfriados, entre outros&#8230;<\/p>\n<p><strong>QUEM PODE CONSUMIR O MEL?<\/strong><br \/>\n<strong>RISCOS E CONTRA INDICA\u00c7\u00d5ES:<\/strong><br \/>\n-Crian\u00e7as menores de um ano n\u00e3o devem consumir o mel. Isso porque o alimento pode estar contaminado por esporos de uma bact\u00e9ria conhecida como Clostridium botulinum, que causa o botulismo infantil.<br \/>\n-Quem tem diabetes tamb\u00e9m deve maneirar no consumo, pois em excesso aumenta os picos de glicemia no corpo, por ser um alimento rico em a\u00e7\u00facar.<\/p>\n<p><strong>*O MEL DO FLOR DO CERRADO \u00c9 PURO?<\/strong><br \/>\nCom certeza! Totalmente puro, org\u00e2nico e natural diretamente do campo at\u00e9 sua mesa. Produzimos com qualidade e excel\u00eancia, nosso mel \u00e9 extra\u00eddo, embalado e entregue a voc\u00ea seguindo as Boas Pr\u00e1ticas de Fabrica\u00e7\u00e3o (BPF), ou seja, procedimentos necess\u00e1rios para garantir a produ\u00e7\u00e3o de alimentos aptos para consumo livres de contamina\u00e7\u00e3o. Assistam o v\u00eddeo e observem como \u00e9 todo esse processo!<\/p>\n<p><strong>ATEN\u00c7\u00c3O!!! PARTE MAIS IMPORTANTE!!!<\/strong><br \/>\n<strong>COMO ARMAZENAR O MEL? MEL PURO CRISTALIZA? FICA &#8220;A\u00c7UCARADO&#8221;?<\/strong><br \/>\n1- Para aumentar a durabilidade do mel, \u00e9 importante conserv\u00e1-lo em um ambiente seco, longe da umidade e, de prefer\u00eancia, longe da luz e calor, para evitar sua degrada\u00e7\u00e3o.<br \/>\n2- H\u00e1 um desconhecimento da popula\u00e7\u00e3o quanto \u00e0 cristaliza\u00e7\u00e3o do mel. Para diferenciar um mel puro e leg\u00edtimo basta observar essa caracter\u00edstica. E sim, o MEL PURO CRISTALIZA! Mas porque? O mel, al\u00e9m dos nutrientes que carrega, \u00e9 composto, em sua maior parte por frutose e glicose, j\u00e1 processada pelas abelhas. A cristaliza\u00e7\u00e3o do mel ocorre quando as mol\u00e9culas de glicose se separam da frutose, fazendo com que ela se transforme em pequenos cristais. Sendo assim, todo o mel ir\u00e1 CRISTALIZAR com o tempo, porque todos tem glicose e frutose. A diferen\u00e7a que ocorre entre os tipos de mel \u00e9 que, dependendo da sua origem floral, ela ocorrer\u00e1 mais r\u00e1pido ou lentamente. Quando o mel \u00e9 mais claro, possui mais frutose do que glicose, ent\u00e3o, as mol\u00e9culas de glicose sofrem mais resist\u00eancia para cristalizar demorando meses para cristalizar. Por\u00e9m, o mel de tom escuro possui mais glicose a frutose, assim, sua cristaliza\u00e7\u00e3o ocorre em apenas alguns dias. Al\u00e9m disso, se o mel \u00e9 mantido a uma temperatura de 33 a 35 graus celsius, essas mol\u00e9culas ficam sempre em movimento e n\u00e3o se separam. Por\u00e9m, quando o ambiente em que ela \u00e9 armazenada diminui, o processo de cristaliza\u00e7\u00e3o certamente ir\u00e1 ocorrer.<\/p>\n<p><strong>O MEL CRISTALIZOU O QUE EU FA\u00c7O?<\/strong><br \/>\nVoc\u00ea pode consumi-lo assim mesmo ou n\u00e3o, vai da prefer\u00eancia de cada um. Mas \u00e9 importante citar que, fato do mel estar cristalizado ou n\u00e3o, n\u00e3o interfere na qualidade seus nutrientes, como vitaminas e minerais. S\u00f3 o aspecto dele \u00e9 que muda. Se voc\u00ea preferir que ele volte ao seu estado l\u00edquido basta mergulha-lo em banho maria. Pegue uma vasilha com \u00e1gua e aque\u00e7a a uma temperatura m\u00e9dia de 35 graus Celsius e ent\u00e3o coloque a embalagem de mel em banho maria ate que volte a seu estado fluido.<\/p>\n<p><strong>ATEN\u00c7\u00c3O<\/strong>: Se for descristalizar o mel, n\u00e3o use temperaturas muito altas, como, por exemplo, \u00e1gua fervente ou uso do microondas. Temperaturas muito altas ir\u00e1 pasteuriza-lo, e queimar\u00e1 seus nutrientes.<\/p>\n<p>Enfim, cuidado para n\u00e3o ser enganado! Aqueles que acham que mel ruim, \u00e9 aquele que &#8220;a\u00e7ucara&#8221; espero que tenham tido suas d\u00favidas esclarecidas. Compre produtos de proced\u00eancia como os do Api\u00e1rio Nova Cana\u00e3!<\/p>\n<p>Agradecemos a prefer\u00eancia! Que Deus aben\u00e7oe a todos<\/p>","protected":false},"excerpt":{"rendered":"<p><strong>Produto: Mel Puro &#8211; Bisnaga 280 g<\/strong><\/p>\n<p>1- Nossos produtos s\u00e3o 100% puros, ou seja, diretamente do campo at\u00e9 a sua mesa!<br \/>\n2- Nossos api\u00e1rios s\u00e3o geridos por apicultura familiar, isto \u00e9, com uni\u00e3o, muito amor e carinho!<br \/>\n3- Possu\u00edmos api\u00e1rios PR\u00d3PRIOS, ou seja, confiabilidade e proced\u00eancia n\u00e3o faltam!<br \/>\n4- Melhor Custo-Benef\u00edcio: Temos o menor pre\u00e7o com a melhor qualidade!<br \/>\n6- E o mais importante: prezamos por deixar voc\u00eas clientes muito satisfeitos!<\/p>","protected":false},"featured_media":5132,"comment_status":"open","ping_status":"closed","template":"","meta":{"_joinchat":[]},"product_brand":[],"product_cat":[39,18,167,19],"product_tag":[55,56,24,57],"class_list":{"0":"post-5072","1":"product","2":"type-product","3":"status-publish","4":"has-post-thumbnail","6":"product_cat-alimentos-e-bebidas","7":"product_cat-fitoterapicos","8":"product_cat-imunidade","9":"product_cat-saude","10":"product_tag-abelhas","11":"product_tag-bisnagas","12":"product_tag-mel","13":"product_tag-mel-puro","15":"first","16":"instock","17":"shipping-taxable","18":"purchasable","19":"product-type-simple"},"jetpack_sharing_enabled":true,"_links":{"self":[{"href":"https:\/\/terapiaativa.com.br\/en\/wp-json\/wp\/v2\/product\/5072","targetHints":{"allow":["GET"]}}],"collection":[{"href":"https:\/\/terapiaativa.com.br\/en\/wp-json\/wp\/v2\/product"}],"about":[{"href":"https:\/\/terapiaativa.com.br\/en\/wp-json\/wp\/v2\/types\/product"}],"replies":[{"embeddable":true,"href":"https:\/\/terapiaativa.com.br\/en\/wp-json\/wp\/v2\/comments?post=5072"}],"wp:featuredmedia":[{"embeddable":true,"href":"https:\/\/terapiaativa.com.br\/en\/wp-json\/wp\/v2\/media\/5132"}],"wp:attachment":[{"href":"https:\/\/terapiaativa.com.br\/en\/wp-json\/wp\/v2\/media?parent=5072"}],"wp:term":[{"taxonomy":"product_brand","embeddable":true,"href":"https:\/\/terapiaativa.com.br\/en\/wp-json\/wp\/v2\/product_brand?post=5072"},{"taxonomy":"product_cat","embeddable":true,"href":"https:\/\/terapiaativa.com.br\/en\/wp-json\/wp\/v2\/product_cat?post=5072"},{"taxonomy":"product_tag","embeddable":true,"href":"https:\/\/terapiaativa.com.br\/en\/wp-json\/wp\/v2\/product_tag?post=5072"}],"curies":[{"name":"wp","href":"https:\/\/api.w.org\/{rel}","templated":true}]}}