{"id":5065,"date":"2022-11-30T16:51:27","date_gmt":"2022-11-30T16:51:27","guid":{"rendered":"https:\/\/terapiaativa.com.br\/?post_type=product&#038;p=5065"},"modified":"2026-01-26T17:15:47","modified_gmt":"2026-01-26T17:15:47","slug":"calmax-calmante-composto-natural-suplemento-alimentar-90-capsulas-500mg","status":"publish","type":"product","link":"https:\/\/terapiaativa.com.br\/en\/product\/calmax-calmante-composto-natural-suplemento-alimentar-90-capsulas-500mg\/","title":{"rendered":"Calmax &#8211; Calmante composto natural, suplemento alimentar 90 capsulas 500Mg"},"content":{"rendered":"<p><strong>O Calmax<\/strong> \u00e9 um calmante composto natural e eficiente que cont\u00e9m extratos de plantas medicinais, como Pasiflora, valeriana e mulungu. Ele \u00e9 indicado para pessoas que sofrem de ansiedade, estresse, ins\u00f4nia, nervosismo e irritabilidade, pois ajuda a relaxar o corpo e a mente, promovendo uma sensa\u00e7\u00e3o de bem-estar e tranquilidade.<\/p>\n<p><strong>Benef\u00edcios:<\/strong><\/p>\n<ul>\n<li>Reduz a ansiedade e o estresse<\/li>\n<li>Melhora a qualidade do sono<\/li>\n<li>Acalma o sistema nervoso<\/li>\n<li>Alivia a tens\u00e3o muscular<\/li>\n<li>Equilibra o humor e as emo\u00e7\u00f5es<\/li>\n<\/ul>\n<p><strong>Modo de usar:<\/strong><\/p>\n<ul>\n<li>Tome uma c\u00e1psula por via oral, tr\u00eas vezes ao dia, ap\u00f3s as refei\u00e7\u00f5es<\/li>\n<li>N\u00e3o exceda a dose recomendada<\/li>\n<li>USO ADULTO<\/li>\n<\/ul>\n<p><strong>Recomenda\u00e7\u00f5es:<\/strong><\/p>\n<ul>\n<li>Evite o contato com os olhos e mucosas<\/li>\n<li>Em caso de irrita\u00e7\u00e3o, suspenda o uso e procure um m\u00e9dico<\/li>\n<li>Mantenha fora do alcance das crian\u00e7as<\/li>\n<li>Conserve em local fresco e seco<\/li>\n<\/ul>\n<p><strong>N\u00e3o perca tempo e adquira j\u00e1 o seu Calmax<\/strong> pelo nosso site e receba em casa com toda a comodidade e seguran\u00e7a. Aproveite as ofertas especiais e garanta o seu!<\/p>","protected":false},"excerpt":{"rendered":"<p>O Calmax da Natuvel \u00e9 um Composto Calmante Natural possui uma f\u00f3rmula que re\u00fane tr\u00eas extratos \u2013 Passiflora, Mulungu e Valeriana &#8211; reconhecidos por suas propriedades ben\u00e9ficas nos casos de dist\u00farbios do sono (como ins\u00f4nia), nervosismo, agita\u00e7\u00e3o, ansiedade, estresse e suas condi\u00e7\u00f5es associadas, como dist\u00farbios g\u00e1stricos de origem nervosa. Por ser uma composi\u00e7\u00e3o natural, n\u00e3o provoca depend\u00eancia.\u00a0Aproveite a oferta e compre j\u00e1 o seu!<\/p>","protected":false},"featured_media":5104,"comment_status":"open","ping_status":"closed","template":"","meta":{"_joinchat":[]},"product_brand":[],"product_cat":[169,18,168,19,16],"product_tag":[41,42,43,44],"class_list":{"0":"post-5065","1":"product","2":"type-product","3":"status-publish","4":"has-post-thumbnail","6":"product_cat-ansiedade","7":"product_cat-fitoterapicos","8":"product_cat-insonia","9":"product_cat-saude","10":"product_cat-suplementos","11":"product_tag-calmante","12":"product_tag-calmante-natural","13":"product_tag-calmax","14":"product_tag-disturbios-do-sono","16":"first","17":"outofstock","18":"sale","19":"shipping-taxable","20":"purchasable","21":"product-type-simple"},"jetpack_sharing_enabled":true,"_links":{"self":[{"href":"https:\/\/terapiaativa.com.br\/en\/wp-json\/wp\/v2\/product\/5065","targetHints":{"allow":["GET"]}}],"collection":[{"href":"https:\/\/terapiaativa.com.br\/en\/wp-json\/wp\/v2\/product"}],"about":[{"href":"https:\/\/terapiaativa.com.br\/en\/wp-json\/wp\/v2\/types\/product"}],"replies":[{"embeddable":true,"href":"https:\/\/terapiaativa.com.br\/en\/wp-json\/wp\/v2\/comments?post=5065"}],"wp:featuredmedia":[{"embeddable":true,"href":"https:\/\/terapiaativa.com.br\/en\/wp-json\/wp\/v2\/media\/5104"}],"wp:attachment":[{"href":"https:\/\/terapiaativa.com.br\/en\/wp-json\/wp\/v2\/media?parent=5065"}],"wp:term":[{"taxonomy":"product_brand","embeddable":true,"href":"https:\/\/terapiaativa.com.br\/en\/wp-json\/wp\/v2\/product_brand?post=5065"},{"taxonomy":"product_cat","embeddable":true,"href":"https:\/\/terapiaativa.com.br\/en\/wp-json\/wp\/v2\/product_cat?post=5065"},{"taxonomy":"product_tag","embeddable":true,"href":"https:\/\/terapiaativa.com.br\/en\/wp-json\/wp\/v2\/product_tag?post=5065"}],"curies":[{"name":"wp","href":"https:\/\/api.w.org\/{rel}","templated":true}]}}