{"id":5064,"date":"2022-11-30T16:51:27","date_gmt":"2022-11-30T16:51:27","guid":{"rendered":"https:\/\/terapiaativa.com.br\/?post_type=product&#038;p=5064"},"modified":"2025-12-03T02:52:23","modified_gmt":"2025-12-03T02:52:23","slug":"composto-de-mel-ervas-e-agriao-350g-farmel-2","status":"publish","type":"product","link":"https:\/\/terapiaativa.com.br\/en\/product\/composto-de-mel-ervas-e-agriao-350g-farmel-2\/","title":{"rendered":"Composto de Mel, Ervas e Agri\u00e3o 350g &#8211; Farmel"},"content":{"rendered":"<p><strong>Composto Antigripal com Mel, Ervas e Agri\u00e3o 350g &#8211; Farmel <\/strong><\/p>\n<p style=\"text-align: left;\">DIFERENCIAIS:<\/p>\n<ol>\n<li style=\"text-align: left;\">Feito com componentes naturais<\/li>\n<li style=\"text-align: left;\">Auxilia no tratamento da tosse<\/li>\n<li style=\"text-align: left;\">Auxilia no tratamento contra a gripe<\/li>\n<li style=\"text-align: left;\">Auxilia no tratamento da bronquite<\/li>\n<\/ol>\n<p>ESPECIFICA\u00c7\u00d5ES:<\/p>\n<ol>\n<li>Marca: Far-mel<\/li>\n<li>Modelo: Composto Antigripal de Mel, Ervas e Agri\u00e3o<\/li>\n<li>Apresenta\u00e7\u00e3o: Pote<\/li>\n<li>Quantidade: 350g<\/li>\n<\/ol>\n<p><strong>INDICA\u00c7\u00d5ES:<\/strong><br \/>\nAuxilia aliviando o congestionamento dos pulm\u00f5es, eliminando as secre\u00e7\u00f5es br\u00f4nquicas, reduzindo a tosse, tosse seca e tosse produtiva. Al\u00e9m de fortalecer o sistema imunol\u00f3gico.<\/p>\n<p><strong>CONTRAINDICA\u00c7\u00d5ES:<\/strong><br \/>\nN\u00e3o deve ser usado por pacientes com hipersensibilidade conhecida aos componentes do Composto. N\u00e3o se recomenda o seu uso em casos de <strong>inflama\u00e7\u00e3o do est\u00f4mago<\/strong>, <strong>\u00falceras g\u00e1stricas<\/strong> e<strong> intestinais<\/strong>\u00a0em casos de <strong>doen\u00e7a renal inflamat\u00f3ria<\/strong>. Tamb\u00e9m n\u00e3o \u00e9 recomendado o uso em pacientes com <strong>defici\u00eancia da atividade da tireoide<\/strong>, pessoas com <strong>problemas card\u00edacos<\/strong> e com <strong>press\u00e3o sangu\u00ednea muito baixa<\/strong>.<\/p>\n<p><strong>N\u00e3o recomendamos o uso durante a gravidez e lacta\u00e7\u00e3o. Uso proibido tamb\u00e9m para diab\u00e9ticos, devido a presen\u00e7a de a\u00e7\u00facar na sua formula\u00e7\u00e3o.<\/strong><\/p>\n<p><strong>INGREDIENTES:<\/strong> Mel, extrato de pr\u00f3polis, extrato de agri\u00e3o, tangerina, glicose, corantes, aromatizantes e conservantes.\u00a0 <strong>N\u00e3o Cont\u00e9m Gl\u00faten<\/strong><\/p>\n<p><strong>MODO DE USAR:<\/strong><\/p>\n<ul>\n<li>ADUTOS: 1 Colher de sopa 3 vezes ao dia.<\/li>\n<li>CRIAN\u00c7AS: 1 Colher de ch\u00e1 3 vezes ao dia.<\/li>\n<\/ul>\n<p><strong>ITENS INCLUSOS:<\/strong><\/p>\n<p>1 Unidade de Composto Antigripal Farmel Mel, Ervas e Agri\u00e3o 350g<\/p>\n<p>&#8212;&#8212;&#8212;&#8212;&#8212;&#8212;&#8212;&#8212;&#8212;&#8212;&#8212;&#8212;&#8212;&#8212;&#8212;&#8212;&#8212;&#8212;&#8212;&#8212;&#8212;&#8212;&#8212;&#8212;&#8212;&#8212;&#8212;&#8212;&#8212;&#8212;&#8212;&#8212;&#8212;&#8212;&#8212;&#8212;&#8212;&#8212;&#8211;<br \/>\nENVIO AGILIZADO<br \/>\nTodos os nossos produtos est\u00e3o dispon\u00edveis \u00e0 Pronta Entrega! Produtos todos a Pronta Entrega!<\/p>\n<p>GARANTIA<br \/>\nEmbalamos seu pedido com carinho e cuidado. Por\u00e9m, se ainda assim, voc\u00ea tiver algum problema, voc\u00ea pode trocar\/devolver seu pedido em at\u00e9 7 dias ap\u00f3s o recebimento!<\/p>\n<p>ATEN\u00c7\u00c3O AO CLIENTE<br \/>\nSuas d\u00favidas ser\u00e3o respondidas em at\u00e9 15 MINUTOS! Nossa responsabilidade \u00e9 prestar um excelente atendimento a VOC\u00ca cliente, com agilidade e qualidade. Nossa taxa de respostas \u00e9 uma das MELHORES do Mercado.<\/p>\n<p>Qualidade e pre\u00e7o JUSTO voc\u00ea encontra AQUI!<\/p>","protected":false},"excerpt":{"rendered":"<p>Composto de Mel, Ervas e Agri\u00e3o \u00e9 um produto natural que alivia a tosse, a bronquite e a asma. Ele cont\u00e9m mel, que \u00e9 um expectorante e antibi\u00f3tico natural, ervas, que t\u00eam propriedades anti-inflamat\u00f3rias e calmantes, e agri\u00e3o, que \u00e9 rico em vitaminas e minerais. Experimente este composto e respire melhor. Pe\u00e7a j\u00e1 o seu pote de 350g!<\/p>\n<p>&nbsp;<\/p>","protected":false},"featured_media":5101,"comment_status":"open","ping_status":"closed","template":"","meta":{"_joinchat":[]},"product_brand":[],"product_cat":[39,18,167,19],"product_tag":[40,26,27,24],"class_list":{"0":"post-5064","1":"product","2":"type-product","3":"status-publish","4":"has-post-thumbnail","6":"product_cat-alimentos-e-bebidas","7":"product_cat-fitoterapicos","8":"product_cat-imunidade","9":"product_cat-saude","10":"product_tag-agriao","11":"product_tag-antigripal","12":"product_tag-farmel","13":"product_tag-mel","15":"first","16":"outofstock","17":"shipping-taxable","18":"purchasable","19":"product-type-simple"},"jetpack_sharing_enabled":true,"_links":{"self":[{"href":"https:\/\/terapiaativa.com.br\/en\/wp-json\/wp\/v2\/product\/5064","targetHints":{"allow":["GET"]}}],"collection":[{"href":"https:\/\/terapiaativa.com.br\/en\/wp-json\/wp\/v2\/product"}],"about":[{"href":"https:\/\/terapiaativa.com.br\/en\/wp-json\/wp\/v2\/types\/product"}],"replies":[{"embeddable":true,"href":"https:\/\/terapiaativa.com.br\/en\/wp-json\/wp\/v2\/comments?post=5064"}],"wp:featuredmedia":[{"embeddable":true,"href":"https:\/\/terapiaativa.com.br\/en\/wp-json\/wp\/v2\/media\/5101"}],"wp:attachment":[{"href":"https:\/\/terapiaativa.com.br\/en\/wp-json\/wp\/v2\/media?parent=5064"}],"wp:term":[{"taxonomy":"product_brand","embeddable":true,"href":"https:\/\/terapiaativa.com.br\/en\/wp-json\/wp\/v2\/product_brand?post=5064"},{"taxonomy":"product_cat","embeddable":true,"href":"https:\/\/terapiaativa.com.br\/en\/wp-json\/wp\/v2\/product_cat?post=5064"},{"taxonomy":"product_tag","embeddable":true,"href":"https:\/\/terapiaativa.com.br\/en\/wp-json\/wp\/v2\/product_tag?post=5064"}],"curies":[{"name":"wp","href":"https:\/\/api.w.org\/{rel}","templated":true}]}}