{"id":5063,"date":"2022-11-30T16:51:27","date_gmt":"2022-11-30T16:51:27","guid":{"rendered":"https:\/\/terapiaativa.com.br\/?post_type=product&#038;p=5063"},"modified":"2025-12-03T02:54:12","modified_gmt":"2025-12-03T02:54:12","slug":"tribulus-terrestris-maca-peruana-60cps","status":"publish","type":"product","link":"https:\/\/terapiaativa.com.br\/en\/product\/tribulus-terrestris-maca-peruana-60cps\/","title":{"rendered":"Tribulus Terrestris + Maca Peruana 60CPS"},"content":{"rendered":"<p>Neste an\u00fancio voc\u00ea receber\u00e1:<\/p>\n<p>1 Potes Maca Peruana + Tribulus terrestris Premium 100% Original e de Qualidade com 500mg e 60 C\u00e1psulas.<\/p>\n<p>FEITA PARA HOMENS E MULHERES!!!<\/p>\n<p>TRATAMENTO DE 1 MESES &#8211; VOLTE A TER UMA VIDA A DOIS!<\/p>\n<p>A maca peruana \u00e9 uma raiz que nasce exclusivamente nos Andes Peruanos em uma altura entre 4000 e 5000 metros, muito parecida com um rabanete, mas essa raiz n\u00e3o foi descoberta apenas recentemente. A maca vem sendo usada h\u00e1 muito tempo, desde o tempo dos Incas \u00e9 considerado um alimento capaz de dar for\u00e7a aos seus guerreiros e vitalidade.<\/p>\n<p>O Tribulus terrestris, tamb\u00e9m conhecido como Gokshura ou Gokharu, h\u00e1 muito tempo \u00e9 usado nas medicinas indiana e chinesa. Do extrato do fruto seco dessa planta \u00e9 feito o p\u00f3 para produzir c\u00e1psulas e tabletes.<\/p>\n<p>O que a Maca Peruana + O Tribulus terrestris podem fazer pela sua sa\u00fade:<\/p>\n<p>*Controle de diabetes;<br \/>\n*Ajuda a emagrecer;<br \/>\n*Aumenta a fertilidade masculina;<br \/>\n*Reduz a disfun\u00e7\u00e3o er\u00e9til;<br \/>\n*Diminui sintomas da menopausa;<br \/>\n*Afasta o c\u00e2ncer;<br \/>\n*Melhora o humor;<br \/>\n*Aumenta energia e disposi\u00e7\u00e3o.<\/p>\n<p>Ingredientes:<br \/>\nMaca peruana + Tribulus terrestris em p\u00f3.<\/p>\n<p>C\u00e1psulas feitas com gelatina vegetal e \u00e1gua.<br \/>\nN\u00c3O CONT\u00c9M GL\u00daTEN<br \/>\nSEM LACTOSE<\/p>\n<p>Modo de Ingest\u00e3o:<\/p>\n<p>Sugere-se a ingest\u00e3o de 2 c\u00e1psulas a 3 c\u00e1psulas ao dia, antes das refei\u00e7\u00f5es.<\/p>\n<p>Gestantes, nutrizes e crian\u00e7as de at\u00e9 3 anos, somente devem consumir este produto sob orienta\u00e7\u00e3o de nutricionista ou m\u00e9dico.<\/p>","protected":false},"excerpt":{"rendered":"<p>1 Potes Maca Peruana + Tribulus terrestris Premium 100% Original e de Qualidade com 500mg e 60 C\u00e1psulas.<\/p>\n<p>FEITA PARA HOMENS E MULHERES!!!<\/p>\n<p>TRATAMENTO DE 1 MESES &#8211; VOLTE A TER UMA VIDA A DOIS!<\/p>","protected":false},"featured_media":5096,"comment_status":"open","ping_status":"closed","template":"","meta":{"_joinchat":[]},"product_brand":[],"product_cat":[175,18,19,16],"product_tag":[36,37,38],"class_list":{"0":"post-5063","1":"product","2":"type-product","3":"status-publish","4":"has-post-thumbnail","6":"product_cat-estimulante-sexual","7":"product_cat-fitoterapicos","8":"product_cat-saude","9":"product_cat-suplementos","10":"product_tag-estimulante-sexual","11":"product_tag-maca-peruana","12":"product_tag-tribulus-terrestris","14":"first","15":"outofstock","16":"shipping-taxable","17":"purchasable","18":"product-type-simple"},"jetpack_sharing_enabled":true,"_links":{"self":[{"href":"https:\/\/terapiaativa.com.br\/en\/wp-json\/wp\/v2\/product\/5063","targetHints":{"allow":["GET"]}}],"collection":[{"href":"https:\/\/terapiaativa.com.br\/en\/wp-json\/wp\/v2\/product"}],"about":[{"href":"https:\/\/terapiaativa.com.br\/en\/wp-json\/wp\/v2\/types\/product"}],"replies":[{"embeddable":true,"href":"https:\/\/terapiaativa.com.br\/en\/wp-json\/wp\/v2\/comments?post=5063"}],"wp:featuredmedia":[{"embeddable":true,"href":"https:\/\/terapiaativa.com.br\/en\/wp-json\/wp\/v2\/media\/5096"}],"wp:attachment":[{"href":"https:\/\/terapiaativa.com.br\/en\/wp-json\/wp\/v2\/media?parent=5063"}],"wp:term":[{"taxonomy":"product_brand","embeddable":true,"href":"https:\/\/terapiaativa.com.br\/en\/wp-json\/wp\/v2\/product_brand?post=5063"},{"taxonomy":"product_cat","embeddable":true,"href":"https:\/\/terapiaativa.com.br\/en\/wp-json\/wp\/v2\/product_cat?post=5063"},{"taxonomy":"product_tag","embeddable":true,"href":"https:\/\/terapiaativa.com.br\/en\/wp-json\/wp\/v2\/product_tag?post=5063"}],"curies":[{"name":"wp","href":"https:\/\/api.w.org\/{rel}","templated":true}]}}