{"id":5062,"date":"2022-11-30T16:51:27","date_gmt":"2022-11-30T16:51:27","guid":{"rendered":"https:\/\/terapiaativa.com.br\/?post_type=product&#038;p=5062"},"modified":"2025-12-03T03:03:23","modified_gmt":"2025-12-03T03:03:23","slug":"oleo-de-semente-de-abobora-60cps","status":"publish","type":"product","link":"https:\/\/terapiaativa.com.br\/en\/product\/oleo-de-semente-de-abobora-60cps\/","title":{"rendered":"Oleo de semente de abobora 60CPS"},"content":{"rendered":"<p><strong>O \u00f3leo de semente de ab\u00f3bora<\/strong> possui muitos nutrientes, muitas vitaminas, carotenoides, antioxidantes, cetoester\u00f3ides, prote\u00ednas e \u00e1cidos gordurosos, rica em cucurbitacina uma subst\u00e2ncia que tem propriedades anti-inflamat\u00f3rias, prevenindo doen\u00e7as na pr\u00f3stata e no trato urin\u00e1rio.<\/p>\n<p><strong>benef\u00edcios e diferenciais:<\/strong> anti-inflamat\u00f3rio, vitamina A e fortalece o sistema imunol\u00f3gico.<\/p>\n<p><strong>Informa\u00e7\u00f5es complementares <\/strong><\/p>\n<ul>\n<li>Pele \u2013 por riqueza em vitamina e, com potente a\u00e7\u00e3o antioxidante, o consumo di\u00e1rio de semente de ab\u00f3bora pode ser um coadjuvante no combate ao envelhecimento precose n\u00e3o s\u00f3 da pele, como tamb\u00e9m das c\u00e9lulas de todo o organismo. \u00e9 uma boa op\u00e7\u00e3o para a pele pois pode suaviz\u00e1-la e umect\u00e1- la, previne manchas na pele.<\/li>\n<li>Queda de cabelo \u2013 auxilia no tratamento de queda de cabelo, combatendo o dht (di-hidrotestosteronas), que \u00e9 o horm\u00f4nio que penetra nos receptores dos fol\u00edculos pilosos(enfraquecimento e perda dos cabelos).<\/li>\n<li>Sa\u00fade dos olhos \u2013 ela tem vitamina a, o que ajuda a sa\u00fade dos olhos e previne doen\u00e7as dedegenera\u00e7\u00e3o macular<\/li>\n<li>Sa\u00fade do cora\u00e7\u00e3o \u2013 \u00e9 fonte de gorduras insaturadas (\u00f4mega 6 e \u00f4mega 9), que auxilia napreven\u00e7\u00e3o e controle de doen\u00e7as cardiovasculares. seu consumo auxilia na redu\u00e7\u00e3o do colesterol e triglic\u00e9rides.<\/li>\n<li>Sistema imunol\u00f3gico \u2013 como possui zinco, fortalece o sistema imunol\u00f3gico, o que faz as pessoas se sentirem mais dispostas e serem menos prop\u00edcias a adoecerem.<\/li>\n<li>Constipa\u00e7\u00e3o intestinal \u2013 possui grande teor de fibras, o que influencia no fluxo intestinal. combate a contra pris\u00e3o e elimina subst\u00e2ncias t\u00f3xicas do organismo.<\/li>\n<li>Verm\u00edfugo natural \u2013 devido a curcubitacina, presente na semente.<\/li>\n<li>Depress\u00e3o \u2013 o triptofano existente na semente de ab\u00f3bora \u00e9 diretamente relacionado ao bem estar, melhora o humor das pessoas e ajuda no combate a depress\u00e3o. ingredientes \u00f3leo de semente de ab\u00f3bora<\/li>\n<\/ul>","protected":false},"excerpt":{"rendered":"<p>O \u00f3leo de semente de ab\u00f3bora possui muitos nutrientes, muitas vitaminas, carotenoides, antioxidantes, cetoester\u00f3ides, prote\u00ednas e \u00e1cidos gordurosos, rica em cucurbitacina uma subst\u00e2ncia que tem propriedades anti-inflamat\u00f3rias, prevenindo doen\u00e7as na pr\u00f3stata e no trato urin\u00e1rio. benef\u00edcios e diferenciais: anti-inflamat\u00f3rio, vitamina A e fortalece o sistema imunol\u00f3gico. Informa\u00e7\u00f5es complementares Pele \u2013 por riqueza em vitamina e, [&hellip;]<\/p>\n","protected":false},"featured_media":5093,"comment_status":"open","ping_status":"closed","template":"","meta":{"_joinchat":[]},"product_brand":[],"product_cat":[18,19,16],"product_tag":[29,30,31,32,33,34,35],"class_list":{"0":"post-5062","1":"product","2":"type-product","3":"status-publish","4":"has-post-thumbnail","6":"product_cat-fitoterapicos","7":"product_cat-saude","8":"product_cat-suplementos","9":"product_tag-abobora","10":"product_tag-anti-inflamatorio","11":"product_tag-oleo","12":"product_tag-oleo-de-abobora","13":"product_tag-oleo-de-semente","14":"product_tag-vitamina-a","15":"product_tag-vitamina-e","17":"first","18":"outofstock","19":"sale","20":"shipping-taxable","21":"purchasable","22":"product-type-simple"},"jetpack_sharing_enabled":true,"_links":{"self":[{"href":"https:\/\/terapiaativa.com.br\/en\/wp-json\/wp\/v2\/product\/5062","targetHints":{"allow":["GET"]}}],"collection":[{"href":"https:\/\/terapiaativa.com.br\/en\/wp-json\/wp\/v2\/product"}],"about":[{"href":"https:\/\/terapiaativa.com.br\/en\/wp-json\/wp\/v2\/types\/product"}],"replies":[{"embeddable":true,"href":"https:\/\/terapiaativa.com.br\/en\/wp-json\/wp\/v2\/comments?post=5062"}],"wp:featuredmedia":[{"embeddable":true,"href":"https:\/\/terapiaativa.com.br\/en\/wp-json\/wp\/v2\/media\/5093"}],"wp:attachment":[{"href":"https:\/\/terapiaativa.com.br\/en\/wp-json\/wp\/v2\/media?parent=5062"}],"wp:term":[{"taxonomy":"product_brand","embeddable":true,"href":"https:\/\/terapiaativa.com.br\/en\/wp-json\/wp\/v2\/product_brand?post=5062"},{"taxonomy":"product_cat","embeddable":true,"href":"https:\/\/terapiaativa.com.br\/en\/wp-json\/wp\/v2\/product_cat?post=5062"},{"taxonomy":"product_tag","embeddable":true,"href":"https:\/\/terapiaativa.com.br\/en\/wp-json\/wp\/v2\/product_tag?post=5062"}],"curies":[{"name":"wp","href":"https:\/\/api.w.org\/{rel}","templated":true}]}}