{"id":6,"date":"2022-11-30T11:52:02","date_gmt":"2022-11-30T11:52:02","guid":{"rendered":"https:\/\/terapiaativa.com.br\/loja\/"},"modified":"2024-10-19T14:26:36","modified_gmt":"2024-10-19T14:26:36","slug":"loja","status":"publish","type":"page","link":"https:\/\/terapiaativa.com.br\/en\/loja\/","title":{"rendered":"Loja"},"content":{"rendered":"","protected":false},"excerpt":{"rendered":"<p>Descubra a maior variedade de produtos naturais para o seu bem-estar em nossa loja online. Encontre ch\u00e1s, suplementos, \u00f3leos essenciais e muito mais. Entrega r\u00e1pida e segura para todo o Brasil. Produtos naturais online, loja de produtos naturais, comprar produtos naturais, suplementos naturais, ch\u00e1s medicinais, \u00f3leos essenciais, bem-estar, sa\u00fade, vida natural, loja virtual, e-commerce.<\/p>","protected":false},"author":4,"featured_media":0,"parent":0,"menu_order":0,"comment_status":"closed","ping_status":"closed","template":"","meta":{"_joinchat":[],"footnotes":""},"class_list":["post-6","page","type-page","status-publish","hentry"],"jetpack_sharing_enabled":true,"_links":{"self":[{"href":"https:\/\/terapiaativa.com.br\/en\/wp-json\/wp\/v2\/pages\/6","targetHints":{"allow":["GET"]}}],"collection":[{"href":"https:\/\/terapiaativa.com.br\/en\/wp-json\/wp\/v2\/pages"}],"about":[{"href":"https:\/\/terapiaativa.com.br\/en\/wp-json\/wp\/v2\/types\/page"}],"author":[{"embeddable":true,"href":"https:\/\/terapiaativa.com.br\/en\/wp-json\/wp\/v2\/users\/4"}],"replies":[{"embeddable":true,"href":"https:\/\/terapiaativa.com.br\/en\/wp-json\/wp\/v2\/comments?post=6"}],"version-history":[{"count":0,"href":"https:\/\/terapiaativa.com.br\/en\/wp-json\/wp\/v2\/pages\/6\/revisions"}],"wp:attachment":[{"href":"https:\/\/terapiaativa.com.br\/en\/wp-json\/wp\/v2\/media?parent=6"}],"curies":[{"name":"wp","href":"https:\/\/api.w.org\/{rel}","templated":true}]}}